{"id":9927,"date":"2022-06-02T10:46:42","date_gmt":"2022-06-02T10:46:42","guid":{"rendered":"https:\/\/cm-fronteira.pt\/?page_id=9927"},"modified":"2023-10-31T18:06:41","modified_gmt":"2023-10-31T18:06:41","slug":"queimas-e-queimadas","status":"publish","type":"page","link":"https:\/\/cm-fronteira.pt\/zh\/servicos\/comunicacao-de-ocorrencias\/queimas-e-queimadas\/","title":{"rendered":"Queimas e Queimadas"},"content":{"rendered":"<p style=\"text-align: justify;\">&#8220;O uso do fogo encontra-se associado a v\u00e1rias pr\u00e1ticas agr\u00edcolas e florestais, no entanto, s\u00e3o v\u00e1rios os casos em que estas atividades se descontrolam e originam grandes inc\u00eandios com graves consequ\u00eancias ecol\u00f3gicas e socioecon\u00f3micas. Cerca de 98% das ocorr\u00eancias em Portugal Continental t\u00eam causa humana. Assim, torna-se urgente uma altera\u00e7\u00e3o de comportamentos na sociedade de modo a que possam ser realizadas as mesmas pr\u00e1ticas, mas com um menor risco, ou seja, com uma menor probabilidade de originar inc\u00eandios rurais.&#8221;<\/p>\n<p>&nbsp;<\/p>\n<p><strong>Consulte o site oficial <a href=\"https:\/\/fogos.icnf.pt\/InfoQueimasQueimadas\/QUEIMASQUEIMADAS.aspx\" target=\"_blank\" rel=\"noopener\">Queimas e Queimadas<\/a> para <\/strong><strong>obter mais informa\u00e7\u00e3o.<\/strong><\/p>\n<p>&nbsp;<\/p>\n<p>&nbsp;<\/p>\n","protected":false},"excerpt":{"rendered":"<p>&#8220;O uso do fogo encontra-se associado a v\u00e1rias pr\u00e1 [&hellip;]<\/p>\n","protected":false},"author":5,"featured_media":0,"parent":8376,"menu_order":0,"comment_status":"closed","ping_status":"closed","template":"templates-map\/component-text-layout1.php","meta":{"_acf_changed":false,"_exactmetrics_skip_tracking":false,"_exactmetrics_sitenote_active":false,"_exactmetrics_sitenote_note":"","_exactmetrics_sitenote_category":0,"footnotes":""},"categories":[1],"class_list":["post-9927","page","type-page","status-publish","hentry","category-sem-categoria"],"acf":[],"_links":{"self":[{"href":"https:\/\/cm-fronteira.pt\/zh\/wp-json\/wp\/v2\/pages\/9927","targetHints":{"allow":["GET"]}}],"collection":[{"href":"https:\/\/cm-fronteira.pt\/zh\/wp-json\/wp\/v2\/pages"}],"about":[{"href":"https:\/\/cm-fronteira.pt\/zh\/wp-json\/wp\/v2\/types\/page"}],"author":[{"embeddable":true,"href":"https:\/\/cm-fronteira.pt\/zh\/wp-json\/wp\/v2\/users\/5"}],"replies":[{"embeddable":true,"href":"https:\/\/cm-fronteira.pt\/zh\/wp-json\/wp\/v2\/comments?post=9927"}],"version-history":[{"count":7,"href":"https:\/\/cm-fronteira.pt\/zh\/wp-json\/wp\/v2\/pages\/9927\/revisions"}],"predecessor-version":[{"id":12846,"href":"https:\/\/cm-fronteira.pt\/zh\/wp-json\/wp\/v2\/pages\/9927\/revisions\/12846"}],"up":[{"embeddable":true,"href":"https:\/\/cm-fronteira.pt\/zh\/wp-json\/wp\/v2\/pages\/8376"}],"wp:attachment":[{"href":"https:\/\/cm-fronteira.pt\/zh\/wp-json\/wp\/v2\/media?parent=9927"}],"wp:term":[{"taxonomy":"category","embeddable":true,"href":"https:\/\/cm-fronteira.pt\/zh\/wp-json\/wp\/v2\/categories?post=9927"}],"curies":[{"name":"wp","href":"https:\/\/api.w.org\/{rel}","templated":true}]}}