{"id":601,"date":"2020-10-28T15:41:21","date_gmt":"2020-10-28T15:41:21","guid":{"rendered":"https:\/\/cm-fronteira.pt\/?page_id=601"},"modified":"2023-10-31T18:06:19","modified_gmt":"2023-10-31T18:06:19","slug":"cabeco-de-vide","status":"publish","type":"page","link":"https:\/\/cm-fronteira.pt\/zh\/municipio\/juntas-de-freguesia\/cabeco-de-vide\/","title":{"rendered":"Cabe\u00e7o de Vide"},"content":{"rendered":"<p><img decoding=\"async\" class=\"alignnone size-full wp-image-4708\" src=\"https:\/\/cm-fronteira.pt\/wp-content\/uploads\/2021\/02\/cabecovide.png\" alt=\"\" width=\"235\" height=\"247\" srcset=\"https:\/\/cm-fronteira.pt\/wp-content\/uploads\/2021\/02\/cabecovide.png 235w, https:\/\/cm-fronteira.pt\/wp-content\/uploads\/2021\/02\/cabecovide-220x230.png 220w\" sizes=\"(max-width: 235px) 100vw, 235px\" \/><\/p>\n<p><strong>Morada:<\/strong><br \/>\nAvenida da Liberta\u00e7\u00e3o, 45 D<br \/>\n7460-002 Cabe\u00e7o de Vide<\/p>\n<p><strong>Contactos:<\/strong><br \/>\nTelefone: 245 634 206<br \/>\nFax: 245 634 444<\/p>\n<p><strong>E-Mail:<\/strong> \u00a0<a href=\"mailto:jfreg.cabecodevide@mail.telepac.pt\">jfreg.cabecodevide@mail.telepac.pt<\/a><\/p>\n<p><strong>Site:<\/strong> <a href=\"http:\/\/www.jfcabecodevide.pt\" target=\"_blank\" rel=\"noopener\">www.jfcabecodevide.pt<\/a><\/p>\n","protected":false},"excerpt":{"rendered":"<p>Morada: Avenida da Liberta\u00e7\u00e3o, 45 D 7460-002 Cabe\u00e7o de  [&hellip;]<\/p>\n","protected":false},"author":13,"featured_media":0,"parent":597,"menu_order":0,"comment_status":"closed","ping_status":"closed","template":"templates-map\/component-text-list-layout2.php","meta":{"_acf_changed":false,"_exactmetrics_skip_tracking":false,"_exactmetrics_sitenote_active":false,"_exactmetrics_sitenote_note":"","_exactmetrics_sitenote_category":0,"footnotes":""},"categories":[],"class_list":["post-601","page","type-page","status-publish","hentry"],"acf":[],"_links":{"self":[{"href":"https:\/\/cm-fronteira.pt\/zh\/wp-json\/wp\/v2\/pages\/601","targetHints":{"allow":["GET"]}}],"collection":[{"href":"https:\/\/cm-fronteira.pt\/zh\/wp-json\/wp\/v2\/pages"}],"about":[{"href":"https:\/\/cm-fronteira.pt\/zh\/wp-json\/wp\/v2\/types\/page"}],"author":[{"embeddable":true,"href":"https:\/\/cm-fronteira.pt\/zh\/wp-json\/wp\/v2\/users\/13"}],"replies":[{"embeddable":true,"href":"https:\/\/cm-fronteira.pt\/zh\/wp-json\/wp\/v2\/comments?post=601"}],"version-history":[{"count":6,"href":"https:\/\/cm-fronteira.pt\/zh\/wp-json\/wp\/v2\/pages\/601\/revisions"}],"predecessor-version":[{"id":12751,"href":"https:\/\/cm-fronteira.pt\/zh\/wp-json\/wp\/v2\/pages\/601\/revisions\/12751"}],"up":[{"embeddable":true,"href":"https:\/\/cm-fronteira.pt\/zh\/wp-json\/wp\/v2\/pages\/597"}],"wp:attachment":[{"href":"https:\/\/cm-fronteira.pt\/zh\/wp-json\/wp\/v2\/media?parent=601"}],"wp:term":[{"taxonomy":"category","embeddable":true,"href":"https:\/\/cm-fronteira.pt\/zh\/wp-json\/wp\/v2\/categories?post=601"}],"curies":[{"name":"wp","href":"https:\/\/api.w.org\/{rel}","templated":true}]}}