{"id":533,"date":"2020-10-28T15:31:06","date_gmt":"2020-10-28T15:31:06","guid":{"rendered":"https:\/\/cm-fronteira.pt\/?page_id=533"},"modified":"2023-10-31T18:06:15","modified_gmt":"2023-10-31T18:06:15","slug":"transparencia-municipal","status":"publish","type":"page","link":"https:\/\/cm-fronteira.pt\/zh\/municipio\/camara-municipal\/transparencia-municipal\/","title":{"rendered":"Transpar\u00eancia Municipal"},"content":{"rendered":"<p>Os Dirigentes e Trabalhadores da C\u00e2mara Municipal de Fronteira regem a sua conduta pela Carta \u00c9tica \u2013 Dez princ\u00edpios da\u00a0<a href=\"https:\/\/www.dgaep.gov.pt\/index.cfm?OBJID=bd3a4a45-982b-433c-aefa-bd311ee64f28\" target=\"_blank\" rel=\"noopener noreferrer\">Administra\u00e7\u00e3o P\u00fablica<\/a>\u00a0a qual tamb\u00e9m serve de refer\u00eancia para os restantes colaboradores.<\/p>\n<p>Segundo o preconizado neste documento, os seus trabalhadores encontram-se ao servi\u00e7o exclusivo da comunidade e dos cidad\u00e3os, prevalecendo sempre o interesse p\u00fablico sobre os interesses particulares ou de grupo<\/p>\n<p>&nbsp;<\/p>\n<p><a href=\"https:\/\/cm-fronteira.pt\/?listas_ficheiros=plano-de-prevencao-de-riscos-de-gestao\">Plano de Preven\u00e7\u00e3o de Riscos de Gest\u00e3o<\/a><\/p>\n<p><a href=\"https:\/\/cm-fronteira.pt\/wp-content\/uploads\/2021\/02\/relatorio-sobre-volume-e-tipo-de-reclamaes-1.pdf\" target=\"_blank\" rel=\"noopener noreferrer\">Gest\u00e3o de Reclama\u00e7\u00f5es<\/a><\/p>\n","protected":false},"excerpt":{"rendered":"<p>Os Dirigentes e Trabalhadores da C\u00e2mara Municipal de Fr [&hellip;]<\/p>\n","protected":false},"author":13,"featured_media":0,"parent":508,"menu_order":0,"comment_status":"closed","ping_status":"closed","template":"templates-map\/component-transparency-index-layout1.php","meta":{"_acf_changed":false,"_exactmetrics_skip_tracking":false,"_exactmetrics_sitenote_active":false,"_exactmetrics_sitenote_note":"","_exactmetrics_sitenote_category":0,"footnotes":""},"categories":[],"class_list":["post-533","page","type-page","status-publish","hentry"],"acf":[],"_links":{"self":[{"href":"https:\/\/cm-fronteira.pt\/zh\/wp-json\/wp\/v2\/pages\/533","targetHints":{"allow":["GET"]}}],"collection":[{"href":"https:\/\/cm-fronteira.pt\/zh\/wp-json\/wp\/v2\/pages"}],"about":[{"href":"https:\/\/cm-fronteira.pt\/zh\/wp-json\/wp\/v2\/types\/page"}],"author":[{"embeddable":true,"href":"https:\/\/cm-fronteira.pt\/zh\/wp-json\/wp\/v2\/users\/13"}],"replies":[{"embeddable":true,"href":"https:\/\/cm-fronteira.pt\/zh\/wp-json\/wp\/v2\/comments?post=533"}],"version-history":[{"count":23,"href":"https:\/\/cm-fronteira.pt\/zh\/wp-json\/wp\/v2\/pages\/533\/revisions"}],"predecessor-version":[{"id":12736,"href":"https:\/\/cm-fronteira.pt\/zh\/wp-json\/wp\/v2\/pages\/533\/revisions\/12736"}],"up":[{"embeddable":true,"href":"https:\/\/cm-fronteira.pt\/zh\/wp-json\/wp\/v2\/pages\/508"}],"wp:attachment":[{"href":"https:\/\/cm-fronteira.pt\/zh\/wp-json\/wp\/v2\/media?parent=533"}],"wp:term":[{"taxonomy":"category","embeddable":true,"href":"https:\/\/cm-fronteira.pt\/zh\/wp-json\/wp\/v2\/categories?post=533"}],"curies":[{"name":"wp","href":"https:\/\/api.w.org\/{rel}","templated":true}]}}