{"id":17236,"date":"2024-06-26T10:21:21","date_gmt":"2024-06-26T10:21:21","guid":{"rendered":"https:\/\/cm-fronteira.pt\/?page_id=17236"},"modified":"2024-09-13T10:17:59","modified_gmt":"2024-09-13T10:17:59","slug":"2024-contratacao-publica","status":"publish","type":"page","link":"https:\/\/cm-fronteira.pt\/zh\/atividade-municipal\/financas-municipais\/contratacao-publica\/2024-contratacao-publica\/","title":{"rendered":"(Portugu\u00eas) 2024 \/ Contrata\u00e7\u00e3o P\u00fablica"},"content":{"rendered":"<p class=\"qtranxs-available-languages-message qtranxs-available-languages-message-zh\">\u5bf9\u4e0d\u8d77\uff0c\u6b64\u5185\u5bb9\u53ea\u9002\u7528\u4e8e<a href=\"https:\/\/cm-fronteira.pt\/pt\/wp-json\/wp\/v2\/pages\/17236\" class=\"qtranxs-available-language-link qtranxs-available-language-link-pt\" title=\"Portugu\u00eas\">Portugu\u00eas<\/a>\u3002<\/p>","protected":false},"excerpt":{"rendered":"<p>\u5bf9\u4e0d\u8d77\uff0c\u6b64\u5185\u5bb9\u53ea\u9002\u7528\u4e8ePortugu\u00eas\u3002<\/p>\n","protected":false},"author":5,"featured_media":0,"parent":3987,"menu_order":0,"comment_status":"closed","ping_status":"closed","template":"templates-map\/component-text-list-layout2.php","meta":{"_acf_changed":false,"_exactmetrics_skip_tracking":false,"_exactmetrics_sitenote_active":false,"_exactmetrics_sitenote_note":"","_exactmetrics_sitenote_category":0,"footnotes":""},"categories":[1],"class_list":["post-17236","page","type-page","status-publish","hentry","category-sem-categoria"],"acf":[],"_links":{"self":[{"href":"https:\/\/cm-fronteira.pt\/zh\/wp-json\/wp\/v2\/pages\/17236","targetHints":{"allow":["GET"]}}],"collection":[{"href":"https:\/\/cm-fronteira.pt\/zh\/wp-json\/wp\/v2\/pages"}],"about":[{"href":"https:\/\/cm-fronteira.pt\/zh\/wp-json\/wp\/v2\/types\/page"}],"author":[{"embeddable":true,"href":"https:\/\/cm-fronteira.pt\/zh\/wp-json\/wp\/v2\/users\/5"}],"replies":[{"embeddable":true,"href":"https:\/\/cm-fronteira.pt\/zh\/wp-json\/wp\/v2\/comments?post=17236"}],"version-history":[{"count":8,"href":"https:\/\/cm-fronteira.pt\/zh\/wp-json\/wp\/v2\/pages\/17236\/revisions"}],"predecessor-version":[{"id":17660,"href":"https:\/\/cm-fronteira.pt\/zh\/wp-json\/wp\/v2\/pages\/17236\/revisions\/17660"}],"up":[{"embeddable":true,"href":"https:\/\/cm-fronteira.pt\/zh\/wp-json\/wp\/v2\/pages\/3987"}],"wp:attachment":[{"href":"https:\/\/cm-fronteira.pt\/zh\/wp-json\/wp\/v2\/media?parent=17236"}],"wp:term":[{"taxonomy":"category","embeddable":true,"href":"https:\/\/cm-fronteira.pt\/zh\/wp-json\/wp\/v2\/categories?post=17236"}],"curies":[{"name":"wp","href":"https:\/\/api.w.org\/{rel}","templated":true}]}}