{"id":9925,"date":"2022-06-02T10:45:35","date_gmt":"2022-06-02T10:45:35","guid":{"rendered":"https:\/\/cm-fronteira.pt\/?page_id=9925"},"modified":"2023-10-31T18:06:40","modified_gmt":"2023-10-31T18:06:40","slug":"stop-vespa","status":"publish","type":"page","link":"https:\/\/cm-fronteira.pt\/pt\/servicos\/comunicacao-de-ocorrencias\/stop-vespa\/","title":{"rendered":"STOP Vespa"},"content":{"rendered":"<p style=\"text-align: justify;\">&#8220;A ferramenta <strong>STOP<em>vespa<\/em><\/strong>\u00a0visa apoiar a identifica\u00e7\u00e3o e o controlo da vespa asi\u00e1tica (<em>Vespa velutina<\/em>) em Portugal Continental. Atrav\u00e9s da georreferencia\u00e7\u00e3o\u00a0<em>online<\/em> dos avistamentos e dos ninhos desta esp\u00e9cie ex\u00f3tica invasora, esta ferramenta contribui para a comunica\u00e7\u00e3o entre a popula\u00e7\u00e3o, os t\u00e9cnicos dos munic\u00edpios e a administra\u00e7\u00e3o central, bem como para o apoio \u00e0 gest\u00e3o desta problem\u00e1tica e \u00e0 tomada de decis\u00e3o.&#8221;<\/p>\n<p>&nbsp;<\/p>\n<p><strong>Consulte o site oficial <a href=\"https:\/\/stopvespa.icnf.pt\/\" target=\"_blank\" rel=\"noopener\">www.stopvespa.icnf.pt<\/a> <\/strong><strong>onde pode obter mais informa\u00e7\u00e3o acerca do P<em>lano de A\u00e7\u00e3o, Ficha de Esp\u00e9cies e Ficha de Ninhos.<\/em><\/strong><\/p>\n","protected":false},"excerpt":{"rendered":"<p>&#8220;A ferramenta STOPvespa\u00a0visa apoiar a identifica\u00e7\u00e3o e o controlo da vespa asi\u00e1tica (Vespa velutina) em Portugal Continental. Atrav\u00e9s da georreferencia\u00e7\u00e3o\u00a0online dos avistamentos e dos ninhos desta esp\u00e9cie ex\u00f3tica invasora, esta ferramenta contribui para a comunica\u00e7\u00e3o entre a popula\u00e7\u00e3o, os t\u00e9cnicos dos munic\u00edpios e a administra\u00e7\u00e3o central, bem como para o apoio \u00e0 gest\u00e3o desta problem\u00e1tica [&hellip;]<\/p>\n","protected":false},"author":5,"featured_media":0,"parent":8376,"menu_order":0,"comment_status":"closed","ping_status":"closed","template":"templates-map\/component-text-layout1.php","meta":{"_acf_changed":false,"_exactmetrics_skip_tracking":false,"_exactmetrics_sitenote_active":false,"_exactmetrics_sitenote_note":"","_exactmetrics_sitenote_category":0,"footnotes":""},"categories":[1],"class_list":["post-9925","page","type-page","status-publish","hentry","category-sem-categoria"],"acf":[],"_links":{"self":[{"href":"https:\/\/cm-fronteira.pt\/pt\/wp-json\/wp\/v2\/pages\/9925","targetHints":{"allow":["GET"]}}],"collection":[{"href":"https:\/\/cm-fronteira.pt\/pt\/wp-json\/wp\/v2\/pages"}],"about":[{"href":"https:\/\/cm-fronteira.pt\/pt\/wp-json\/wp\/v2\/types\/page"}],"author":[{"embeddable":true,"href":"https:\/\/cm-fronteira.pt\/pt\/wp-json\/wp\/v2\/users\/5"}],"replies":[{"embeddable":true,"href":"https:\/\/cm-fronteira.pt\/pt\/wp-json\/wp\/v2\/comments?post=9925"}],"version-history":[{"count":10,"href":"https:\/\/cm-fronteira.pt\/pt\/wp-json\/wp\/v2\/pages\/9925\/revisions"}],"predecessor-version":[{"id":12845,"href":"https:\/\/cm-fronteira.pt\/pt\/wp-json\/wp\/v2\/pages\/9925\/revisions\/12845"}],"up":[{"embeddable":true,"href":"https:\/\/cm-fronteira.pt\/pt\/wp-json\/wp\/v2\/pages\/8376"}],"wp:attachment":[{"href":"https:\/\/cm-fronteira.pt\/pt\/wp-json\/wp\/v2\/media?parent=9925"}],"wp:term":[{"taxonomy":"category","embeddable":true,"href":"https:\/\/cm-fronteira.pt\/pt\/wp-json\/wp\/v2\/categories?post=9925"}],"curies":[{"name":"wp","href":"https:\/\/api.w.org\/{rel}","templated":true}]}}