{"id":9574,"date":"2022-04-20T15:35:18","date_gmt":"2022-04-20T15:35:18","guid":{"rendered":"https:\/\/cm-fronteira.pt\/?page_id=9574"},"modified":"2023-10-31T18:06:40","modified_gmt":"2023-10-31T18:06:40","slug":"servico-de-atendimento-e-acompanhamento-social-saas","status":"publish","type":"page","link":"https:\/\/cm-fronteira.pt\/pt\/atividade-municipal\/acao-social-e-saude\/servico-de-atendimento-e-acompanhamento-social-saas\/","title":{"rendered":"Servi\u00e7o de Atendimento e Acompanhamento Social (SAAS)"},"content":{"rendered":"<div class=\"article_list_text_size\">\n<p>&nbsp;<\/p>\n<p style=\"text-align: justify;\"><strong>O que \u00e9 o SAAS?<\/strong><\/p>\n<p style=\"text-align: justify;\">Servi\u00e7o de Atendimento e Acompanhamento Social, consiste num atendimento de primeira linha que responde eficazmente \u00e0s situa\u00e7\u00f5es de crise e\/ou de emerg\u00eancia social, bem como num acompanhamento social destinado a assegurar o apoio t\u00e9cnico, tendo em vista a preven\u00e7\u00e3o e resolu\u00e7\u00e3o de problemas sociais.<\/p>\n<p>&nbsp;<\/p>\n<p style=\"text-align: justify;\"><strong>Princ\u00edpios Orientadores<\/strong><\/p>\n<p style=\"text-align: justify;\">\u2022 Promo\u00e7\u00e3o da inser\u00e7\u00e3o social e comunit\u00e1ria,<br \/>\n\u2022 Contratualiza\u00e7\u00e3o para a inser\u00e7\u00e3o, como instrumento mobilizador da corresponsabiliza\u00e7\u00e3o dos diferentes intervenientes;<br \/>\n\u2022 Personaliza\u00e7\u00e3o, seletividade e flexibilidade dos apoios sociais;<br \/>\n\u2022 Interven\u00e7\u00e3o priorit\u00e1ria das entidades mais pr\u00f3ximas dos cidad\u00e3os;<br \/>\n\u2022 Valoriza\u00e7\u00e3o das parcerias para uma atua\u00e7\u00e3o integrada;<br \/>\n\u2022 Interven\u00e7\u00e3o m\u00ednima, imediata e oportuna.<\/p>\n<p>&nbsp;<\/p>\n<p style=\"text-align: justify;\"><strong>Objetivos<\/strong><\/p>\n<p style=\"text-align: justify;\">\u2022 Informar, aconselhar e encaminhar para respostas, servi\u00e7os ou presta\u00e7\u00f5es sociais adequados a cada situa\u00e7\u00e3o;<br \/>\n\u2022 Apoiar em situa\u00e7\u00f5es de vulnerabilidade social;<br \/>\n\u2022 Prevenir situa\u00e7\u00f5es de pobreza e exclus\u00e3o social;<br \/>\n\u2022 Contribuir para a aquisi\u00e7\u00e3o e ou fortalecimento das compet\u00eancias das pessoas e fam\u00edlias, promovendo a sua autonomia e fortalecendo as redes de suporte familiar e social;<br \/>\n\u2022 Assegurar o acompanhamento social no percurso de inser\u00e7\u00e3o social;<br \/>\n\u2022 Mobilizar os recursos da comunidade adequados \u00e0 progressiva autonomia pessoal, social e profissional<\/p>\n<p>&nbsp;<\/p>\n<p style=\"text-align: justify;\"><strong>Atividades<\/strong><\/p>\n<p style=\"text-align: justify;\">\u2022 Atendimento, informa\u00e7\u00e3o e orienta\u00e7\u00e3o da pessoa e fam\u00edlia, tendo em conta os seus direitos, deveres e responsabilidades, bem como dos servi\u00e7os adequados \u00e0 situa\u00e7\u00e3o e respetivo encaminhamento;<br \/>\n\u2022 Acompanhamento e apoio t\u00e9cnico, tendo em vista a preven\u00e7\u00e3o e resolu\u00e7\u00e3o de problemas sociais de cada pessoa e fam\u00edlia;<br \/>\n\u2022 Informa\u00e7\u00e3o detalhada sobre a forma de acesso a recursos, equipamentos e servi\u00e7os sociais que permitam \u00e0s pessoas e fam\u00edlias o exerc\u00edcio dos direitos de cidadania e participa\u00e7\u00e3o social;<br \/>\n\u2022 Atribui\u00e7\u00e3o de presta\u00e7\u00f5es de car\u00e1cter eventual com o objetivo de colmatar situa\u00e7\u00f5es de emerg\u00eancia social e de comprovada car\u00eancia econ\u00f3mica;<br \/>\n\u2022 Planeamento e organiza\u00e7\u00e3o da interven\u00e7\u00e3o social;<br \/>\n\u2022 Contratualiza\u00e7\u00e3o no \u00e2mbito da interven\u00e7\u00e3o social;<br \/>\n\u2022 Coordena\u00e7\u00e3o e avalia\u00e7\u00e3o da execu\u00e7\u00e3o das a\u00e7\u00f5es contratualizadas.<br \/>\n\u2022 Celebra\u00e7\u00e3o e acompanhamento dos contratos de inser\u00e7\u00e3o no \u00e2mbito da presta\u00e7\u00e3o RSI<\/p>\n<p>&nbsp;<\/p>\n<p style=\"text-align: justify;\"><strong>Destinat\u00e1rios<\/strong><\/p>\n<p style=\"text-align: justify;\">Pessoas e fam\u00edlias em situa\u00e7\u00e3o de vulnerabilidade e exclus\u00e3o social, incluindo benefici\u00e1rios de RSI, bem como em situa\u00e7\u00e3o de emerg\u00eancia social.<\/p>\n<p>&nbsp;<\/p>\n<p style=\"text-align: justify;\"><strong>Equipa T\u00e9cnica<\/strong><\/p>\n<p style=\"text-align: justify;\">&#8211; Coordenadora<br \/>\n&#8211; 2 T\u00e9cnicas de SAAS<\/p>\n<p>&nbsp;<\/p>\n<p style=\"text-align: justify;\"><strong>Local e Hor\u00e1rio de Funcionamento<\/strong><\/p>\n<p style=\"text-align: justify;\">C\u00e2mara Municipal de Fronteira<br \/>\nPra\u00e7a do Munic\u00edpio,\u00a07460-110 Fronteira<\/p>\n<p style=\"text-align: justify;\">9:00h \u00e1s 13:00h \/\u00a014:00h \u00e1s 16:00h<\/p>\n<p>&nbsp;<\/p>\n<p style=\"text-align: justify;\"><strong>Contactos<\/strong><\/p>\n<p style=\"text-align: justify;\">TEL: 245 600 080<br \/>\nE-MAIL:\u00a0<a href=\"mailto:acao.social@cm-fronteira.pt\">acao.social@cm-fronteira.pt<\/a><\/p>\n<\/div>\n","protected":false},"excerpt":{"rendered":"<p>&nbsp; O que \u00e9 o SAAS? Servi\u00e7o de Atendimento e Acompanhamento Social, consiste num atendimento de primeira linha que responde eficazmente \u00e0s situa\u00e7\u00f5es de crise e\/ou de emerg\u00eancia social, bem como num acompanhamento social destinado a assegurar o apoio t\u00e9cnico, tendo em vista a preven\u00e7\u00e3o e resolu\u00e7\u00e3o de problemas sociais. &nbsp; Princ\u00edpios Orientadores \u2022 Promo\u00e7\u00e3o [&hellip;]<\/p>\n","protected":false},"author":5,"featured_media":0,"parent":729,"menu_order":0,"comment_status":"closed","ping_status":"closed","template":"templates-map\/component-text-layout1.php","meta":{"_acf_changed":false,"_exactmetrics_skip_tracking":false,"_exactmetrics_sitenote_active":false,"_exactmetrics_sitenote_note":"","_exactmetrics_sitenote_category":0,"footnotes":""},"categories":[],"class_list":["post-9574","page","type-page","status-publish","hentry"],"acf":[],"_links":{"self":[{"href":"https:\/\/cm-fronteira.pt\/pt\/wp-json\/wp\/v2\/pages\/9574","targetHints":{"allow":["GET"]}}],"collection":[{"href":"https:\/\/cm-fronteira.pt\/pt\/wp-json\/wp\/v2\/pages"}],"about":[{"href":"https:\/\/cm-fronteira.pt\/pt\/wp-json\/wp\/v2\/types\/page"}],"author":[{"embeddable":true,"href":"https:\/\/cm-fronteira.pt\/pt\/wp-json\/wp\/v2\/users\/5"}],"replies":[{"embeddable":true,"href":"https:\/\/cm-fronteira.pt\/pt\/wp-json\/wp\/v2\/comments?post=9574"}],"version-history":[{"count":8,"href":"https:\/\/cm-fronteira.pt\/pt\/wp-json\/wp\/v2\/pages\/9574\/revisions"}],"predecessor-version":[{"id":12844,"href":"https:\/\/cm-fronteira.pt\/pt\/wp-json\/wp\/v2\/pages\/9574\/revisions\/12844"}],"up":[{"embeddable":true,"href":"https:\/\/cm-fronteira.pt\/pt\/wp-json\/wp\/v2\/pages\/729"}],"wp:attachment":[{"href":"https:\/\/cm-fronteira.pt\/pt\/wp-json\/wp\/v2\/media?parent=9574"}],"wp:term":[{"taxonomy":"category","embeddable":true,"href":"https:\/\/cm-fronteira.pt\/pt\/wp-json\/wp\/v2\/categories?post=9574"}],"curies":[{"name":"wp","href":"https:\/\/api.w.org\/{rel}","templated":true}]}}