{"id":9324,"date":"2022-02-17T16:40:37","date_gmt":"2022-02-17T16:40:37","guid":{"rendered":"https:\/\/cm-fronteira.pt\/?page_id=9324"},"modified":"2023-10-31T18:06:40","modified_gmt":"2023-10-31T18:06:40","slug":"revisao-do-plano-diretor-municipal-pdm","status":"publish","type":"page","link":"https:\/\/cm-fronteira.pt\/pt\/atividade-municipal\/gestao-territorial-e-urbanismo\/ordenamento-do-territorio\/revisao-do-plano-diretor-municipal-pdm\/","title":{"rendered":"Revis\u00e3o do Plano Diretor Municipal (PDM)"},"content":{"rendered":"<p>&nbsp;<\/p>\n<h4><a href=\"https:\/\/cm-fronteira.pt\/wp-content\/uploads\/2022\/02\/PDM_Etapa-Procedimento.png\"><img decoding=\"async\" class=\"alignleft wp-image-9352 size-large\" src=\"https:\/\/cm-fronteira.pt\/wp-content\/uploads\/2022\/02\/PDM_Etapa-Procedimento-1024x174.png\" alt=\"\" width=\"1024\" height=\"174\" srcset=\"https:\/\/cm-fronteira.pt\/wp-content\/uploads\/2022\/02\/PDM_Etapa-Procedimento-1024x174.png 1024w, https:\/\/cm-fronteira.pt\/wp-content\/uploads\/2022\/02\/PDM_Etapa-Procedimento-300x51.png 300w, https:\/\/cm-fronteira.pt\/wp-content\/uploads\/2022\/02\/PDM_Etapa-Procedimento-768x130.png 768w, https:\/\/cm-fronteira.pt\/wp-content\/uploads\/2022\/02\/PDM_Etapa-Procedimento-1536x260.png 1536w, https:\/\/cm-fronteira.pt\/wp-content\/uploads\/2022\/02\/PDM_Etapa-Procedimento-1320x224.png 1320w, https:\/\/cm-fronteira.pt\/wp-content\/uploads\/2022\/02\/PDM_Etapa-Procedimento.png 1870w\" sizes=\"(max-width: 1024px) 100vw, 1024px\" \/><\/a><\/h4>\n<h4><\/h4>\n<h4><\/h4>\n<h4><\/h4>\n<h4><\/h4>\n<h4><\/h4>\n<p>&nbsp;<\/p>\n<p><span style=\"color: #972621;\"><strong>2. PARTICIPA\u00c7\u00c3O P\u00daBLICA PREVENTIVA<\/strong><\/span><\/p>\n<p style=\"text-align: justify;\">Foi publicado em Di\u00e1rio da Rep\u00fablica a 07 de mar\u00e7o de 2022 o in\u00edcio do procedimento de revis\u00e3o do PDM de Fronteira e o per\u00edodo de participa\u00e7\u00e3o preventiva.<br \/>\nA documenta\u00e7\u00e3o relativa \u00e0 abertura do presente procedimento est\u00e1 dispon\u00edvel para consulta dos interessados no site e no Servi\u00e7o de Atendimento desta C\u00e2mara Municipal, sito na Pra\u00e7a do Munic\u00edpio, 7460-110 Fronteira, todos os dias \u00fateis no hor\u00e1rio normal de expediente.<br \/>\nNo decorrer do per\u00edodo de participa\u00e7\u00e3o os interessados poder\u00e3o formular por escrito sugest\u00f5es, em formul\u00e1rio pr\u00f3prio dispon\u00edvel na p\u00e1gina da internet do Munic\u00edpio www.cm-fronteira.pt, dirigidas ao Presidente da C\u00e2mara enviadas para Pra\u00e7a do Munic\u00edpio, 7460-110 Fronteira, ou entregues diretamente no servi\u00e7o de atendimento da C\u00e2mara Municipal, ou ainda por correio eletr\u00f3nico para\u00a0<a href=\"mailto:municipio@cm-fronteira.pt\">municipio@cm-fronteira.pt<\/a>.<br \/>\nNesta fase, as participa\u00e7\u00f5es recebidas em formul\u00e1rio pr\u00f3prio ser\u00e3o avaliadas e ponderadas durante o processo de revis\u00e3o do Plano.<\/p>\n<p>&nbsp;<\/p>\n<p><span style=\"color: #972621;\"><strong>1. DELIBERA\u00c7\u00c3O<\/strong><\/span><\/p>\n<p style=\"text-align: justify;\">Nos termos do estabelecido no artigo 76.\u00ba do Decreto-Lei n.\u00ba 80\/2015, de 14 de maio (Regime Jur\u00eddico dos Instrumentos de Gest\u00e3o Territorial &#8211; RJIGT), a C\u00e2mara Municipal de Fronteira, em reuni\u00e3o de 9 de fevereiro de 2022, deliberou por unanimidade proceder \u00e0 abertura do procedimento de Revis\u00e3o do Plano Diretor Municipal de Fronteira, que dever\u00e1 estar conclu\u00eddo at\u00e9 dezembro de 2022.<br \/>\nDe acordo com o estabelecido no n.\u00ba 2, do artigo 88.\u00ba, do RJIGT, a delibera\u00e7\u00e3o do executivo no presente procedimento inclui a abertura de um per\u00edodo de participa\u00e7\u00e3o p\u00fablica de 15 dias \u00fateis para a formula\u00e7\u00e3o de sugest\u00f5es e apresenta\u00e7\u00e3o de informa\u00e7\u00f5es sobre quaisquer quest\u00f5es que possam ser consideradas no procedimento, o qual tem in\u00edcio no dia seguinte \u00e0 publica\u00e7\u00e3o do aviso no Di\u00e1rio da Rep\u00fablica.<\/p>\n","protected":false},"excerpt":{"rendered":"<p>&nbsp; &nbsp; 2. PARTICIPA\u00c7\u00c3O P\u00daBLICA PREVENTIVA Foi publicado em Di\u00e1rio da Rep\u00fablica a 07 de mar\u00e7o de 2022 o in\u00edcio do procedimento de revis\u00e3o do PDM de Fronteira e o per\u00edodo de participa\u00e7\u00e3o preventiva. A documenta\u00e7\u00e3o relativa \u00e0 abertura do presente procedimento est\u00e1 dispon\u00edvel para consulta dos interessados no site e no Servi\u00e7o de Atendimento [&hellip;]<\/p>\n","protected":false},"author":5,"featured_media":0,"parent":9320,"menu_order":0,"comment_status":"closed","ping_status":"closed","template":"templates-map\/component-file-gallery-layout1.php","meta":{"_acf_changed":false,"_exactmetrics_skip_tracking":false,"_exactmetrics_sitenote_active":false,"_exactmetrics_sitenote_note":"","_exactmetrics_sitenote_category":0,"footnotes":""},"categories":[],"class_list":["post-9324","page","type-page","status-publish","hentry"],"acf":[],"_links":{"self":[{"href":"https:\/\/cm-fronteira.pt\/pt\/wp-json\/wp\/v2\/pages\/9324","targetHints":{"allow":["GET"]}}],"collection":[{"href":"https:\/\/cm-fronteira.pt\/pt\/wp-json\/wp\/v2\/pages"}],"about":[{"href":"https:\/\/cm-fronteira.pt\/pt\/wp-json\/wp\/v2\/types\/page"}],"author":[{"embeddable":true,"href":"https:\/\/cm-fronteira.pt\/pt\/wp-json\/wp\/v2\/users\/5"}],"replies":[{"embeddable":true,"href":"https:\/\/cm-fronteira.pt\/pt\/wp-json\/wp\/v2\/comments?post=9324"}],"version-history":[{"count":36,"href":"https:\/\/cm-fronteira.pt\/pt\/wp-json\/wp\/v2\/pages\/9324\/revisions"}],"predecessor-version":[{"id":12843,"href":"https:\/\/cm-fronteira.pt\/pt\/wp-json\/wp\/v2\/pages\/9324\/revisions\/12843"}],"up":[{"embeddable":true,"href":"https:\/\/cm-fronteira.pt\/pt\/wp-json\/wp\/v2\/pages\/9320"}],"wp:attachment":[{"href":"https:\/\/cm-fronteira.pt\/pt\/wp-json\/wp\/v2\/media?parent=9324"}],"wp:term":[{"taxonomy":"category","embeddable":true,"href":"https:\/\/cm-fronteira.pt\/pt\/wp-json\/wp\/v2\/categories?post=9324"}],"curies":[{"name":"wp","href":"https:\/\/api.w.org\/{rel}","templated":true}]}}