{"id":8625,"date":"2025-04-11T09:00:17","date_gmt":"2025-04-11T09:00:17","guid":{"rendered":"https:\/\/cm-fronteira.pt\/?page_id=8625"},"modified":"2025-11-14T16:04:06","modified_gmt":"2025-11-14T16:04:06","slug":"eleicoes-legislativas-2025","status":"publish","type":"page","link":"https:\/\/cm-fronteira.pt\/pt\/municipio\/eleicoes\/eleicoes-legislativas-2025\/","title":{"rendered":"Elei\u00e7\u00f5es Legislativas 2025"},"content":{"rendered":"<p><a href=\"https:\/\/cm-fronteira.pt\/wp-content\/uploads\/2025\/04\/destaque_Eleicoes-Legislativas-25.png\"><img decoding=\"async\" class=\"size-large wp-image-22024 alignnone\" src=\"https:\/\/cm-fronteira.pt\/wp-content\/uploads\/2025\/04\/destaque_Eleicoes-Legislativas-25-1024x347.png\" alt=\"\" width=\"1024\" height=\"347\" srcset=\"https:\/\/cm-fronteira.pt\/wp-content\/uploads\/2025\/04\/destaque_Eleicoes-Legislativas-25-1024x347.png 1024w, https:\/\/cm-fronteira.pt\/wp-content\/uploads\/2025\/04\/destaque_Eleicoes-Legislativas-25-300x102.png 300w, https:\/\/cm-fronteira.pt\/wp-content\/uploads\/2025\/04\/destaque_Eleicoes-Legislativas-25-768x260.png 768w, https:\/\/cm-fronteira.pt\/wp-content\/uploads\/2025\/04\/destaque_Eleicoes-Legislativas-25-1536x521.png 1536w, https:\/\/cm-fronteira.pt\/wp-content\/uploads\/2025\/04\/destaque_Eleicoes-Legislativas-25-2048x694.png 2048w, https:\/\/cm-fronteira.pt\/wp-content\/uploads\/2025\/04\/destaque_Eleicoes-Legislativas-25-1320x447.png 1320w\" sizes=\"(max-width: 1024px) 100vw, 1024px\" \/><\/a><\/p>\n<hr \/>\n<p style=\"text-align: justify\"><span style=\"color: #000000\">As\u00a0pr\u00f3ximas elei\u00e7\u00f5es legislativas portuguesas\u00a0ter\u00e3o lugar no dia <strong>18 de maio de 2025<\/strong> para eleger os membros da Assembleia da Rep\u00fablica.<\/span><\/p>\n<p>Para informa\u00e7\u00f5es adicionais, deve consultar o s\u00edtio oficial da <strong>Comiss\u00e3o Nacional de Elei\u00e7\u00f5es<\/strong> na Internet em <a href=\"http:\/\/www.cne.pt\" target=\"_blank\" rel=\"noopener\">www.cne.pt<\/a> ou contactar os servi\u00e7os desta Comiss\u00e3o atrav\u00e9s do n\u00famero de telefone <strong>213 923 800.<\/strong><\/p>","protected":false},"excerpt":{"rendered":"<p>As\u00a0pr\u00f3ximas elei\u00e7\u00f5es legislativas portuguesas\u00a0ter\u00e3o lugar no dia 18 de maio de 2025 para eleger os membros da Assembleia da Rep\u00fablica. Para informa\u00e7\u00f5es adicionais, deve consultar o s\u00edtio oficial da Comiss\u00e3o Nacional de Elei\u00e7\u00f5es na Internet em www.cne.pt ou contactar os servi\u00e7os desta Comiss\u00e3o atrav\u00e9s do n\u00famero de telefone 213 923 800.<\/p>\n","protected":false},"author":5,"featured_media":0,"parent":23123,"menu_order":0,"comment_status":"closed","ping_status":"closed","template":"templates-map\/component-text-list-layout2.php","meta":{"_acf_changed":false,"_exactmetrics_skip_tracking":false,"_exactmetrics_sitenote_active":false,"_exactmetrics_sitenote_note":"","_exactmetrics_sitenote_category":0,"footnotes":""},"categories":[],"class_list":["post-8625","page","type-page","status-publish","hentry"],"acf":[],"_links":{"self":[{"href":"https:\/\/cm-fronteira.pt\/pt\/wp-json\/wp\/v2\/pages\/8625","targetHints":{"allow":["GET"]}}],"collection":[{"href":"https:\/\/cm-fronteira.pt\/pt\/wp-json\/wp\/v2\/pages"}],"about":[{"href":"https:\/\/cm-fronteira.pt\/pt\/wp-json\/wp\/v2\/types\/page"}],"author":[{"embeddable":true,"href":"https:\/\/cm-fronteira.pt\/pt\/wp-json\/wp\/v2\/users\/5"}],"replies":[{"embeddable":true,"href":"https:\/\/cm-fronteira.pt\/pt\/wp-json\/wp\/v2\/comments?post=8625"}],"version-history":[{"count":38,"href":"https:\/\/cm-fronteira.pt\/pt\/wp-json\/wp\/v2\/pages\/8625\/revisions"}],"predecessor-version":[{"id":22074,"href":"https:\/\/cm-fronteira.pt\/pt\/wp-json\/wp\/v2\/pages\/8625\/revisions\/22074"}],"up":[{"embeddable":true,"href":"https:\/\/cm-fronteira.pt\/pt\/wp-json\/wp\/v2\/pages\/23123"}],"wp:attachment":[{"href":"https:\/\/cm-fronteira.pt\/pt\/wp-json\/wp\/v2\/media?parent=8625"}],"wp:term":[{"taxonomy":"category","embeddable":true,"href":"https:\/\/cm-fronteira.pt\/pt\/wp-json\/wp\/v2\/categories?post=8625"}],"curies":[{"name":"wp","href":"https:\/\/api.w.org\/{rel}","templated":true}]}}