{"id":7795,"date":"2021-04-29T13:59:45","date_gmt":"2021-04-29T13:59:45","guid":{"rendered":"https:\/\/cm-fronteira.pt\/?page_id=7795"},"modified":"2025-01-09T09:27:08","modified_gmt":"2025-01-09T09:27:08","slug":"pacos-do-concelho","status":"publish","type":"page","link":"https:\/\/cm-fronteira.pt\/pt\/lazer\/patrimonio\/pacos-do-concelho\/","title":{"rendered":"Pa\u00e7os do Concelho"},"content":{"rendered":"<p>&nbsp;<\/p>\n<p style=\"text-align: justify;\"><span style=\"font-family: Calibri, sans-serif;\">Bem pr\u00f3ximo do atual edif\u00edcio da C\u00e2mara Municipal, na Rua D. Francisco de Portugal, existe as antigas as antigas casas da C\u00e2mara, constru\u00eddas muito provavelmente no s\u00e9culo XVI, sofrendo ao longo da sua exist\u00eancia uma s\u00e9rie de destrui\u00e7\u00f5es pelos ex\u00e9rcitos castelhanos e ocupa\u00e7\u00e3o das tropas inglesas durante a Guerra da Restaura\u00e7\u00e3o. <\/span><\/p>\n<p style=\"text-align: justify;\"><span style=\"font-family: Calibri, sans-serif;\">Durante o s\u00e9c. XVIII, apesar de algumas repara\u00e7\u00f5es em situa\u00e7\u00e3o de constante dificuldade or\u00e7amental, as condi\u00e7\u00f5es de trabalho e funcionamento da C\u00e2mara eram pouco dignificantes o que levou, em 1831, \u00e0 venda das antigas casas e ao inicio da constru\u00e7\u00e3o do atual edif\u00edcio da C\u00e2mara.<\/span><\/p>\n<p style=\"text-align: justify;\"><span style=\"font-family: Calibri, sans-serif;\">A sua constru\u00e7\u00e3o viria a coincidir com um per\u00edodo de graves perturba\u00e7\u00f5es pol\u00edticas e sociais, que poriam em causa o ritmo das obras e a complexa escalada de trabalhos que traduziram em constrangimentos financeiros, mas gra\u00e7as ao empenho de figuras gradas da terra, foi poss\u00edvel a titulo gratuito ultrapassar este obst\u00e1culo. Somente em 27 de Maio de 1840 a C\u00e2mara reuniu pela primeira vez nas suas novas instala\u00e7\u00f5es apesar da obra s\u00f3 estar conclu\u00edda em Janeiro de 1841. <\/span><span style=\"font-family: Calibri, sans-serif;\">A pra\u00e7a do Munic\u00edpio \u00e9 contemplada pela sua liga\u00e7\u00e3o \u00e0 hist\u00f3ria atrav\u00e9s do Pelourinho e Torre do Rel\u00f3gio.<\/span><\/p>\n<p>&nbsp;<\/p>\n\n\t\t<style type=\"text\/css\">\n\t\t\t#gallery-1 {\n\t\t\t\tmargin: auto;\n\t\t\t}\n\t\t\t#gallery-1 .gallery-item {\n\t\t\t\tfloat: left;\n\t\t\t\tmargin-top: 10px;\n\t\t\t\ttext-align: center;\n\t\t\t\twidth: 33%;\n\t\t\t}\n\t\t\t#gallery-1 img {\n\t\t\t\tborder: 2px solid #cfcfcf;\n\t\t\t}\n\t\t\t#gallery-1 .gallery-caption {\n\t\t\t\tmargin-left: 0;\n\t\t\t}\n\t\t\t\/* see gallery_shortcode() in wp-includes\/media.php *\/\n\t\t<\/style>\n\t\t<div id='gallery-1' class='gallery galleryid-7795 gallery-columns-3 gallery-size-medium'><dl class='gallery-item'>\n\t\t\t<dt class='gallery-icon portrait'>\n\t\t\t\t<a href='https:\/\/cm-fronteira.pt\/wp-content\/uploads\/2025\/01\/pacos-do-concelho_site-2-e1632829472853_.jpg'><img decoding=\"async\" width=\"182\" height=\"300\" src=\"https:\/\/cm-fronteira.pt\/wp-content\/uploads\/2025\/01\/pacos-do-concelho_site-2-e1632829472853_-182x300.jpg\" class=\"attachment-medium size-medium\" alt=\"\" srcset=\"https:\/\/cm-fronteira.pt\/wp-content\/uploads\/2025\/01\/pacos-do-concelho_site-2-e1632829472853_-182x300.jpg 182w, https:\/\/cm-fronteira.pt\/wp-content\/uploads\/2025\/01\/pacos-do-concelho_site-2-e1632829472853_-621x1024.jpg 621w, https:\/\/cm-fronteira.pt\/wp-content\/uploads\/2025\/01\/pacos-do-concelho_site-2-e1632829472853_.jpg 693w\" sizes=\"(max-width: 182px) 100vw, 182px\" \/><\/a>\n\t\t\t<\/dt><\/dl><dl class='gallery-item'>\n\t\t\t<dt class='gallery-icon portrait'>\n\t\t\t\t<a href='https:\/\/cm-fronteira.pt\/wp-content\/uploads\/2025\/01\/pacos-do-concelho_site-3_.jpg'><img decoding=\"async\" width=\"189\" height=\"300\" src=\"https:\/\/cm-fronteira.pt\/wp-content\/uploads\/2025\/01\/pacos-do-concelho_site-3_-189x300.jpg\" class=\"attachment-medium size-medium\" alt=\"\" srcset=\"https:\/\/cm-fronteira.pt\/wp-content\/uploads\/2025\/01\/pacos-do-concelho_site-3_-189x300.jpg 189w, https:\/\/cm-fronteira.pt\/wp-content\/uploads\/2025\/01\/pacos-do-concelho_site-3_-645x1024.jpg 645w, https:\/\/cm-fronteira.pt\/wp-content\/uploads\/2025\/01\/pacos-do-concelho_site-3_-768x1220.jpg 768w, https:\/\/cm-fronteira.pt\/wp-content\/uploads\/2025\/01\/pacos-do-concelho_site-3_-967x1536.jpg 967w, https:\/\/cm-fronteira.pt\/wp-content\/uploads\/2025\/01\/pacos-do-concelho_site-3_-1290x2048.jpg 1290w, https:\/\/cm-fronteira.pt\/wp-content\/uploads\/2025\/01\/pacos-do-concelho_site-3_.jpg 1296w\" sizes=\"(max-width: 189px) 100vw, 189px\" \/><\/a>\n\t\t\t<\/dt><\/dl><dl class='gallery-item'>\n\t\t\t<dt class='gallery-icon portrait'>\n\t\t\t\t<a href='https:\/\/cm-fronteira.pt\/wp-content\/uploads\/2025\/01\/pacos-do-concelho_site-4-scaled_.jpg'><img decoding=\"async\" width=\"200\" height=\"300\" src=\"https:\/\/cm-fronteira.pt\/wp-content\/uploads\/2025\/01\/pacos-do-concelho_site-4-scaled_-200x300.jpg\" class=\"attachment-medium size-medium\" alt=\"\" srcset=\"https:\/\/cm-fronteira.pt\/wp-content\/uploads\/2025\/01\/pacos-do-concelho_site-4-scaled_-200x300.jpg 200w, https:\/\/cm-fronteira.pt\/wp-content\/uploads\/2025\/01\/pacos-do-concelho_site-4-scaled_-683x1024.jpg 683w, https:\/\/cm-fronteira.pt\/wp-content\/uploads\/2025\/01\/pacos-do-concelho_site-4-scaled_-768x1152.jpg 768w, https:\/\/cm-fronteira.pt\/wp-content\/uploads\/2025\/01\/pacos-do-concelho_site-4-scaled_-1024x1536.jpg 1024w, https:\/\/cm-fronteira.pt\/wp-content\/uploads\/2025\/01\/pacos-do-concelho_site-4-scaled_-1366x2048.jpg 1366w, https:\/\/cm-fronteira.pt\/wp-content\/uploads\/2025\/01\/pacos-do-concelho_site-4-scaled_-1320x1980.jpg 1320w, https:\/\/cm-fronteira.pt\/wp-content\/uploads\/2025\/01\/pacos-do-concelho_site-4-scaled_.jpg 1707w\" sizes=\"(max-width: 200px) 100vw, 200px\" \/><\/a>\n\t\t\t<\/dt><\/dl><br style=\"clear: both\" \/>\n\t\t<\/div>\n\n<p>&nbsp;<\/p>\n<p style=\"text-align: justify;\"><span style=\"font-family: Calibri, sans-serif;\">O <strong>Pelourinho<\/strong>, todo ele em m\u00e1rmore, existe muito provavelmente des<\/span><span style=\"font-family: Calibri, sans-serif;\">de o<\/span><span style=\"font-family: Calibri, sans-serif;\">\u00a0s\u00e9c. XVI e a sua antiga localiza\u00e7\u00e3o era, n\u00e3o no centro, mas num dos \u00e2ngulos da pra\u00e7a junto \u00e0 esquina que d\u00e1 para a Rua dos Trigueiros, perto da antiga cadeia. A afirma\u00e7\u00e3o da jurisdi\u00e7\u00e3o penal do munic\u00edpio foi a sua primeira utilidade passando depois a ser utilizado para divulga\u00e7\u00e3o de informa\u00e7\u00f5es de interesse p\u00fablico ap\u00f3s a sua mudan\u00e7a para o centro da pra\u00e7a.<\/span><\/p>\n<p style=\"text-align: justify;\"><span style=\"font-family: Calibri, sans-serif;\">Da <strong>Torre do Rel\u00f3gio<\/strong> \u00e0 registos de que em 1597 foi ordenada pela C\u00e2mara uma vistoria por estar em ru\u00edna iminente, mas s\u00f3 em 1612 a C\u00e2mara ordena a demoli\u00e7\u00e3o do im\u00f3vel at\u00e9 \u00e0 altura do telhado da pra\u00e7a.<\/span><\/p>\n<p>&nbsp;<\/p>\n<p>&nbsp;<\/p>","protected":false},"excerpt":{"rendered":"<p>&nbsp; Bem pr\u00f3ximo do atual edif\u00edcio da C\u00e2mara Municipal, na Rua D. Francisco de Portugal, existe as antigas as antigas casas da C\u00e2mara, constru\u00eddas muito provavelmente no s\u00e9culo XVI, sofrendo ao longo da sua exist\u00eancia uma s\u00e9rie de destrui\u00e7\u00f5es pelos ex\u00e9rcitos castelhanos e ocupa\u00e7\u00e3o das tropas inglesas durante a Guerra da Restaura\u00e7\u00e3o. Durante o s\u00e9c. [&hellip;]<\/p>\n","protected":false},"author":5,"featured_media":0,"parent":1226,"menu_order":0,"comment_status":"closed","ping_status":"closed","template":"templates-map\/component-text-layout1.php","meta":{"_acf_changed":false,"_exactmetrics_skip_tracking":false,"_exactmetrics_sitenote_active":false,"_exactmetrics_sitenote_note":"","_exactmetrics_sitenote_category":0,"footnotes":""},"categories":[1],"class_list":["post-7795","page","type-page","status-publish","hentry","category-sem-categoria"],"acf":[],"_links":{"self":[{"href":"https:\/\/cm-fronteira.pt\/pt\/wp-json\/wp\/v2\/pages\/7795","targetHints":{"allow":["GET"]}}],"collection":[{"href":"https:\/\/cm-fronteira.pt\/pt\/wp-json\/wp\/v2\/pages"}],"about":[{"href":"https:\/\/cm-fronteira.pt\/pt\/wp-json\/wp\/v2\/types\/page"}],"author":[{"embeddable":true,"href":"https:\/\/cm-fronteira.pt\/pt\/wp-json\/wp\/v2\/users\/5"}],"replies":[{"embeddable":true,"href":"https:\/\/cm-fronteira.pt\/pt\/wp-json\/wp\/v2\/comments?post=7795"}],"version-history":[{"count":41,"href":"https:\/\/cm-fronteira.pt\/pt\/wp-json\/wp\/v2\/pages\/7795\/revisions"}],"predecessor-version":[{"id":21639,"href":"https:\/\/cm-fronteira.pt\/pt\/wp-json\/wp\/v2\/pages\/7795\/revisions\/21639"}],"up":[{"embeddable":true,"href":"https:\/\/cm-fronteira.pt\/pt\/wp-json\/wp\/v2\/pages\/1226"}],"wp:attachment":[{"href":"https:\/\/cm-fronteira.pt\/pt\/wp-json\/wp\/v2\/media?parent=7795"}],"wp:term":[{"taxonomy":"category","embeddable":true,"href":"https:\/\/cm-fronteira.pt\/pt\/wp-json\/wp\/v2\/categories?post=7795"}],"curies":[{"name":"wp","href":"https:\/\/api.w.org\/{rel}","templated":true}]}}