{"id":751,"date":"2020-10-28T16:38:58","date_gmt":"2020-10-28T16:38:58","guid":{"rendered":"https:\/\/cm-fronteira.pt\/?page_id=751"},"modified":"2025-09-10T16:12:11","modified_gmt":"2025-09-10T16:12:11","slug":"plano-municipal-de-educacao-carta-educativa","status":"publish","type":"page","link":"https:\/\/cm-fronteira.pt\/pt\/atividade-municipal\/educacao\/plano-municipal-de-educacao-carta-educativa\/","title":{"rendered":"Carta Educativa"},"content":{"rendered":"<p><\/p>\n<p style=\"text-align: justify\">A Carta Educativa de Fronteira foi elaborada no \u00e2mbito do projeto Plano Estrat\u00e9gico de Desenvolvimento Intermunicipal da Educa\u00e7\u00e3o do Alto Alentejo (PEDIEAA) e Cartas Educativas que resultou de uma parceria entre a Comunidade Intermunicipal do Alto Alentejo (CIMAA) e o Cons\u00f3rcio lscte\/lPP\/CEDRU constitu\u00eddo por CIES\u00adlscte (Centro de Investiga\u00e7\u00e3o e Estudos de Sociologia do lscte &#8211; Instituto Universit\u00e1rio de Lisboa), o IPP (Instituto Polit\u00e9cnico de Portalegre) e o CEDRU (Centro de Estudos e Desenvolvimento Regional e Urbano); com financiamento pela Comiss\u00e3o de Coordena\u00e7\u00e3o e Desenvolvimento Regional do Alentejo (CCDR, ponto 11.2). Projeto que teve como principais objetivos atualizar as Cartas Educativas dos quinze concelhos que integram a regi\u00e3o, elaborar o plano estrat\u00e9gico regional para a educa\u00e7\u00e3o e, dessa forma, contribuir para o desenvolvimento do Alto Alentejo.<\/p>\n<p><\/p>","protected":false},"excerpt":{"rendered":"<p>A Carta Educativa de Fronteira foi elaborada no \u00e2mbito do projeto Plano Estrat\u00e9gico de Desenvolvimento Intermunicipal da Educa\u00e7\u00e3o do Alto Alentejo (PEDIEAA) e Cartas Educativas que resultou de uma parceria entre a Comunidade Intermunicipal do Alto Alentejo (CIMAA) e o Cons\u00f3rcio lscte\/lPP\/CEDRU constitu\u00eddo por CIES\u00adlscte (Centro de Investiga\u00e7\u00e3o e Estudos de Sociologia do lscte &#8211; [&hellip;]<\/p>\n","protected":false},"author":13,"featured_media":0,"parent":747,"menu_order":0,"comment_status":"closed","ping_status":"closed","template":"templates-map\/component-text-layout1.php","meta":{"_acf_changed":false,"_exactmetrics_skip_tracking":false,"_exactmetrics_sitenote_active":false,"_exactmetrics_sitenote_note":"","_exactmetrics_sitenote_category":0,"footnotes":""},"categories":[1344],"class_list":["post-751","page","type-page","status-publish","hentry","category-educacao"],"acf":[],"_links":{"self":[{"href":"https:\/\/cm-fronteira.pt\/pt\/wp-json\/wp\/v2\/pages\/751","targetHints":{"allow":["GET"]}}],"collection":[{"href":"https:\/\/cm-fronteira.pt\/pt\/wp-json\/wp\/v2\/pages"}],"about":[{"href":"https:\/\/cm-fronteira.pt\/pt\/wp-json\/wp\/v2\/types\/page"}],"author":[{"embeddable":true,"href":"https:\/\/cm-fronteira.pt\/pt\/wp-json\/wp\/v2\/users\/13"}],"replies":[{"embeddable":true,"href":"https:\/\/cm-fronteira.pt\/pt\/wp-json\/wp\/v2\/comments?post=751"}],"version-history":[{"count":8,"href":"https:\/\/cm-fronteira.pt\/pt\/wp-json\/wp\/v2\/pages\/751\/revisions"}],"predecessor-version":[{"id":22494,"href":"https:\/\/cm-fronteira.pt\/pt\/wp-json\/wp\/v2\/pages\/751\/revisions\/22494"}],"up":[{"embeddable":true,"href":"https:\/\/cm-fronteira.pt\/pt\/wp-json\/wp\/v2\/pages\/747"}],"wp:attachment":[{"href":"https:\/\/cm-fronteira.pt\/pt\/wp-json\/wp\/v2\/media?parent=751"}],"wp:term":[{"taxonomy":"category","embeddable":true,"href":"https:\/\/cm-fronteira.pt\/pt\/wp-json\/wp\/v2\/categories?post=751"}],"curies":[{"name":"wp","href":"https:\/\/api.w.org\/{rel}","templated":true}]}}