{"id":739,"date":"2020-10-28T16:37:25","date_gmt":"2020-10-28T16:37:25","guid":{"rendered":"https:\/\/cm-fronteira.pt\/?page_id=739"},"modified":"2023-10-31T18:06:26","modified_gmt":"2023-10-31T18:06:26","slug":"cpcj-de-fronteira","status":"publish","type":"page","link":"https:\/\/cm-fronteira.pt\/pt\/atividade-municipal\/acao-social-e-saude\/cpcj-de-fronteira\/","title":{"rendered":"CPCJ de Fronteira"},"content":{"rendered":"<p><a href=\"https:\/\/cm-fronteira.pt\/wp-content\/uploads\/2022\/02\/CPCJ_logotipo_Prancheta-1.png\"><img decoding=\"async\" class=\"alignnone wp-image-9083 size-large\" src=\"https:\/\/cm-fronteira.pt\/wp-content\/uploads\/2022\/02\/CPCJ_logotipo_Prancheta-1-1024x347.png\" alt=\"\" width=\"1024\" height=\"347\" srcset=\"https:\/\/cm-fronteira.pt\/wp-content\/uploads\/2022\/02\/CPCJ_logotipo_Prancheta-1-1024x347.png 1024w, https:\/\/cm-fronteira.pt\/wp-content\/uploads\/2022\/02\/CPCJ_logotipo_Prancheta-1-300x102.png 300w, https:\/\/cm-fronteira.pt\/wp-content\/uploads\/2022\/02\/CPCJ_logotipo_Prancheta-1-768x260.png 768w, https:\/\/cm-fronteira.pt\/wp-content\/uploads\/2022\/02\/CPCJ_logotipo_Prancheta-1-1536x520.png 1536w, https:\/\/cm-fronteira.pt\/wp-content\/uploads\/2022\/02\/CPCJ_logotipo_Prancheta-1-1320x447.png 1320w, https:\/\/cm-fronteira.pt\/wp-content\/uploads\/2022\/02\/CPCJ_logotipo_Prancheta-1.png 1920w\" sizes=\"(max-width: 1024px) 100vw, 1024px\" \/><\/a><\/p>\n<p>&nbsp;<\/p>\n<p style=\"text-align: justify;\">A\u00a0<strong>CPCJ de Fronteira<\/strong>\u00a0\u00e9 um organismo oficial, n\u00e3o judicial, com autonomia funcional que visa promover os direitos da crian\u00e7a e do jovem e prevenir, ou p\u00f4r termo, a situa\u00e7\u00f5es suscet\u00edveis de afetar a sua seguran\u00e7a, sa\u00fade, forma\u00e7\u00e3o ou desenvolvimento integral.<\/p>\n","protected":false},"excerpt":{"rendered":"<p>&nbsp; A\u00a0CPCJ de Fronteira\u00a0\u00e9 um organismo oficial, n\u00e3o judicial, com autonomia funcional que visa promover os direitos da crian\u00e7a e do jovem e prevenir, ou p\u00f4r termo, a situa\u00e7\u00f5es suscet\u00edveis de afetar a sua seguran\u00e7a, sa\u00fade, forma\u00e7\u00e3o ou desenvolvimento integral.<\/p>\n","protected":false},"author":13,"featured_media":0,"parent":729,"menu_order":0,"comment_status":"closed","ping_status":"closed","template":"templates-map\/component-text-list-layout2.php","meta":{"_acf_changed":false,"_exactmetrics_skip_tracking":false,"_exactmetrics_sitenote_active":false,"_exactmetrics_sitenote_note":"","_exactmetrics_sitenote_category":0,"footnotes":""},"categories":[],"class_list":["post-739","page","type-page","status-publish","hentry"],"acf":[],"_links":{"self":[{"href":"https:\/\/cm-fronteira.pt\/pt\/wp-json\/wp\/v2\/pages\/739","targetHints":{"allow":["GET"]}}],"collection":[{"href":"https:\/\/cm-fronteira.pt\/pt\/wp-json\/wp\/v2\/pages"}],"about":[{"href":"https:\/\/cm-fronteira.pt\/pt\/wp-json\/wp\/v2\/types\/page"}],"author":[{"embeddable":true,"href":"https:\/\/cm-fronteira.pt\/pt\/wp-json\/wp\/v2\/users\/13"}],"replies":[{"embeddable":true,"href":"https:\/\/cm-fronteira.pt\/pt\/wp-json\/wp\/v2\/comments?post=739"}],"version-history":[{"count":13,"href":"https:\/\/cm-fronteira.pt\/pt\/wp-json\/wp\/v2\/pages\/739\/revisions"}],"predecessor-version":[{"id":12780,"href":"https:\/\/cm-fronteira.pt\/pt\/wp-json\/wp\/v2\/pages\/739\/revisions\/12780"}],"up":[{"embeddable":true,"href":"https:\/\/cm-fronteira.pt\/pt\/wp-json\/wp\/v2\/pages\/729"}],"wp:attachment":[{"href":"https:\/\/cm-fronteira.pt\/pt\/wp-json\/wp\/v2\/media?parent=739"}],"wp:term":[{"taxonomy":"category","embeddable":true,"href":"https:\/\/cm-fronteira.pt\/pt\/wp-json\/wp\/v2\/categories?post=739"}],"curies":[{"name":"wp","href":"https:\/\/api.w.org\/{rel}","templated":true}]}}