{"id":733,"date":"2020-10-28T16:36:37","date_gmt":"2020-10-28T16:36:37","guid":{"rendered":"https:\/\/cm-fronteira.pt\/?page_id=733"},"modified":"2025-10-31T16:40:36","modified_gmt":"2025-10-31T16:40:36","slug":"rede-social","status":"publish","type":"page","link":"https:\/\/cm-fronteira.pt\/pt\/atividade-municipal\/acao-social-e-saude\/rede-social\/","title":{"rendered":"Rede Social"},"content":{"rendered":"<p style=\"text-align: justify\">A <a href=\"https:\/\/www.seg-social.pt\/rede-social\" target=\"_blank\" rel=\"noopener\"><strong>rede social<\/strong><\/a> criada na sequ\u00eancia da Resolu\u00e7\u00e3o do Conselho de Ministros n.\u00ba 197\/97, de 18 de Novembro, impulsionou um trabalho de parceria alargada incidindo na planifica\u00e7\u00e3o estrat\u00e9gica da interven\u00e7\u00e3o social local, abarcando atores sociais de diferentes naturezas e \u00e1reas de interven\u00e7\u00e3o, visando contribuir para a erradica\u00e7\u00e3o da pobreza e da exclus\u00e3o social e para a promo\u00e7\u00e3o do desenvolvimento social ao n\u00edvel local. Este trabalho de parceria tem vindo a ser alvo de uma enriquecedora atualiza\u00e7\u00e3o tamb\u00e9m na perspetiva da promo\u00e7\u00e3o da igualdade de g\u00e9nero.<\/p>\n<p style=\"text-align: justify\">Por diferentes raz\u00f5es, a pobreza e a exclus\u00e3o social atingem em particular grupos de popula\u00e7\u00e3o mais vulner\u00e1veis, destacando-se as pessoas idosas, as pessoas com defici\u00eancias e os imigrantes, havendo necessidade de ter em especial aten\u00e7\u00e3o as estrat\u00e9gias de interven\u00e7\u00e3o para estes grupos alvo.<\/p>\n<p style=\"text-align: justify\">Para fazer face a estes fen\u00f3menos e problemas que atingem transversalmente a sociedade portuguesa, \u00e9 fundamental que no planeamento social de car\u00e1cter local, assim como na rentabiliza\u00e7\u00e3o dos recursos concelhios, estejam sempre presentes as medidas e a\u00e7\u00f5es definidas nos diferentes documentos de planeamento.<\/p>\n<p style=\"text-align: justify\">A rede social pretende constituir um novo tipo de parceria entre entidades p\u00fablicas e privadas, atuando nos mesmos territ\u00f3rios, baseada na igualdade entre os parceiros, no respeito pelo conhecimento, pela identidade, potencialidades e valores intr\u00ednsecos de cada um, na partilha, na participa\u00e7\u00e3o e na colabora\u00e7\u00e3o, com vista \u00e0 consensualiza\u00e7\u00e3o de objetivos, \u00e0 concerta\u00e7\u00e3o das a\u00e7\u00f5es desenvolvidas pelos diferentes agentes locais e \u00e0 otimiza\u00e7\u00e3o dos recursos end\u00f3genos e ex\u00f3genos ao territ\u00f3rio.<\/p>\n<p>&nbsp;<\/p>\n<h3 style=\"text-align: justify\">Objetivos<\/h3>\n<p style=\"text-align: justify\">\u2022 Combater a pobreza e a exclus\u00e3o social e promover a inclus\u00e3o e coes\u00e3o sociais;<br \/>\n\u2022 Promover o desenvolvimento social integrado;<br \/>\n\u2022 Promover um planeamento integrado e sistem\u00e1tico, potenciando sinergias, compet\u00eancias e recursos;<br \/>\n\u2022 Contribuir para a concretiza\u00e7\u00e3o, acompanhamento e avalia\u00e7\u00e3o dos objetivos do Plano Nacional de A\u00e7\u00e3o para a Inclus\u00e3o (PNAI);<br \/>\n\u2022 Integrar os objetivos da promo\u00e7\u00e3o da igualdade de g\u00e9nero, constantes do Plano Nacional para a Igualdade (PNI), nos instrumentos de planeamento;<br \/>\n\u2022 Garantir uma maior efic\u00e1cia e uma melhor cobertura e organiza\u00e7\u00e3o do conjunto de respostas e equipamentos sociais ao n\u00edvel local;<br \/>\n\u2022 Criar canais regulares de comunica\u00e7\u00e3o e informa\u00e7\u00e3o entre os parceiros e a popula\u00e7\u00e3o em geral.<\/p>\n<p>&nbsp;<\/p>\n<h3 style=\"text-align: justify\">Princ\u00edpios<\/h3>\n<p style=\"text-align: justify\">\u2022 Subsidiaridade<br \/>\n\u2022 Integra\u00e7\u00e3o<br \/>\n\u2022 Articula\u00e7\u00e3o<br \/>\n\u2022 Participa\u00e7\u00e3o<br \/>\n\u2022 Inova\u00e7\u00e3o<br \/>\n\u2022 Igualdade de g\u00e9nero.<\/p>\n<p>&nbsp;<\/p>\n<p>&nbsp;<\/p>\n<h3 style=\"text-align: justify\"><span style=\"color: #972621\">Conselho Local de A\u00e7\u00e3o Social \u2013 CLAS<\/span><\/h3>\n<p style=\"text-align: justify\">O Conselho Local de A\u00e7\u00e3o Social de Fronteira \u00e9 um \u00f3rg\u00e3o local de concerta\u00e7\u00e3o e congrega\u00e7\u00e3o de esfor\u00e7os, funcionando como um espa\u00e7o privilegiado de di\u00e1logo e an\u00e1lise dos problemas, visando a erradica\u00e7\u00e3o ou atenua\u00e7\u00e3o da pobreza e exclus\u00e3o social pela promo\u00e7\u00e3o do desenvolvimento social local.<\/p>\n<p style=\"text-align: justify\">O CLAS \u00e9 constitu\u00eddo por entidades publicas e\/ou privadas, com ou sem fins lucrativos, com interven\u00e7\u00e3o direta ou indireta na \u00e1rea social e a que ele adiram de livre vontade.<\/p>\n<p style=\"text-align: justify\">O CLAS baseia-se num trabalho de parceria alargada, efetiva e din\u00e2mica e visa o planeamento estrat\u00e9gico da interven\u00e7\u00e3o social local, que articula a interven\u00e7\u00e3o dos diferentes agentes locais para o desenvolvimento social.<\/p>\n<p style=\"text-align: justify\">As decis\u00f5es tomadas no CLAS deve, numa l\u00f3gica de compromisso coletivo, constituir indica\u00e7\u00f5es que influenciem as tomadas de decis\u00e3o de cada um dos parceiros.<\/p>\n<p>&nbsp;<\/p>\n<h3 style=\"text-align: justify\">Principais Objetivos<\/h3>\n<p style=\"text-align: justify\">\u2022 Combater a pobreza e a exclus\u00e3o sociais;<br \/>\n\u2022 Promover o desenvolvimento social integrado atrav\u00e9s da implementa\u00e7\u00e3o do planeamento integrado e sistem\u00e1tico, que potencie sinergias, compet\u00eancias e recursos;<br \/>\n\u2022 Contribuir para a concretiza\u00e7\u00e3o, acompanhamento e avalia\u00e7\u00e3o dos objetivos do Plano Nacional de A\u00e7\u00e3o para a Inclus\u00e3o (PNAI);<br \/>\n\u2022 Garantir a integra\u00e7\u00e3o dos objetivos da promo\u00e7\u00e3o para a igualdade de g\u00e9nero, constantes do Plano Nacional para a Igualdade (PNI), nos instrumentos de planeamento;<br \/>\n\u2022 Garantir uma maior efic\u00e1cia e uma melhor cobertura e organiza\u00e7\u00e3o do conjunto de respostas e equipamentos ao n\u00edvel local;<br \/>\n\u2022 Criar canais regulares de comunica\u00e7\u00e3o e informa\u00e7\u00e3o entre os parceiros e a popula\u00e7\u00e3o em geral.<\/p>\n","protected":false},"excerpt":{"rendered":"<p>A rede social criada na sequ\u00eancia da Resolu\u00e7\u00e3o do Conselho de Ministros n.\u00ba 197\/97, de 18 de Novembro, impulsionou um trabalho de parceria alargada incidindo na planifica\u00e7\u00e3o estrat\u00e9gica da interven\u00e7\u00e3o social local, abarcando atores sociais de diferentes naturezas e \u00e1reas de interven\u00e7\u00e3o, visando contribuir para a erradica\u00e7\u00e3o da pobreza e da exclus\u00e3o social e para [&hellip;]<\/p>\n","protected":false},"author":13,"featured_media":0,"parent":729,"menu_order":0,"comment_status":"closed","ping_status":"closed","template":"templates-map\/component-text-layout1.php","meta":{"_acf_changed":false,"_exactmetrics_skip_tracking":false,"_exactmetrics_sitenote_active":false,"_exactmetrics_sitenote_note":"","_exactmetrics_sitenote_category":0,"footnotes":""},"categories":[1346],"class_list":["post-733","page","type-page","status-publish","hentry","category-acao-social-e-saude"],"acf":[],"_links":{"self":[{"href":"https:\/\/cm-fronteira.pt\/pt\/wp-json\/wp\/v2\/pages\/733","targetHints":{"allow":["GET"]}}],"collection":[{"href":"https:\/\/cm-fronteira.pt\/pt\/wp-json\/wp\/v2\/pages"}],"about":[{"href":"https:\/\/cm-fronteira.pt\/pt\/wp-json\/wp\/v2\/types\/page"}],"author":[{"embeddable":true,"href":"https:\/\/cm-fronteira.pt\/pt\/wp-json\/wp\/v2\/users\/13"}],"replies":[{"embeddable":true,"href":"https:\/\/cm-fronteira.pt\/pt\/wp-json\/wp\/v2\/comments?post=733"}],"version-history":[{"count":18,"href":"https:\/\/cm-fronteira.pt\/pt\/wp-json\/wp\/v2\/pages\/733\/revisions"}],"predecessor-version":[{"id":22868,"href":"https:\/\/cm-fronteira.pt\/pt\/wp-json\/wp\/v2\/pages\/733\/revisions\/22868"}],"up":[{"embeddable":true,"href":"https:\/\/cm-fronteira.pt\/pt\/wp-json\/wp\/v2\/pages\/729"}],"wp:attachment":[{"href":"https:\/\/cm-fronteira.pt\/pt\/wp-json\/wp\/v2\/media?parent=733"}],"wp:term":[{"taxonomy":"category","embeddable":true,"href":"https:\/\/cm-fronteira.pt\/pt\/wp-json\/wp\/v2\/categories?post=733"}],"curies":[{"name":"wp","href":"https:\/\/api.w.org\/{rel}","templated":true}]}}