{"id":625,"date":"2020-10-28T15:52:18","date_gmt":"2020-10-28T15:52:18","guid":{"rendered":"https:\/\/cm-fronteira.pt\/?page_id=625"},"modified":"2024-06-26T15:00:40","modified_gmt":"2024-06-26T15:00:40","slug":"residuos-solidos-urbanos","status":"publish","type":"page","link":"https:\/\/cm-fronteira.pt\/pt\/atividade-municipal\/ambiente\/residuos-solidos-urbanos\/","title":{"rendered":"Res\u00edduos S\u00f3lidos Urbanos"},"content":{"rendered":"<p>&nbsp;<\/p>\n<p style=\"text-align: justify;\"><strong>A defesa do ambiente passa pela pr\u00e1tica de atos e pela ado\u00e7\u00e3o de h\u00e1bitos coerentes com esse objetivo.<\/strong><\/p>\n<p>&nbsp;<\/p>\n<p style=\"text-align: justify;\">A <a href=\"https:\/\/www.valnor.pt\/pt\/\" target=\"_blank\" rel=\"noopener\"><strong>VALNOR<\/strong><\/a>, empresa respons\u00e1vel pela gest\u00e3o do sistema multimunicipal de tratamento e valoriza\u00e7\u00e3o de res\u00edduos, com a sua responsabilidade social e funcional enquanto operadora de um sistema de valoriza\u00e7\u00e3o ambiental que abrange a nossa regi\u00e3o, compete facultar \u00e0 comunidade os meios adequados para que todos possamos desenvolver atitudes e comportamentos de acordo com uma pr\u00e1tica que tem como meta uma cada vez maior prote\u00e7\u00e3o do ambiente que nos rodeia.<\/p>\n<p style=\"text-align: justify;\">A separa\u00e7\u00e3o de res\u00edduos e a sua reciclagem e consequente valoriza\u00e7\u00e3o ambiental s\u00f3 \u00e9 poss\u00edvel se todos contribuirmos nesse sentido.<\/p>\n<p style=\"text-align: justify;\">Para tal todos temos \u00e0 nossa disposi\u00e7\u00e3o os adequados ecopontos, mas tamb\u00e9m os ecocentros est\u00e3o dispon\u00edveis para uma correta utiliza\u00e7\u00e3o.<\/p>\n<p>&nbsp;<\/p>\n<p>&nbsp;<\/p>\n<h3 style=\"text-align: justify;\"><span style=\"color: #972621;\">O Ecocentro de Fronteira<\/span><\/h3>\n<p style=\"text-align: justify;\">O <strong>Ecocentro<\/strong> \u00e9 um parque amplo que se destina a receber separadamente, de modo gratuito, os materiais que n\u00e3o devem ser colocados nos ecopontos nem nos vulgares contentores de recolha de res\u00edduos urbanos.<\/p>\n<p>&nbsp;<\/p>\n<p><strong>Localiza\u00e7\u00e3o<\/strong><\/p>\n<p class=\"dealershipDesc\" style=\"text-align: justify;\"><img loading=\"lazy\" decoding=\"async\" class=\"dealershipPin alignnone\" src=\"https:\/\/www.valnor.pt\/images\/Contactos_pinIcon.svg\" alt=\"\" width=\"18\" height=\"45\" \/><\/p>\n<p class=\"dealershipDesc\">Zona Industrial de Fronteira \u2013 II Fase, Lotes 26 e 29 &#8211; 7460-999 Fronteira<\/p>\n<ul>\n<li class=\"dealershipDesc\"><span class=\"dealershipName\">Latitude:\u00a039.049226\u00b0<\/span><\/li>\n<li class=\"dealershipDesc\"><span class=\"dealershipName\">Longitude:\u00a0-7.638881\u00b0<\/span><\/li>\n<\/ul>\n<p><span class=\"dealershipName\"><strong>Telf.:<\/strong>\u00a0245 098 122<\/span><\/p>\n<p><strong><span class=\"dealershipName\">Hor\u00e1rios: <\/span><\/strong>2\u00aa feira a 6\u00aa feira: 8.00h \u00e0s 12.00h das 13.00h \u00e0s 17.00h<\/p>","protected":false},"excerpt":{"rendered":"<p>&nbsp; A defesa do ambiente passa pela pr\u00e1tica de atos e pela ado\u00e7\u00e3o de h\u00e1bitos coerentes com esse objetivo. &nbsp; A VALNOR, empresa respons\u00e1vel pela gest\u00e3o do sistema multimunicipal de tratamento e valoriza\u00e7\u00e3o de res\u00edduos, com a sua responsabilidade social e funcional enquanto operadora de um sistema de valoriza\u00e7\u00e3o ambiental que abrange a nossa regi\u00e3o, [&hellip;]<\/p>\n","protected":false},"author":13,"featured_media":0,"parent":611,"menu_order":0,"comment_status":"closed","ping_status":"closed","template":"templates-map\/component-text-layout1.php","meta":{"_acf_changed":false,"_exactmetrics_skip_tracking":false,"_exactmetrics_sitenote_active":false,"_exactmetrics_sitenote_note":"","_exactmetrics_sitenote_category":0,"footnotes":""},"categories":[1],"class_list":["post-625","page","type-page","status-publish","hentry","category-sem-categoria"],"acf":[],"_links":{"self":[{"href":"https:\/\/cm-fronteira.pt\/pt\/wp-json\/wp\/v2\/pages\/625","targetHints":{"allow":["GET"]}}],"collection":[{"href":"https:\/\/cm-fronteira.pt\/pt\/wp-json\/wp\/v2\/pages"}],"about":[{"href":"https:\/\/cm-fronteira.pt\/pt\/wp-json\/wp\/v2\/types\/page"}],"author":[{"embeddable":true,"href":"https:\/\/cm-fronteira.pt\/pt\/wp-json\/wp\/v2\/users\/13"}],"replies":[{"embeddable":true,"href":"https:\/\/cm-fronteira.pt\/pt\/wp-json\/wp\/v2\/comments?post=625"}],"version-history":[{"count":15,"href":"https:\/\/cm-fronteira.pt\/pt\/wp-json\/wp\/v2\/pages\/625\/revisions"}],"predecessor-version":[{"id":17249,"href":"https:\/\/cm-fronteira.pt\/pt\/wp-json\/wp\/v2\/pages\/625\/revisions\/17249"}],"up":[{"embeddable":true,"href":"https:\/\/cm-fronteira.pt\/pt\/wp-json\/wp\/v2\/pages\/611"}],"wp:attachment":[{"href":"https:\/\/cm-fronteira.pt\/pt\/wp-json\/wp\/v2\/media?parent=625"}],"wp:term":[{"taxonomy":"category","embeddable":true,"href":"https:\/\/cm-fronteira.pt\/pt\/wp-json\/wp\/v2\/categories?post=625"}],"curies":[{"name":"wp","href":"https:\/\/api.w.org\/{rel}","templated":true}]}}