{"id":585,"date":"2020-10-28T15:38:57","date_gmt":"2020-10-28T15:38:57","guid":{"rendered":"https:\/\/cm-fronteira.pt\/?page_id=585"},"modified":"2023-10-31T18:06:17","modified_gmt":"2023-10-31T18:06:17","slug":"conselho-municipal-de-educacao","status":"publish","type":"page","link":"https:\/\/cm-fronteira.pt\/pt\/municipio\/conselhos-e-comissoes-municipais\/conselho-municipal-de-educacao\/","title":{"rendered":"Conselho Municipal de Educa\u00e7\u00e3o"},"content":{"rendered":"<p style=\"text-align: justify;\">O Conselho Municipal de Educa\u00e7\u00e3o (org\u00e3o consultivo do munic\u00edpio em mat\u00e9ria de educa\u00e7\u00e3o) \u00e9 uma inst\u00e2ncia de coordena\u00e7\u00e3o e consulta que tem por objectivo promover, a n\u00edvel municipal, a coordena\u00e7\u00e3o da pol\u00edtica educativa, articulando a interven\u00e7\u00e3o, no \u00e2mbito do sistema educativo, dos agentes educativos e dos parceiros sociais, analisando e acompanhando o funcionamento do sistema e propondo ac\u00e7\u00f5es adequadas \u00e0 promo\u00e7\u00e3o de maiores padr\u00f5es de efici\u00eancia e efic\u00e1cia do mesmo.<\/p>\n<p>&nbsp;<\/p>\n<h4><span style=\"color: #972621;\">Composi\u00e7\u00e3o:<\/span><\/h4>\n<ul>\n<li style=\"text-align: justify;\">Presidente da C\u00e2mara Municipal de Fronteira;<\/li>\n<li style=\"text-align: justify;\">Presidente da Assembleia Municipal de Fronteira;<\/li>\n<li style=\"text-align: justify;\">Representante da Dire\u00e7\u00e3o de Servi\u00e7os do Alentejo da Dire\u00e7\u00e3o Geral dos Estabelecimentos Escolares;<\/li>\n<li style=\"text-align: justify;\">Vereador\/a da Educa\u00e7\u00e3o da C\u00e2mara Municipal de Fronteira;<\/li>\n<li style=\"text-align: justify;\">Representante do Pessoal Docente do Ensino P\u00fablico;<\/li>\n<li style=\"text-align: justify;\">Representante do Pessoal Docente do Ensino Pr\u00e9-Escolar P\u00fablico;<\/li>\n<li style=\"text-align: justify;\">Representante dos Servi\u00e7os Locais de Sa\u00fade;<\/li>\n<li style=\"text-align: justify;\">Representante das For\u00e7as de Seguran\u00e7a;<\/li>\n<li style=\"text-align: justify;\">Representante da Santa Casa da Miseric\u00f3rdia de Cabe\u00e7o de Vide;<\/li>\n<li style=\"text-align: justify;\">Representante da Santa Casa da Miseric\u00f3rdia de Fronteira;<\/li>\n<li style=\"text-align: justify;\">Representante das Juntas de Freguesia do Concelho de Fronteira (Presidente da Junta de Freguesia de S\u00e3o Saturnino).<\/li>\n<\/ul>\n<p>&nbsp;<\/p>\n","protected":false},"excerpt":{"rendered":"<p>O Conselho Municipal de Educa\u00e7\u00e3o (org\u00e3o consultivo do munic\u00edpio em mat\u00e9ria de educa\u00e7\u00e3o) \u00e9 uma inst\u00e2ncia de coordena\u00e7\u00e3o e consulta que tem por objectivo promover, a n\u00edvel municipal, a coordena\u00e7\u00e3o da pol\u00edtica educativa, articulando a interven\u00e7\u00e3o, no \u00e2mbito do sistema educativo, dos agentes educativos e dos parceiros sociais, analisando e acompanhando o funcionamento do sistema [&hellip;]<\/p>\n","protected":false},"author":13,"featured_media":0,"parent":579,"menu_order":0,"comment_status":"closed","ping_status":"closed","template":"templates-map\/component-text-layout1.php","meta":{"_acf_changed":false,"_exactmetrics_skip_tracking":false,"_exactmetrics_sitenote_active":false,"_exactmetrics_sitenote_note":"","_exactmetrics_sitenote_category":0,"footnotes":""},"categories":[1],"class_list":["post-585","page","type-page","status-publish","hentry","category-sem-categoria"],"acf":[],"_links":{"self":[{"href":"https:\/\/cm-fronteira.pt\/pt\/wp-json\/wp\/v2\/pages\/585","targetHints":{"allow":["GET"]}}],"collection":[{"href":"https:\/\/cm-fronteira.pt\/pt\/wp-json\/wp\/v2\/pages"}],"about":[{"href":"https:\/\/cm-fronteira.pt\/pt\/wp-json\/wp\/v2\/types\/page"}],"author":[{"embeddable":true,"href":"https:\/\/cm-fronteira.pt\/pt\/wp-json\/wp\/v2\/users\/13"}],"replies":[{"embeddable":true,"href":"https:\/\/cm-fronteira.pt\/pt\/wp-json\/wp\/v2\/comments?post=585"}],"version-history":[{"count":7,"href":"https:\/\/cm-fronteira.pt\/pt\/wp-json\/wp\/v2\/pages\/585\/revisions"}],"predecessor-version":[{"id":12746,"href":"https:\/\/cm-fronteira.pt\/pt\/wp-json\/wp\/v2\/pages\/585\/revisions\/12746"}],"up":[{"embeddable":true,"href":"https:\/\/cm-fronteira.pt\/pt\/wp-json\/wp\/v2\/pages\/579"}],"wp:attachment":[{"href":"https:\/\/cm-fronteira.pt\/pt\/wp-json\/wp\/v2\/media?parent=585"}],"wp:term":[{"taxonomy":"category","embeddable":true,"href":"https:\/\/cm-fronteira.pt\/pt\/wp-json\/wp\/v2\/categories?post=585"}],"curies":[{"name":"wp","href":"https:\/\/api.w.org\/{rel}","templated":true}]}}