{"id":581,"date":"2020-10-28T15:38:07","date_gmt":"2020-10-28T15:38:07","guid":{"rendered":"https:\/\/cm-fronteira.pt\/?page_id=581"},"modified":"2023-10-31T18:06:17","modified_gmt":"2023-10-31T18:06:17","slug":"conselho-municipal-de-seguranca","status":"publish","type":"page","link":"https:\/\/cm-fronteira.pt\/pt\/municipio\/conselhos-e-comissoes-municipais\/conselho-municipal-de-seguranca\/","title":{"rendered":"Conselho Municipal de Seguran\u00e7a"},"content":{"rendered":"<p style=\"text-align: justify;\">O Conselho Municipal de Seguran\u00e7a \u00e9 uma entidade de \u00e2mbito municipal com fun\u00e7\u00f5es de natureza consultiva, que visa promover a articula\u00e7\u00e3o, a troca de informa\u00e7\u00f5es e a coopera\u00e7\u00e3o entre entidades que, na \u00e1rea do Munic\u00edpio de Fronteira, t\u00eam interven\u00e7\u00e3o ou est\u00e3o envolvidas na preven\u00e7\u00e3o e na garantia da inser\u00e7\u00e3o social e da seguran\u00e7a e tranquilidade da popula\u00e7\u00e3o.<\/p>\n<p style=\"text-align: justify;\">O regime jur\u00eddico dos conselhos municipais de seguran\u00e7a foi aprovado pela Lei n.\u00ba 33\/98 de 18 de Julho.<\/p>\n<p>&nbsp;<\/p>\n<h4><span style=\"color: #972621;\"><strong>Composi\u00e7\u00e3o:<\/strong><\/span><\/h4>\n<ul>\n<li>Presidente da C\u00e2mara Municipal de Fronteira<\/li>\n<li>Presidente da Assembleia Municipal de Fronteira<\/li>\n<li>Representante do Minist\u00e9rio P\u00fablico na Comarca de Fronteira<\/li>\n<li>Representante dos Servi\u00e7os Concelhios de Prote\u00e7\u00e3o Civil do Concelho de Fronteira<\/li>\n<li>Comandante do Posto da GNR de Fronteira<\/li>\n<li>Presidente da Junta de Freguesia de Fronteira<\/li>\n<li>Presidente da Junta de Freguesia de Cabe\u00e7o de Vide<\/li>\n<li>Presidente da Junta de Freguesia de S\u00e3o Saturnino<\/li>\n<li>Comandante dos Bombeiros Volunt\u00e1rios de Fronteira<\/li>\n<li>Provedor da Santa Casa da Miseric\u00f3rdia de Fronteira<\/li>\n<li>Provedor da Santa Casa da Miseric\u00f3rdia de Cabe\u00e7o de Vide<\/li>\n<li>Presidente da ADI-TC<\/li>\n<li>Membros da Assembleia Municipal de Fronteira<\/li>\n<\/ul>\n<ol>\n<li style=\"list-style-type: none;\">\n<ol>\n<li>Ad\u00e9lio Roberto Fialho Sardinha<\/li>\n<li>Lu\u00eds Carlos Calhau Ferreira<\/li>\n<li>Paula de F\u00e1tima Velez Braz\u00e3o Martins de Brito<\/li>\n<\/ol>\n<\/li>\n<\/ol>\n","protected":false},"excerpt":{"rendered":"<p>O Conselho Municipal de Seguran\u00e7a \u00e9 uma entidade de \u00e2mbito municipal com fun\u00e7\u00f5es de natureza consultiva, que visa promover a articula\u00e7\u00e3o, a troca de informa\u00e7\u00f5es e a coopera\u00e7\u00e3o entre entidades que, na \u00e1rea do Munic\u00edpio de Fronteira, t\u00eam interven\u00e7\u00e3o ou est\u00e3o envolvidas na preven\u00e7\u00e3o e na garantia da inser\u00e7\u00e3o social e da seguran\u00e7a e tranquilidade [&hellip;]<\/p>\n","protected":false},"author":13,"featured_media":0,"parent":579,"menu_order":0,"comment_status":"closed","ping_status":"closed","template":"templates-map\/component-text-layout1.php","meta":{"_acf_changed":false,"_exactmetrics_skip_tracking":false,"_exactmetrics_sitenote_active":false,"_exactmetrics_sitenote_note":"","_exactmetrics_sitenote_category":0,"footnotes":""},"categories":[],"class_list":["post-581","page","type-page","status-publish","hentry"],"acf":[],"_links":{"self":[{"href":"https:\/\/cm-fronteira.pt\/pt\/wp-json\/wp\/v2\/pages\/581","targetHints":{"allow":["GET"]}}],"collection":[{"href":"https:\/\/cm-fronteira.pt\/pt\/wp-json\/wp\/v2\/pages"}],"about":[{"href":"https:\/\/cm-fronteira.pt\/pt\/wp-json\/wp\/v2\/types\/page"}],"author":[{"embeddable":true,"href":"https:\/\/cm-fronteira.pt\/pt\/wp-json\/wp\/v2\/users\/13"}],"replies":[{"embeddable":true,"href":"https:\/\/cm-fronteira.pt\/pt\/wp-json\/wp\/v2\/comments?post=581"}],"version-history":[{"count":15,"href":"https:\/\/cm-fronteira.pt\/pt\/wp-json\/wp\/v2\/pages\/581\/revisions"}],"predecessor-version":[{"id":12744,"href":"https:\/\/cm-fronteira.pt\/pt\/wp-json\/wp\/v2\/pages\/581\/revisions\/12744"}],"up":[{"embeddable":true,"href":"https:\/\/cm-fronteira.pt\/pt\/wp-json\/wp\/v2\/pages\/579"}],"wp:attachment":[{"href":"https:\/\/cm-fronteira.pt\/pt\/wp-json\/wp\/v2\/media?parent=581"}],"wp:term":[{"taxonomy":"category","embeddable":true,"href":"https:\/\/cm-fronteira.pt\/pt\/wp-json\/wp\/v2\/categories?post=581"}],"curies":[{"name":"wp","href":"https:\/\/api.w.org\/{rel}","templated":true}]}}