{"id":568,"date":"2020-10-28T15:36:39","date_gmt":"2020-10-28T15:36:39","guid":{"rendered":"https:\/\/cm-fronteira.pt\/?page_id=568"},"modified":"2026-01-09T12:58:52","modified_gmt":"2026-01-09T12:58:52","slug":"atas-editais-e-deliberacoes","status":"publish","type":"page","link":"https:\/\/cm-fronteira.pt\/pt\/municipio\/assembleia-municipal\/atas-editais-e-deliberacoes\/","title":{"rendered":"Atas, Editais e Delibera\u00e7\u00f5es."},"content":{"rendered":"<p><\/p>\n<p style=\"text-align: justify\">A Assembleia Municipal tem cinco sess\u00f5es ordin\u00e1rias anuais, nos meses de <strong>Fevereiro, Abril, Junho, Setembro e Novembro.<\/strong><\/p>\n<p style=\"text-align: justify\">Em regra, a sess\u00e3o de <strong>Novembro<\/strong> destina-se \u00e0 discuss\u00e3o e vota\u00e7\u00e3o dos documentos provisionais para o ano seguinte e a sess\u00e3o de <strong>Abril<\/strong> \u00e0 discuss\u00e3o e vota\u00e7\u00e3o do Relat\u00f3rio de Gest\u00e3o do ano anterior.<\/p>\n<p style=\"text-align: justify\">As sess\u00f5es decorrem habitualmente no Sal\u00e3o Nobre da C\u00e2mara Municipal de Fronteira.<\/p>\n<p><\/p>","protected":false},"excerpt":{"rendered":"<p>A Assembleia Municipal tem cinco sess\u00f5es ordin\u00e1rias anuais, nos meses de Fevereiro, Abril, Junho, Setembro e Novembro. Em regra, a sess\u00e3o de Novembro destina-se \u00e0 discuss\u00e3o e vota\u00e7\u00e3o dos documentos provisionais para o ano seguinte e a sess\u00e3o de Abril \u00e0 discuss\u00e3o e vota\u00e7\u00e3o do Relat\u00f3rio de Gest\u00e3o do ano anterior. As sess\u00f5es decorrem habitualmente [&hellip;]<\/p>\n","protected":false},"author":13,"featured_media":0,"parent":560,"menu_order":0,"comment_status":"closed","ping_status":"closed","template":"templates-map\/component-file-gallery-layout3.php","meta":{"_acf_changed":false,"_exactmetrics_skip_tracking":false,"_exactmetrics_sitenote_active":false,"_exactmetrics_sitenote_note":"","_exactmetrics_sitenote_category":0,"footnotes":""},"categories":[],"class_list":["post-568","page","type-page","status-publish","hentry"],"acf":[],"_links":{"self":[{"href":"https:\/\/cm-fronteira.pt\/pt\/wp-json\/wp\/v2\/pages\/568","targetHints":{"allow":["GET"]}}],"collection":[{"href":"https:\/\/cm-fronteira.pt\/pt\/wp-json\/wp\/v2\/pages"}],"about":[{"href":"https:\/\/cm-fronteira.pt\/pt\/wp-json\/wp\/v2\/types\/page"}],"author":[{"embeddable":true,"href":"https:\/\/cm-fronteira.pt\/pt\/wp-json\/wp\/v2\/users\/13"}],"replies":[{"embeddable":true,"href":"https:\/\/cm-fronteira.pt\/pt\/wp-json\/wp\/v2\/comments?post=568"}],"version-history":[{"count":27,"href":"https:\/\/cm-fronteira.pt\/pt\/wp-json\/wp\/v2\/pages\/568\/revisions"}],"predecessor-version":[{"id":23387,"href":"https:\/\/cm-fronteira.pt\/pt\/wp-json\/wp\/v2\/pages\/568\/revisions\/23387"}],"up":[{"embeddable":true,"href":"https:\/\/cm-fronteira.pt\/pt\/wp-json\/wp\/v2\/pages\/560"}],"wp:attachment":[{"href":"https:\/\/cm-fronteira.pt\/pt\/wp-json\/wp\/v2\/media?parent=568"}],"wp:term":[{"taxonomy":"category","embeddable":true,"href":"https:\/\/cm-fronteira.pt\/pt\/wp-json\/wp\/v2\/categories?post=568"}],"curies":[{"name":"wp","href":"https:\/\/api.w.org\/{rel}","templated":true}]}}