{"id":566,"date":"2020-10-28T15:36:29","date_gmt":"2020-10-28T15:36:29","guid":{"rendered":"https:\/\/cm-fronteira.pt\/?page_id=566"},"modified":"2025-11-13T15:08:42","modified_gmt":"2025-11-13T15:08:42","slug":"composicao","status":"publish","type":"page","link":"https:\/\/cm-fronteira.pt\/pt\/municipio\/assembleia-municipal\/composicao\/","title":{"rendered":"Composi\u00e7\u00e3o"},"content":{"rendered":"<p>&nbsp;<\/p>\n<p><span style=\"color: #808080\"><strong>ELEITOS PARA O QUADRI\u00c9NIO DE 2025\/2029<\/strong><\/span><\/p>\n<p>&nbsp;<\/p>\n<p><strong>Presidente<\/strong><\/p>\n<ul>\n<li>Mariano Alfredo Sadio de Campos (PSD)<\/li>\n<\/ul>\n<p><strong>1\u00ba Secret\u00e1rio\/a:<\/strong><\/p>\n<ul>\n<li>Jo\u00e3o Miguel de Jesus Marquito (PS\/MPT)<\/li>\n<\/ul>\n<p><strong>2\u00ba Secret\u00e1rio\/a:<\/strong><\/p>\n<ul>\n<li>C\u00e9lia Cristina Teixeira Balela Ferreira (PSD)<\/li>\n<\/ul>\n<p>&nbsp;<\/p>\n<p><strong>Membros:<\/strong><\/p>\n<ul>\n<li>Francisco Manuel Fagundes Bento (PSD)<\/li>\n<li>Jos\u00e9 Norberto Prates Coutinho (PSD)<\/li>\n<li>Ad\u00e9lio Roberto Fialho Sardinha (PSD)<\/li>\n<li>Ant\u00f3nia Maria Romano Correia (PSD)<\/li>\n<li>Lu\u00eds Carlos Calhau Ferreira (PSD)<\/li>\n<li>Jorge Ant\u00f3nio Rodrigues Marques (PS\/MPT)<\/li>\n<li>Cl\u00e1udia Patr\u00edcia Rom\u00e3o Grilo (PS\/MPT)<\/li>\n<li>Maria Joana Pires Alexandre Ramos (PS\/MPT)<\/li>\n<li>Ant\u00f3nio Jos\u00e9 Pereira Pe\u00e7as Dias (MICF)<\/li>\n<li>Dora Margarida Mendeiros Ratinho Cabe\u00e7a (MICF)<\/li>\n<li>Jos\u00e9 Joaquim Monteiro Pedroso (CHEGA)<\/li>\n<li>Sandrina do Ros\u00e1rio Calado Marques (CHEGA)<\/li>\n<\/ul>\n<p>&nbsp;<\/p>\n<ul>\n<li>Clarisse de Jesus Alegria Silveira (PS\/MPT)<\/li>\n<li>Maria Jos\u00e9 Bizarro Gomes (PSD)<\/li>\n<li>Isalindo Manuel Pe\u00e7as Louren\u00e7o (PSD)<\/li>\n<\/ul>\n<p><\/p>","protected":false},"excerpt":{"rendered":"<p>&nbsp; ELEITOS PARA O QUADRI\u00c9NIO DE 2025\/2029 &nbsp; Presidente Mariano Alfredo Sadio de Campos (PSD) 1\u00ba Secret\u00e1rio\/a: Jo\u00e3o Miguel de Jesus Marquito (PS\/MPT) 2\u00ba Secret\u00e1rio\/a: C\u00e9lia Cristina Teixeira Balela Ferreira (PSD) &nbsp; Membros: Francisco Manuel Fagundes Bento (PSD) Jos\u00e9 Norberto Prates Coutinho (PSD) Ad\u00e9lio Roberto Fialho Sardinha (PSD) Ant\u00f3nia Maria Romano Correia (PSD) Lu\u00eds Carlos [&hellip;]<\/p>\n","protected":false},"author":13,"featured_media":0,"parent":560,"menu_order":0,"comment_status":"closed","ping_status":"closed","template":"templates-map\/component-text-layout1.php","meta":{"_acf_changed":false,"_exactmetrics_skip_tracking":false,"_exactmetrics_sitenote_active":false,"_exactmetrics_sitenote_note":"","_exactmetrics_sitenote_category":0,"footnotes":""},"categories":[1336],"class_list":["post-566","page","type-page","status-publish","hentry","category-municipio"],"acf":[],"_links":{"self":[{"href":"https:\/\/cm-fronteira.pt\/pt\/wp-json\/wp\/v2\/pages\/566","targetHints":{"allow":["GET"]}}],"collection":[{"href":"https:\/\/cm-fronteira.pt\/pt\/wp-json\/wp\/v2\/pages"}],"about":[{"href":"https:\/\/cm-fronteira.pt\/pt\/wp-json\/wp\/v2\/types\/page"}],"author":[{"embeddable":true,"href":"https:\/\/cm-fronteira.pt\/pt\/wp-json\/wp\/v2\/users\/13"}],"replies":[{"embeddable":true,"href":"https:\/\/cm-fronteira.pt\/pt\/wp-json\/wp\/v2\/comments?post=566"}],"version-history":[{"count":19,"href":"https:\/\/cm-fronteira.pt\/pt\/wp-json\/wp\/v2\/pages\/566\/revisions"}],"predecessor-version":[{"id":23095,"href":"https:\/\/cm-fronteira.pt\/pt\/wp-json\/wp\/v2\/pages\/566\/revisions\/23095"}],"up":[{"embeddable":true,"href":"https:\/\/cm-fronteira.pt\/pt\/wp-json\/wp\/v2\/pages\/560"}],"wp:attachment":[{"href":"https:\/\/cm-fronteira.pt\/pt\/wp-json\/wp\/v2\/media?parent=566"}],"wp:term":[{"taxonomy":"category","embeddable":true,"href":"https:\/\/cm-fronteira.pt\/pt\/wp-json\/wp\/v2\/categories?post=566"}],"curies":[{"name":"wp","href":"https:\/\/api.w.org\/{rel}","templated":true}]}}