{"id":5313,"date":"2021-02-19T14:35:39","date_gmt":"2021-02-19T14:35:39","guid":{"rendered":"https:\/\/cm-fronteira.pt\/?page_id=5313"},"modified":"2024-08-07T11:29:40","modified_gmt":"2024-08-07T11:29:40","slug":"aguas-do-alto-alentejo","status":"publish","type":"page","link":"https:\/\/cm-fronteira.pt\/pt\/atividade-municipal\/ambiente\/abastecimento-de-aguas\/aguas-do-alto-alentejo\/","title":{"rendered":"\u00c1guas do Alto Alentejo"},"content":{"rendered":"<p><strong>Desde o dia 1 de julho de 2022, a gest\u00e3o dos contratos de abastecimento de \u00e1gua e saneamento de \u00e1guas residuais no concelho de Fronteira est\u00e1 a cargo da empresa intermunicipal \u00c1guas do Alto Alentejo (AAA).<\/strong><\/p>\n<p>Esta empresa, da qual o Munic\u00edpio de Fronteira \u00e9 acionista, em conjunto com os Munic\u00edpios de Alter do Ch\u00e3o, Arronches, Castelo de Vide, Crato, Gavi\u00e3o, Marv\u00e3o, Nisa, Ponte de S\u00f4r e Sousel, surge com o prop\u00f3sito de disponibilizar aos utilizadores um servi\u00e7o ainda mais eficiente e sustent\u00e1vel, que seja eficaz na gest\u00e3o dos recursos existentes e que ofere\u00e7a cada vez mais solu\u00e7\u00f5es os mun\u00edcipes.<\/p>\n<p>&nbsp;<\/p>\n<p><strong>Sede: Ponte de Sor<\/strong><br \/>\nPra\u00e7a da Rep\u00fablica (Edif\u00edcio do Mercado Municipal)<\/p>\n<p><strong>Hor\u00e1rio de Atendimento<\/strong><br \/>\nSegunda a Sexta<br \/>\n09h00 \u00e0s 16h00<\/p>\n<p>&nbsp;<\/p>\n<p><strong>Local de atendimento em Fronteira:<\/strong><br \/>\nRua D. Francisco Portugal (Arquivo Municipal de Fronteira)<\/p>\n<p><strong>Hor\u00e1rio de Atendimento<\/strong><br \/>\nTer\u00e7as<br \/>\n09h00 \u00e0s 13h00 \/ 14h00 \u00e0s 16h00<\/p>\n<p>&nbsp;<\/p>\n<p>A \u00c1guas do Alto Alentejo estar\u00e1 sempre pr\u00f3xima de si, pronta para o esclarecer e ajud\u00e1-lo nas suas necessidades de abastecimento e saneamento:<\/p>\n<p>\u260e\ufe0f\u00a0\u00a0808\u00a0500\u00a0510<br \/>\n????\u00a0\u00a0<u><a href=\"mailto:clientes@aguasdoaltoalentejo.pt\">clientes@aguasdoaltoalentejo.pt<\/a><\/u><br \/>\n????\u00a0<a href=\"https:\/\/www.aguasdoaltoalentejo.pt\/\" target=\"_blank\" rel=\"noopener\">www.aguasdoaltoalentejo.pt<\/a><\/p>","protected":false},"excerpt":{"rendered":"<p>Desde o dia 1 de julho de 2022, a gest\u00e3o dos contratos de abastecimento de \u00e1gua e saneamento de \u00e1guas residuais no concelho de Fronteira est\u00e1 a cargo da empresa intermunicipal \u00c1guas do Alto Alentejo (AAA). Esta empresa, da qual o Munic\u00edpio de Fronteira \u00e9 acionista, em conjunto com os Munic\u00edpios de Alter do Ch\u00e3o, [&hellip;]<\/p>\n","protected":false},"author":13,"featured_media":0,"parent":615,"menu_order":0,"comment_status":"closed","ping_status":"closed","template":"templates-map\/component-text-layout1.php","meta":{"_acf_changed":false,"_exactmetrics_skip_tracking":false,"_exactmetrics_sitenote_active":false,"_exactmetrics_sitenote_note":"","_exactmetrics_sitenote_category":0,"footnotes":""},"categories":[1],"class_list":["post-5313","page","type-page","status-publish","hentry","category-sem-categoria"],"acf":[],"_links":{"self":[{"href":"https:\/\/cm-fronteira.pt\/pt\/wp-json\/wp\/v2\/pages\/5313","targetHints":{"allow":["GET"]}}],"collection":[{"href":"https:\/\/cm-fronteira.pt\/pt\/wp-json\/wp\/v2\/pages"}],"about":[{"href":"https:\/\/cm-fronteira.pt\/pt\/wp-json\/wp\/v2\/types\/page"}],"author":[{"embeddable":true,"href":"https:\/\/cm-fronteira.pt\/pt\/wp-json\/wp\/v2\/users\/13"}],"replies":[{"embeddable":true,"href":"https:\/\/cm-fronteira.pt\/pt\/wp-json\/wp\/v2\/comments?post=5313"}],"version-history":[{"count":21,"href":"https:\/\/cm-fronteira.pt\/pt\/wp-json\/wp\/v2\/pages\/5313\/revisions"}],"predecessor-version":[{"id":17542,"href":"https:\/\/cm-fronteira.pt\/pt\/wp-json\/wp\/v2\/pages\/5313\/revisions\/17542"}],"up":[{"embeddable":true,"href":"https:\/\/cm-fronteira.pt\/pt\/wp-json\/wp\/v2\/pages\/615"}],"wp:attachment":[{"href":"https:\/\/cm-fronteira.pt\/pt\/wp-json\/wp\/v2\/media?parent=5313"}],"wp:term":[{"taxonomy":"category","embeddable":true,"href":"https:\/\/cm-fronteira.pt\/pt\/wp-json\/wp\/v2\/categories?post=5313"}],"curies":[{"name":"wp","href":"https:\/\/api.w.org\/{rel}","templated":true}]}}