{"id":512,"date":"2020-10-28T15:28:35","date_gmt":"2020-10-28T15:28:35","guid":{"rendered":"https:\/\/cm-fronteira.pt\/?page_id=512"},"modified":"2023-10-31T18:06:14","modified_gmt":"2023-10-31T18:06:14","slug":"atribuicoes-e-competencias","status":"publish","type":"page","link":"https:\/\/cm-fronteira.pt\/pt\/municipio\/camara-municipal\/atribuicoes-e-competencias\/","title":{"rendered":"Atribui\u00e7\u00f5es e Compet\u00eancias"},"content":{"rendered":"<p style=\"text-align: justify;\">A C\u00e2mara Municipal \u00e9 o \u00f3rg\u00e3o executivo colegial de cada um dos munic\u00edpios Portugueses. O termo &#8220;c\u00e2mara municipal&#8221; aplica-se tamb\u00e9m ao conjunto dos departamentos e servi\u00e7os da administra\u00e7\u00e3o municipal.<\/p>\n<p style=\"text-align: justify;\">Como \u00f3rg\u00e3o executivo do munic\u00edpio, a C\u00e2mara Municipal \u00e9 respons\u00e1vel pela gest\u00e3o quotidiana e planifica\u00e7\u00e3o do rumo do Concelho. \u00c9 um \u00f3rg\u00e3o colegial, composto por um presidente e por um n\u00famero vari\u00e1vel de vereadores, a que s\u00e3o, ou n\u00e3o, atribu\u00eddos pelouros. O presidente da C\u00e2mara Municipal \u00e9 geralmente o primeiro nome da lista mais votada nas elei\u00e7\u00f5es aut\u00e1rquicas, e em geral os vereadores com pelouros (os que trabalham a tempo inteiro ou a meio tempo na gest\u00e3o da autarquia) s\u00e3o membros eleitos dessa mesma lista. A equipa composta pelo presidente da C\u00e2mara e pelos vereadores tamb\u00e9m \u00e9 referida como executivo municipal ou como verea\u00e7\u00e3o.<\/p>\n<p style=\"text-align: justify;\">Consoante a popula\u00e7\u00e3o do concelho, a C\u00e2mara pode constar de um n\u00famero de vereadores \u00edmpar entre 5 e 17, eleitos por sufr\u00e1gio direto e universal em listas, partid\u00e1rias ou n\u00e3o. O executivo \u00e9 representativo, incluindo tipicamente vereadores eleitos por v\u00e1rias listas.<\/p>\n<p style=\"text-align: justify;\">Relativamente ao Concelho de Fronteira, o Executivo \u00e9 constitu\u00eddo pelo Presidente, eleito pelo Partido Social Democrata, e por 4 Vereadores. No mandato 2021 &#8211; 2025, 3 vereadores foram eleitos pelas listas do Partido Social Democrata e 1 pela lista do Partido Socialista.<\/p>\n<p>&nbsp;<\/p>\n<p>&nbsp;<\/p>\n<h4 style=\"text-align: justify;\"><strong>Compete nomeadamente \u00e0 C\u00e2mara Municipal de Fronteira:<\/strong><\/h4>\n<ul>\n<li style=\"text-align: justify;\">Elaborar e aprovar o seu regimento;<\/li>\n<li style=\"text-align: justify;\">Executar e velar pelo cumprimento das delibera\u00e7\u00f5es da assembleia municipal;<\/li>\n<li style=\"text-align: justify;\">Proceder \u00e0 marca\u00e7\u00e3o e justifica\u00e7\u00e3o das faltas dos seus membros;<\/li>\n<li style=\"text-align: justify;\">Deliberar sobre a loca\u00e7\u00e3o e aquisi\u00e7\u00e3o de bens m\u00f3veis e servi\u00e7os, nos termos da lei;<\/li>\n<li style=\"text-align: justify;\">Alienar os bens m\u00f3veis que se tornem dispens\u00e1veis, nos termos da lei;<\/li>\n<li style=\"text-align: justify;\">Adquirir e alienar ou onerar bens im\u00f3veis de valor at\u00e9 1000 vezes o \u00edndice 100 das carreiras do regime geral do sistema remunerat\u00f3rio da fun\u00e7\u00e3o p\u00fablica;<\/li>\n<li style=\"text-align: justify;\">Alienar em hasta p\u00fablica, independentemente de autoriza\u00e7\u00e3o do \u00f3rg\u00e3o deliberando, bens im\u00f3veis de valor superior ao da al\u00ednea anterior, desde que a aliena\u00e7\u00e3o decorra da execu\u00e7\u00e3o das op\u00e7\u00f5es do plano, e a respetiva delibera\u00e7\u00e3o seja aprovada por maioria de dois ter\u00e7os dos membros em efetividade de fun\u00e7\u00f5es;<\/li>\n<li style=\"text-align: justify;\">Aceitar doa\u00e7\u00f5es, legados e heran\u00e7as a benef\u00edcio de invent\u00e1rio;<\/li>\n<li style=\"text-align: justify;\">Nomear e exonerar o conselho de administra\u00e7\u00e3o dos servi\u00e7os municipalizados, e das empresas p\u00fablicas municipais, assim como os representantes do munic\u00edpio nos \u00f3rg\u00e3os de outras empresas, cooperativas, funda\u00e7\u00f5es ou entidades em que o mesmo detenha alguma participa\u00e7\u00e3o no respectivo capital social ou equiparado;<\/li>\n<li style=\"text-align: justify;\">Fixar as tarifas e os pre\u00e7os da presta\u00e7\u00e3o de servi\u00e7os ao p\u00fablico pelos servi\u00e7os municipais ou municipalizados;<\/li>\n<li style=\"text-align: justify;\">Apoiar ou comparticipar no apoio \u00e0 a\u00e7\u00e3o social escolar e \u00e0s atividades complementares no \u00e2mbito de projetos educativos, nos termos da lei;<\/li>\n<li style=\"text-align: justify;\">Organizar e gerir os transportes escolares;<\/li>\n<li style=\"text-align: justify;\">Resolver, no prazo m\u00e1ximo de 30 dias, sobre os recursos hier\u00e1rquicos impr\u00f3prios que lhe sejam apresentados de todas as delibera\u00e7\u00f5es do conselho de administra\u00e7\u00e3o dos servi\u00e7os Municipalizados;<\/li>\n<li style=\"text-align: justify;\">Deliberar sobre a concess\u00e3o de apoio financeiro, ou outro, a institui\u00e7\u00f5es legalmente constitu\u00eddas pelos funcion\u00e1rios do munic\u00edpio, tendo por objecto o desenvolvimento de atividades culturais, recreativas e desportivas;<\/li>\n<li style=\"text-align: justify;\">Deliberar sobre a atribui\u00e7\u00e3o de subs\u00eddios a institui\u00e7\u00f5es legalmente existentes, criadas ou participadas pelo munic\u00edpio ou criadas pelos seus funcion\u00e1rios, visando a concess\u00e3o de benef\u00edcios sociais aos mesmos e respetivos familiares; Aprovar os projetos, programas de concurso, caderno de encargos e a adjudica\u00e7\u00e3o relativamente a obras e aquisi\u00e7\u00e3o de bens e servi\u00e7os;<\/li>\n<li style=\"text-align: justify;\">Dar cumprimento, no que lhe diz respeito, ao Estatuto do Direito de Oposi\u00e7\u00e3o;<\/li>\n<li style=\"text-align: justify;\">Deliberar sobre a administra\u00e7\u00e3o de \u00e1guas p\u00fablicas sob sua jurisdi\u00e7\u00e3o;<\/li>\n<li style=\"text-align: justify;\">Promover a publica\u00e7\u00e3o de documentos, anais ou boletins que interessem \u00e0 hist\u00f3ria do Munic\u00edpio;<\/li>\n<li style=\"text-align: justify;\">Deliberar sobre o estacionamento de ve\u00edculos nas ruas e demais lugares p\u00fablicos;<\/li>\n<li style=\"text-align: justify;\">Estabelecer a denomina\u00e7\u00e3o das ruas e pra\u00e7as das povoa\u00e7\u00f5es e estabelecer as regras de numera\u00e7\u00e3o dos edif\u00edcios;<\/li>\n<li style=\"text-align: justify;\">Proceder \u00e0 captura, alojamento e abate de can\u00eddeos e gat\u00eddeos, nos termos da legisla\u00e7\u00e3o aplic\u00e1vel;<\/li>\n<li style=\"text-align: justify;\">Deliberar sobre a deambula\u00e7\u00e3o e extin\u00e7\u00e3o de animais nocivos;<\/li>\n<li style=\"text-align: justify;\">Declarar prescritos a favor do munic\u00edpio, nos termos e prazos fixados na lei geral e ap\u00f3s publica\u00e7\u00e3o de avisos, os jazigos, mausol\u00e9us ou outras obras, assim como sepulturas perp\u00e9tuas instaladas nos cemit\u00e9rios de propriedade municipal, quando n\u00e3o sejam conhecidos os seus propriet\u00e1rios ou relativamente aos quais se mostre que, ap\u00f3s notifica\u00e7\u00e3o judicial, se mant\u00e9m desinteresse na sua conserva\u00e7\u00e3o e manuten\u00e7\u00e3o, de forma inequ\u00edvoca e duradoura;<\/li>\n<li style=\"text-align: justify;\">Remeter ao Tribunal de Contas, nos termos da lei, as contas do munic\u00edpio.<\/li>\n<\/ul>\n<p>&nbsp;<\/p>\n<p style=\"text-align: justify;\">O executivo municipal re\u00fane ordinariamente nas segundas e nas \u00faltimas quartas-feiras do m\u00eas, sendo esta \u00faltima sess\u00e3o p\u00fablica.<\/p>\n<p style=\"text-align: justify;\">As reuni\u00f5es decorrem habitualmente no Centro de Interpreta\u00e7\u00e3o da Batalha de Atoleiros.<\/p>\n","protected":false},"excerpt":{"rendered":"<p>A C\u00e2mara Municipal \u00e9 o \u00f3rg\u00e3o executivo colegial de cada um dos munic\u00edpios Portugueses. O termo &#8220;c\u00e2mara municipal&#8221; aplica-se tamb\u00e9m ao conjunto dos departamentos e servi\u00e7os da administra\u00e7\u00e3o municipal. Como \u00f3rg\u00e3o executivo do munic\u00edpio, a C\u00e2mara Municipal \u00e9 respons\u00e1vel pela gest\u00e3o quotidiana e planifica\u00e7\u00e3o do rumo do Concelho. \u00c9 um \u00f3rg\u00e3o colegial, composto por um [&hellip;]<\/p>\n","protected":false},"author":13,"featured_media":0,"parent":508,"menu_order":0,"comment_status":"closed","ping_status":"closed","template":"templates-map\/component-text-layout1.php","meta":{"_acf_changed":false,"_exactmetrics_skip_tracking":false,"_exactmetrics_sitenote_active":false,"_exactmetrics_sitenote_note":"","_exactmetrics_sitenote_category":0,"footnotes":""},"categories":[],"class_list":["post-512","page","type-page","status-publish","hentry"],"acf":[],"_links":{"self":[{"href":"https:\/\/cm-fronteira.pt\/pt\/wp-json\/wp\/v2\/pages\/512","targetHints":{"allow":["GET"]}}],"collection":[{"href":"https:\/\/cm-fronteira.pt\/pt\/wp-json\/wp\/v2\/pages"}],"about":[{"href":"https:\/\/cm-fronteira.pt\/pt\/wp-json\/wp\/v2\/types\/page"}],"author":[{"embeddable":true,"href":"https:\/\/cm-fronteira.pt\/pt\/wp-json\/wp\/v2\/users\/13"}],"replies":[{"embeddable":true,"href":"https:\/\/cm-fronteira.pt\/pt\/wp-json\/wp\/v2\/comments?post=512"}],"version-history":[{"count":12,"href":"https:\/\/cm-fronteira.pt\/pt\/wp-json\/wp\/v2\/pages\/512\/revisions"}],"predecessor-version":[{"id":12729,"href":"https:\/\/cm-fronteira.pt\/pt\/wp-json\/wp\/v2\/pages\/512\/revisions\/12729"}],"up":[{"embeddable":true,"href":"https:\/\/cm-fronteira.pt\/pt\/wp-json\/wp\/v2\/pages\/508"}],"wp:attachment":[{"href":"https:\/\/cm-fronteira.pt\/pt\/wp-json\/wp\/v2\/media?parent=512"}],"wp:term":[{"taxonomy":"category","embeddable":true,"href":"https:\/\/cm-fronteira.pt\/pt\/wp-json\/wp\/v2\/categories?post=512"}],"curies":[{"name":"wp","href":"https:\/\/api.w.org\/{rel}","templated":true}]}}