{"id":23591,"date":"2026-02-24T15:32:05","date_gmt":"2026-02-24T15:32:05","guid":{"rendered":"https:\/\/cm-fronteira.pt\/?page_id=23591"},"modified":"2026-02-24T15:45:54","modified_gmt":"2026-02-24T15:45:54","slug":"participar","status":"publish","type":"page","link":"https:\/\/cm-fronteira.pt\/pt\/municipio\/assembleia-municipal\/participar\/","title":{"rendered":"Participar"},"content":{"rendered":"<p><\/p>\n<p style=\"text-align: justify\"><strong>Aos cidad\u00e3os assiste, nos termos da lei, o direito de presen\u00e7a e participa\u00e7\u00e3o nas sess\u00f5es da Assembleia Municipal.<\/strong><\/p>\n<ol>\n<li style=\"text-align: justify\">O Regimento da Assembleia Municipal de Fronteira , fixa um per\u00edodo de interven\u00e7\u00e3o, n\u00e3o superior a 30 minutos, aberto ao p\u00fablico para apresenta\u00e7\u00e3o de assuntos de interesse municipal e pedidos de esclarecimentos.<\/li>\n<li style=\"text-align: justify\">Os mun\u00edcipes interessados em intervir no per\u00edodo de interven\u00e7\u00e3o do p\u00fablico, dever\u00e3o inscrever-se por correio eletr\u00f3nico para <a href=\"mailto:assembleia.municipal@cm-fronteira.pt\"><strong>assembleia.municipal@cm-fronteira.pt<\/strong><\/a> ou presencialmente no decurso e local de realiza\u00e7\u00e3o da reuni\u00e3o, indicando nome, morada e assunto a tratar.<\/li>\n<li style=\"text-align: justify\">O tempo referido no ponto 2 (30 minutos), ser\u00e1 distribu\u00eddo pelos mun\u00edcipes inscritos, n\u00e3o podendo cada um exceder 10 minutos na sua interven\u00e7\u00e3o.<\/li>\n<li style=\"text-align: justify\">Terminado o per\u00edodo fixado para interven\u00e7\u00e3o do p\u00fablico, o Presidente da C\u00e2mara Municipal ou o(a) Vereador(a) por si indicado, e a Mesa, se for caso disso, responder\u00e3o aos esclarecimentos solicitados.<\/li>\n<li style=\"text-align: justify\">A nenhum(a) cidad\u00e3o(\u00e2) \u00e9 permitido, sob qualquer pretexto, intrometer-se nas discuss\u00f5es e aplaudir ou reprovar as opini\u00f5es emitidas, as vota\u00e7\u00f5es feitas e as delibera\u00e7\u00f5es tomadas, sob pena de sujei\u00e7\u00e3o \u00e0 aplica\u00e7\u00e3o de coima nos termos legalmente previstos.<\/li>\n<\/ol>\n<p>&nbsp;<\/p>","protected":false},"excerpt":{"rendered":"<p>Aos cidad\u00e3os assiste, nos termos da lei, o direito de presen\u00e7a e participa\u00e7\u00e3o nas sess\u00f5es da Assembleia Municipal. O Regimento da Assembleia Municipal de Fronteira , fixa um per\u00edodo de interven\u00e7\u00e3o, n\u00e3o superior a 30 minutos, aberto ao p\u00fablico para apresenta\u00e7\u00e3o de assuntos de interesse municipal e pedidos de esclarecimentos. Os mun\u00edcipes interessados em intervir [&hellip;]<\/p>\n","protected":false},"author":5,"featured_media":0,"parent":560,"menu_order":0,"comment_status":"closed","ping_status":"closed","template":"templates-map\/component-text-layout1.php","meta":{"_acf_changed":false,"_exactmetrics_skip_tracking":false,"_exactmetrics_sitenote_active":false,"_exactmetrics_sitenote_note":"","_exactmetrics_sitenote_category":0,"footnotes":""},"categories":[1373],"class_list":["post-23591","page","type-page","status-publish","hentry","category-assembleia"],"acf":[],"_links":{"self":[{"href":"https:\/\/cm-fronteira.pt\/pt\/wp-json\/wp\/v2\/pages\/23591","targetHints":{"allow":["GET"]}}],"collection":[{"href":"https:\/\/cm-fronteira.pt\/pt\/wp-json\/wp\/v2\/pages"}],"about":[{"href":"https:\/\/cm-fronteira.pt\/pt\/wp-json\/wp\/v2\/types\/page"}],"author":[{"embeddable":true,"href":"https:\/\/cm-fronteira.pt\/pt\/wp-json\/wp\/v2\/users\/5"}],"replies":[{"embeddable":true,"href":"https:\/\/cm-fronteira.pt\/pt\/wp-json\/wp\/v2\/comments?post=23591"}],"version-history":[{"count":2,"href":"https:\/\/cm-fronteira.pt\/pt\/wp-json\/wp\/v2\/pages\/23591\/revisions"}],"predecessor-version":[{"id":23593,"href":"https:\/\/cm-fronteira.pt\/pt\/wp-json\/wp\/v2\/pages\/23591\/revisions\/23593"}],"up":[{"embeddable":true,"href":"https:\/\/cm-fronteira.pt\/pt\/wp-json\/wp\/v2\/pages\/560"}],"wp:attachment":[{"href":"https:\/\/cm-fronteira.pt\/pt\/wp-json\/wp\/v2\/media?parent=23591"}],"wp:term":[{"taxonomy":"category","embeddable":true,"href":"https:\/\/cm-fronteira.pt\/pt\/wp-json\/wp\/v2\/categories?post=23591"}],"curies":[{"name":"wp","href":"https:\/\/api.w.org\/{rel}","templated":true}]}}