{"id":23585,"date":"2026-02-24T12:00:58","date_gmt":"2026-02-24T12:00:58","guid":{"rendered":"https:\/\/cm-fronteira.pt\/?page_id=23585"},"modified":"2026-03-05T11:29:18","modified_gmt":"2026-03-05T11:29:18","slug":"reunioes","status":"publish","type":"page","link":"https:\/\/cm-fronteira.pt\/pt\/municipio\/assembleia-municipal\/reunioes\/","title":{"rendered":"Reuni\u00f5es"},"content":{"rendered":"<p><\/p>\n<section class=\"con-001\">\n<div class=\"con-001_content\">\n<div class=\"con-001_title-inner BodyPrimaryNeutralLeft\">\n<p data-wahfont=\"19\"><a href=\"https:\/\/cm-fronteira.pt\/wp-content\/uploads\/2023\/04\/assembleia_Municipais_Destaque_site.png\"><img decoding=\"async\" class=\"alignnone wp-image-11909 size-full\" src=\"https:\/\/cm-fronteira.pt\/wp-content\/uploads\/2023\/04\/assembleia_Municipais_Destaque_site.png\" alt=\"\" width=\"1920\" height=\"650\" srcset=\"https:\/\/cm-fronteira.pt\/wp-content\/uploads\/2023\/04\/assembleia_Municipais_Destaque_site.png 1920w, https:\/\/cm-fronteira.pt\/wp-content\/uploads\/2023\/04\/assembleia_Municipais_Destaque_site-300x102.png 300w, https:\/\/cm-fronteira.pt\/wp-content\/uploads\/2023\/04\/assembleia_Municipais_Destaque_site-1024x347.png 1024w, https:\/\/cm-fronteira.pt\/wp-content\/uploads\/2023\/04\/assembleia_Municipais_Destaque_site-768x260.png 768w, https:\/\/cm-fronteira.pt\/wp-content\/uploads\/2023\/04\/assembleia_Municipais_Destaque_site-1536x520.png 1536w, https:\/\/cm-fronteira.pt\/wp-content\/uploads\/2023\/04\/assembleia_Municipais_Destaque_site-1320x447.png 1320w\" sizes=\"(max-width: 1920px) 100vw, 1920px\" \/><\/a><\/p>\n<p data-wahfont=\"19\">A Assembleia Municipal tem cinco sess\u00f5es ordin\u00e1rias anuais que ocorrem, geralmente, nos seguintes meses:<\/p>\n<ul>\n<li data-wahfont=\"19\"><strong>Fevereiro<\/strong><\/li>\n<li data-wahfont=\"19\"><strong>Abril<\/strong><\/li>\n<li data-wahfont=\"19\"><strong>Junho<\/strong><\/li>\n<li data-wahfont=\"19\"><strong>Setembro<\/strong><\/li>\n<li data-wahfont=\"19\"><strong>Novembro ou Dezembro<\/strong><\/li>\n<\/ul>\n<p data-wahfont=\"19\">Em regra, a sess\u00e3o de\u00a0<strong>Novembro<\/strong>\u00a0destina-se \u00e0 discuss\u00e3o e vota\u00e7\u00e3o dos documentos provisionais para o ano seguinte e a sess\u00e3o de\u00a0<strong>Abril<\/strong>\u00a0\u00e0 discuss\u00e3o e vota\u00e7\u00e3o do Relat\u00f3rio de Gest\u00e3o do ano anterior.<\/p>\n<p data-wahfont=\"19\">As sess\u00f5es decorrem habitualmente no <strong>Sal\u00e3o Nobre da C\u00e2mara Municipal de Fronteira.<\/strong><\/p>\n<hr \/>\n<p data-wahfont=\"19\"><span style=\"color: #972621\">Pr\u00f3xima sess\u00e3o: <strong>09.Mar\u00e7o.2026<\/strong><\/span><\/p>\n<\/div>\n<\/div>\n<\/section>\n<p>&nbsp;<\/p>","protected":false},"excerpt":{"rendered":"<p>A Assembleia Municipal tem cinco sess\u00f5es ordin\u00e1rias anuais que ocorrem, geralmente, nos seguintes meses: Fevereiro Abril Junho Setembro Novembro ou Dezembro Em regra, a sess\u00e3o de\u00a0Novembro\u00a0destina-se \u00e0 discuss\u00e3o e vota\u00e7\u00e3o dos documentos provisionais para o ano seguinte e a sess\u00e3o de\u00a0Abril\u00a0\u00e0 discuss\u00e3o e vota\u00e7\u00e3o do Relat\u00f3rio de Gest\u00e3o do ano anterior. As sess\u00f5es decorrem habitualmente [&hellip;]<\/p>\n","protected":false},"author":5,"featured_media":0,"parent":560,"menu_order":0,"comment_status":"closed","ping_status":"closed","template":"templates-map\/component-file-gallery-layout3.php","meta":{"_acf_changed":false,"_exactmetrics_skip_tracking":false,"_exactmetrics_sitenote_active":false,"_exactmetrics_sitenote_note":"","_exactmetrics_sitenote_category":0,"footnotes":""},"categories":[1373],"class_list":["post-23585","page","type-page","status-publish","hentry","category-assembleia"],"acf":[],"_links":{"self":[{"href":"https:\/\/cm-fronteira.pt\/pt\/wp-json\/wp\/v2\/pages\/23585","targetHints":{"allow":["GET"]}}],"collection":[{"href":"https:\/\/cm-fronteira.pt\/pt\/wp-json\/wp\/v2\/pages"}],"about":[{"href":"https:\/\/cm-fronteira.pt\/pt\/wp-json\/wp\/v2\/types\/page"}],"author":[{"embeddable":true,"href":"https:\/\/cm-fronteira.pt\/pt\/wp-json\/wp\/v2\/users\/5"}],"replies":[{"embeddable":true,"href":"https:\/\/cm-fronteira.pt\/pt\/wp-json\/wp\/v2\/comments?post=23585"}],"version-history":[{"count":7,"href":"https:\/\/cm-fronteira.pt\/pt\/wp-json\/wp\/v2\/pages\/23585\/revisions"}],"predecessor-version":[{"id":23693,"href":"https:\/\/cm-fronteira.pt\/pt\/wp-json\/wp\/v2\/pages\/23585\/revisions\/23693"}],"up":[{"embeddable":true,"href":"https:\/\/cm-fronteira.pt\/pt\/wp-json\/wp\/v2\/pages\/560"}],"wp:attachment":[{"href":"https:\/\/cm-fronteira.pt\/pt\/wp-json\/wp\/v2\/media?parent=23585"}],"wp:term":[{"taxonomy":"category","embeddable":true,"href":"https:\/\/cm-fronteira.pt\/pt\/wp-json\/wp\/v2\/categories?post=23585"}],"curies":[{"name":"wp","href":"https:\/\/api.w.org\/{rel}","templated":true}]}}