{"id":23127,"date":"2025-11-14T15:45:11","date_gmt":"2025-11-14T15:45:11","guid":{"rendered":"https:\/\/cm-fronteira.pt\/?page_id=23127"},"modified":"2025-11-14T16:06:26","modified_gmt":"2025-11-14T16:06:26","slug":"eleicoes-presidenciais-2026","status":"publish","type":"page","link":"https:\/\/cm-fronteira.pt\/pt\/municipio\/eleicoes\/eleicoes-presidenciais-2026\/","title":{"rendered":"Elei\u00e7\u00f5es Presidenciais 2026"},"content":{"rendered":"<p><\/p>\n<p style=\"text-align: left\"><a href=\"https:\/\/cm-fronteira.pt\/wp-content\/uploads\/2025\/11\/Destaque2_Presidenciais26_site-scaled.png\"><img decoding=\"async\" class=\"size-large wp-image-23130 alignnone\" src=\"https:\/\/cm-fronteira.pt\/wp-content\/uploads\/2025\/11\/Destaque2_Presidenciais26_site-1024x347.png\" alt=\"\" width=\"1024\" height=\"347\" srcset=\"https:\/\/cm-fronteira.pt\/wp-content\/uploads\/2025\/11\/Destaque2_Presidenciais26_site-1024x347.png 1024w, https:\/\/cm-fronteira.pt\/wp-content\/uploads\/2025\/11\/Destaque2_Presidenciais26_site-300x102.png 300w, https:\/\/cm-fronteira.pt\/wp-content\/uploads\/2025\/11\/Destaque2_Presidenciais26_site-768x260.png 768w, https:\/\/cm-fronteira.pt\/wp-content\/uploads\/2025\/11\/Destaque2_Presidenciais26_site-1536x520.png 1536w, https:\/\/cm-fronteira.pt\/wp-content\/uploads\/2025\/11\/Destaque2_Presidenciais26_site-2048x694.png 2048w, https:\/\/cm-fronteira.pt\/wp-content\/uploads\/2025\/11\/Destaque2_Presidenciais26_site-1320x447.png 1320w\" sizes=\"(max-width: 1024px) 100vw, 1024px\" \/><\/a><\/p>\n<hr \/>\n<p style=\"text-align: justify\">As elei\u00e7\u00f5es presidenciais portuguesas de 2026, tamb\u00e9m designadas por elei\u00e7\u00f5es para o Presidente da Rep\u00fablica, dever\u00e3o ter lugar em Portugal a <strong>18 de janeiro de 2026<\/strong>, para eleger um novo chefe de Estado para os cinco anos seguintes.<\/p>\n<p><\/p>","protected":false},"excerpt":{"rendered":"<p>As elei\u00e7\u00f5es presidenciais portuguesas de 2026, tamb\u00e9m designadas por elei\u00e7\u00f5es para o Presidente da Rep\u00fablica, dever\u00e3o ter lugar em Portugal a 18 de janeiro de 2026, para eleger um novo chefe de Estado para os cinco anos seguintes.<\/p>\n","protected":false},"author":5,"featured_media":0,"parent":23123,"menu_order":0,"comment_status":"closed","ping_status":"closed","template":"templates-map\/component-text-list-layout2.php","meta":{"_acf_changed":false,"_exactmetrics_skip_tracking":false,"_exactmetrics_sitenote_active":false,"_exactmetrics_sitenote_note":"","_exactmetrics_sitenote_category":0,"footnotes":""},"categories":[1336],"class_list":["post-23127","page","type-page","status-publish","hentry","category-municipio"],"acf":[],"_links":{"self":[{"href":"https:\/\/cm-fronteira.pt\/pt\/wp-json\/wp\/v2\/pages\/23127","targetHints":{"allow":["GET"]}}],"collection":[{"href":"https:\/\/cm-fronteira.pt\/pt\/wp-json\/wp\/v2\/pages"}],"about":[{"href":"https:\/\/cm-fronteira.pt\/pt\/wp-json\/wp\/v2\/types\/page"}],"author":[{"embeddable":true,"href":"https:\/\/cm-fronteira.pt\/pt\/wp-json\/wp\/v2\/users\/5"}],"replies":[{"embeddable":true,"href":"https:\/\/cm-fronteira.pt\/pt\/wp-json\/wp\/v2\/comments?post=23127"}],"version-history":[{"count":2,"href":"https:\/\/cm-fronteira.pt\/pt\/wp-json\/wp\/v2\/pages\/23127\/revisions"}],"predecessor-version":[{"id":23135,"href":"https:\/\/cm-fronteira.pt\/pt\/wp-json\/wp\/v2\/pages\/23127\/revisions\/23135"}],"up":[{"embeddable":true,"href":"https:\/\/cm-fronteira.pt\/pt\/wp-json\/wp\/v2\/pages\/23123"}],"wp:attachment":[{"href":"https:\/\/cm-fronteira.pt\/pt\/wp-json\/wp\/v2\/media?parent=23127"}],"wp:term":[{"taxonomy":"category","embeddable":true,"href":"https:\/\/cm-fronteira.pt\/pt\/wp-json\/wp\/v2\/categories?post=23127"}],"curies":[{"name":"wp","href":"https:\/\/api.w.org\/{rel}","templated":true}]}}