{"id":22895,"date":"2025-11-05T12:12:37","date_gmt":"2025-11-05T12:12:37","guid":{"rendered":"https:\/\/cm-fronteira.pt\/?page_id=22895"},"modified":"2025-11-05T16:45:58","modified_gmt":"2025-11-05T16:45:58","slug":"radar-social","status":"publish","type":"page","link":"https:\/\/cm-fronteira.pt\/pt\/atividade-municipal\/acao-social-e-saude\/radar-social\/","title":{"rendered":"Radar Social"},"content":{"rendered":"<p><\/p>\n<h3 style=\"text-align: justify\"><strong><br \/>\n<span style=\"color: #972621\">\u00c2mbito\/Objetivos<\/span><\/strong><\/h3>\n<p style=\"text-align: justify\">No \u00e2mbito do Plano de Recupera\u00e7\u00e3o e Resili\u00eancia (PRR) &#8211; Componente 03 Respostas Sociais &#8211; Investimento RE-C03-i01 Nova Gera\u00e7\u00e3o de Equipamentos e Respostas Sociais, surge a medida Radar Social.<\/p>\n<p style=\"text-align: justify\"><strong>O Radar Social assenta:<\/strong><\/p>\n<ul style=\"text-align: justify\">\n<li style=\"text-align: justify\">No desenvolvimento de um trabalho de parceria e de coopera\u00e7\u00e3o;<\/li>\n<li style=\"text-align: justify\">Num procedimento de referencia\u00e7\u00e3o e de (re)conhecimento dos problemas de pobreza e exclus\u00e3o social, em complementaridade com as redes locais.<\/li>\n<\/ul>\n<p style=\"text-align: justify\"><strong>Pretende:<\/strong><\/p>\n<ul style=\"text-align: justify\">\n<li style=\"text-align: justify\">Implementar um sistema integrado de georreferencia\u00e7\u00e3o social e de capacita\u00e7\u00e3o dos territ\u00f3rios na ativa\u00e7\u00e3o das respostas e otimiza\u00e7\u00e3o dos recursos, visando trazer maior efic\u00e1cia \u00e0 a\u00e7\u00e3o das entidades locais, apoiada na no\u00e7\u00e3o de desenvolvimento social e integrada numa perspetiva do desenvolvimento local.<\/li>\n<li style=\"text-align: justify\">Os destinat\u00e1rios s\u00e3o as pessoas, fam\u00edlias ou grupos em situa\u00e7\u00e3o de vulnerabilidade social, incluindo as pessoas em situa\u00e7\u00e3o de risco de pobreza, exclus\u00e3o social ou discrimina\u00e7\u00e3o nas suas m\u00faltiplas dimens\u00f5es.<\/li>\n<\/ul>\n<p>&nbsp;<\/p>\n<p>&nbsp;<\/p>\n<h3><span style=\"color: #972621\">Fundamenta\u00e7\u00e3o e objetivo do projeto<\/span><\/h3>\n<p style=\"text-align: justify\">De acordo com o Diagn\u00f3stico Social do concelho, atentos \u00e0s suas grandes prioridades de atua\u00e7\u00e3o e eixos de interven\u00e7\u00e3o e tendo presente o \u00edndice de envelhecimento do concelho (com um r\u00e1cio 351,18 de acordo com os Censos de 2021), faz sentido uma breve reflex\u00e3o.<\/p>\n<p style=\"text-align: justify\">As fam\u00edlias constituem uma parte integrante da rede de prote\u00e7\u00e3o social sendo o primeiro n\u00edvel de suporte e de apoio para seus membros. O papel da fam\u00edlia na presta\u00e7\u00e3o de apoio social \u00e9 bastante abrangente.<br \/>\nO concelho de Fronteira, \u00e0 semelhan\u00e7a de outros concelhos do Distrito de Portalegre, tem assistido a mudan\u00e7as significativas nas estruturas familiares ao longo das \u00faltimas d\u00e9cadas. As causas para tais altera\u00e7\u00f5es s\u00e3o m\u00faltiplas e incluem fen\u00f3menos como o envelhecimento da popula\u00e7\u00e3o, os processos de urbaniza\u00e7\u00e3o, as mudan\u00e7as na din\u00e2mica do trabalho ou as altera\u00e7\u00f5es na forma\u00e7\u00e3o dos relacionamentos. No concelho de Fronteira \u00e9 poss\u00edvel verificar um elevado n\u00famero de fam\u00edlias unipessoais, correspondendo a 27,0% do total de fam\u00edlias.<\/p>\n<p style=\"text-align: justify\">As altera\u00e7\u00f5es na dimens\u00e3o das fam\u00edlias indicam uma mudan\u00e7a na din\u00e2mica familiar e na composi\u00e7\u00e3o global das fam\u00edlias na regi\u00e3o e no concelho. As implica\u00e7\u00f5es sociais desta tend\u00eancia n\u00e3o devem ser subestimadas. Fam\u00edlias mais pequenas podem significar menos apoio para familiares idosos, por exemplo.<\/p>\n<p style=\"text-align: justify\">Esta \u00e9 uma situa\u00e7\u00e3o que pode traduzir-se numa maior vulnerabilidade dos idosos na medida em que pode resultar numa maior dificuldade financeira, falta de apoio social, decl\u00ednio da sa\u00fade mental, maiores dificuldades com as tarefas do dia-a-dia e uma maior exposi\u00e7\u00e3o a fraudes, por exemplo. Decorre destas tend\u00eancias a necessidade de uma aten\u00e7\u00e3o particular para o desenvolvimento de pol\u00edticas locais de apoio e de suporte dirigidas a idosos que residem sozinhos (ou em casal) e que incidam sobre as diferentes dimens\u00f5es do problema.<br \/>\nAssim, atentos \u00e0 quest\u00e3o do envelhecimento demogr\u00e1fico e atrav\u00e9s de um trabalho em rede, pretende-se com este projeto a promo\u00e7\u00e3o do bem-estar das pessoas idosas do concelho de Fronteira, mitigando a problem\u00e1tica do isolamento social, refor\u00e7ando a rede de suporte e apoio social e promovendo a inova\u00e7\u00e3o de pr\u00e1ticas de bem estar e qualidade de vida.<\/p>\n<p>&nbsp;<\/p>\n<p>&nbsp;<\/p>\n<h3><span style=\"color: #972621\">Equipa Radar Social<\/span><\/h3>\n<p>A equipa do Radar Social desenvolve a sua atividade na Rede Social e nas suas estruturas operacionais, enquanto recursos humanos permanentes para mobiliza\u00e7\u00e3o da Rede, em grande proximidade e articula\u00e7\u00e3o com as institui\u00e7\u00f5es que comp\u00f5e a rede de parcerias locais,<\/p>\n<p style=\"text-align: justify\"><strong>Atividades a Executar:<\/strong><\/p>\n<ul>\n<li style=\"text-align: justify\">Referencia\u00e7\u00e3o em contexto de vida, da pessoa ou a fam\u00edlia em situa\u00e7\u00e3o de vulnerabilidade social;<\/li>\n<li style=\"text-align: justify\">Realiza\u00e7\u00e3o da avalia\u00e7\u00e3o social preliminar e prospetiva da situa\u00e7\u00e3o sociofamiliar, registando o seu resultado no sistema integrado de georreferencia\u00e7\u00e3o;<\/li>\n<li style=\"text-align: justify\">Informa\u00e7\u00e3o\/orienta\u00e7\u00e3o da pessoa ou fam\u00edlia, assegurando o seu encaminhamento para a rede dos servi\u00e7os de atendimento e acompanhamento social ou dos parceiros da Rede Social, mediante a ativa\u00e7\u00e3o do sistema integrado de referencia\u00e7\u00e3o;<\/li>\n<li style=\"text-align: justify\">Ativa\u00e7\u00e3o direta da rede de recursos locais da Rede Social local, sempre que da referencia\u00e7\u00e3o resultar a necessidade de uma interven\u00e7\u00e3o social emergencial<\/li>\n<\/ul>\n<p>&nbsp;<\/p>\n<h3><span style=\"color: #972621\"><strong>Contactos:<\/strong><\/span><\/h3>\n<ul>\n<li><strong>245 604 307<\/strong><\/li>\n<li><a href=\"mailto:radar.social@cm-fronteira.pt\"><strong>radar.social@cm-fronteira.pt<\/strong><\/a><\/li>\n<li><strong>ADI-TC, Largo Her\u00f3is da P\u00e1tria, Apartado n.\u00ba 7, Fronteira, Portugal<\/strong><\/li>\n<\/ul>\n<p><\/p>","protected":false},"excerpt":{"rendered":"<p>\u00c2mbito\/Objetivos No \u00e2mbito do Plano de Recupera\u00e7\u00e3o e Resili\u00eancia (PRR) &#8211; Componente 03 Respostas Sociais &#8211; Investimento RE-C03-i01 Nova Gera\u00e7\u00e3o de Equipamentos e Respostas Sociais, surge a medida Radar Social. O Radar Social assenta: No desenvolvimento de um trabalho de parceria e de coopera\u00e7\u00e3o; Num procedimento de referencia\u00e7\u00e3o e de (re)conhecimento dos problemas de pobreza [&hellip;]<\/p>\n","protected":false},"author":5,"featured_media":0,"parent":729,"menu_order":0,"comment_status":"closed","ping_status":"closed","template":"templates-map\/component-text-layout1.php","meta":{"_acf_changed":false,"_exactmetrics_skip_tracking":false,"_exactmetrics_sitenote_active":false,"_exactmetrics_sitenote_note":"","_exactmetrics_sitenote_category":0,"footnotes":""},"categories":[1346],"class_list":["post-22895","page","type-page","status-publish","hentry","category-acao-social-e-saude"],"acf":[],"_links":{"self":[{"href":"https:\/\/cm-fronteira.pt\/pt\/wp-json\/wp\/v2\/pages\/22895","targetHints":{"allow":["GET"]}}],"collection":[{"href":"https:\/\/cm-fronteira.pt\/pt\/wp-json\/wp\/v2\/pages"}],"about":[{"href":"https:\/\/cm-fronteira.pt\/pt\/wp-json\/wp\/v2\/types\/page"}],"author":[{"embeddable":true,"href":"https:\/\/cm-fronteira.pt\/pt\/wp-json\/wp\/v2\/users\/5"}],"replies":[{"embeddable":true,"href":"https:\/\/cm-fronteira.pt\/pt\/wp-json\/wp\/v2\/comments?post=22895"}],"version-history":[{"count":22,"href":"https:\/\/cm-fronteira.pt\/pt\/wp-json\/wp\/v2\/pages\/22895\/revisions"}],"predecessor-version":[{"id":22923,"href":"https:\/\/cm-fronteira.pt\/pt\/wp-json\/wp\/v2\/pages\/22895\/revisions\/22923"}],"up":[{"embeddable":true,"href":"https:\/\/cm-fronteira.pt\/pt\/wp-json\/wp\/v2\/pages\/729"}],"wp:attachment":[{"href":"https:\/\/cm-fronteira.pt\/pt\/wp-json\/wp\/v2\/media?parent=22895"}],"wp:term":[{"taxonomy":"category","embeddable":true,"href":"https:\/\/cm-fronteira.pt\/pt\/wp-json\/wp\/v2\/categories?post=22895"}],"curies":[{"name":"wp","href":"https:\/\/api.w.org\/{rel}","templated":true}]}}