{"id":22413,"date":"2025-08-26T10:13:41","date_gmt":"2025-08-26T10:13:41","guid":{"rendered":"https:\/\/cm-fronteira.pt\/?page_id=22413"},"modified":"2025-08-27T15:24:35","modified_gmt":"2025-08-27T15:24:35","slug":"servico-municipal-de-protecao-civil","status":"publish","type":"page","link":"https:\/\/cm-fronteira.pt\/pt\/atividade-municipal\/servico-municipal-de-protecao-civil\/","title":{"rendered":"Servi\u00e7o Municipal de Prote\u00e7\u00e3o Civil"},"content":{"rendered":"<p><\/p>\n<p style=\"text-align: justify\">O Servi\u00e7o Municipal de Prote\u00e7\u00e3o Civil de Fronteira (SMPC) est\u00e1 diretamente ligado ao pelouro da Prote\u00e7\u00e3o Civil que \u00e9 assumido pelo Presidente da C\u00e2mara Municipal de Fronteira.<\/p>\n<div>\n<p class=\"x_p3\" style=\"text-align: justify\"><span class=\"x_s2\">O enquadramento legal da prote\u00e7\u00e3o civil municipal em Portugal \u00e9 definido principalmente pela\u00a0<span class=\"x_s3\">Lei n.\u00ba 65\/2007<\/span>\u00a0(e legisla\u00e7\u00e3o complementar e regulamentar associada), que estabelece as compet\u00eancias dos munic\u00edpios, com destaque para os\u00a0<span class=\"x_s3\">Sistemas Municipais de Prote\u00e7\u00e3o Civil<\/span>, e a organiza\u00e7\u00e3o e funcionamento da\u00a0<span class=\"x_s3\">Comiss\u00e3o Municipal de Prote\u00e7\u00e3o Civil<\/span>\u00a0e das\u00a0<span class=\"x_s3\">Unidades Locais de Prote\u00e7\u00e3o Civil (ULPC)<\/span>.\u00a0<\/span><\/p>\n<p class=\"x_p3\" style=\"text-align: justify\"><span class=\"x_s2\">A prote\u00e7\u00e3o civil municipal tem como objetivo prevenir riscos, atenuar os seus efeitos, e proteger pessoas e bens, sendo a atividade desenvolvida atrav\u00e9s da elabora\u00e7\u00e3o e execu\u00e7\u00e3o de\u00a0<span class=\"x_s3\">Planos de Emerg\u00eancia de Prote\u00e7\u00e3o Civil Municipais<\/span>.\u00a0<\/span><\/p>\n<\/div>\n<p>&nbsp;<\/p>\n<p>&nbsp;<\/p>","protected":false},"excerpt":{"rendered":"<p>O Servi\u00e7o Municipal de Prote\u00e7\u00e3o Civil de Fronteira (SMPC) est\u00e1 diretamente ligado ao pelouro da Prote\u00e7\u00e3o Civil que \u00e9 assumido pelo Presidente da C\u00e2mara Municipal de Fronteira. O enquadramento legal da prote\u00e7\u00e3o civil municipal em Portugal \u00e9 definido principalmente pela\u00a0Lei n.\u00ba 65\/2007\u00a0(e legisla\u00e7\u00e3o complementar e regulamentar associada), que estabelece as compet\u00eancias dos munic\u00edpios, com destaque [&hellip;]<\/p>\n","protected":false},"author":5,"featured_media":0,"parent":373,"menu_order":0,"comment_status":"closed","ping_status":"closed","template":"templates-map\/component-text-list-layout2.php","meta":{"_acf_changed":false,"_exactmetrics_skip_tracking":false,"_exactmetrics_sitenote_active":false,"_exactmetrics_sitenote_note":"","_exactmetrics_sitenote_category":0,"footnotes":""},"categories":[1343],"class_list":["post-22413","page","type-page","status-publish","hentry","category-protecao-civil"],"acf":[],"_links":{"self":[{"href":"https:\/\/cm-fronteira.pt\/pt\/wp-json\/wp\/v2\/pages\/22413","targetHints":{"allow":["GET"]}}],"collection":[{"href":"https:\/\/cm-fronteira.pt\/pt\/wp-json\/wp\/v2\/pages"}],"about":[{"href":"https:\/\/cm-fronteira.pt\/pt\/wp-json\/wp\/v2\/types\/page"}],"author":[{"embeddable":true,"href":"https:\/\/cm-fronteira.pt\/pt\/wp-json\/wp\/v2\/users\/5"}],"replies":[{"embeddable":true,"href":"https:\/\/cm-fronteira.pt\/pt\/wp-json\/wp\/v2\/comments?post=22413"}],"version-history":[{"count":8,"href":"https:\/\/cm-fronteira.pt\/pt\/wp-json\/wp\/v2\/pages\/22413\/revisions"}],"predecessor-version":[{"id":22431,"href":"https:\/\/cm-fronteira.pt\/pt\/wp-json\/wp\/v2\/pages\/22413\/revisions\/22431"}],"up":[{"embeddable":true,"href":"https:\/\/cm-fronteira.pt\/pt\/wp-json\/wp\/v2\/pages\/373"}],"wp:attachment":[{"href":"https:\/\/cm-fronteira.pt\/pt\/wp-json\/wp\/v2\/media?parent=22413"}],"wp:term":[{"taxonomy":"category","embeddable":true,"href":"https:\/\/cm-fronteira.pt\/pt\/wp-json\/wp\/v2\/categories?post=22413"}],"curies":[{"name":"wp","href":"https:\/\/api.w.org\/{rel}","templated":true}]}}