{"id":22400,"date":"2025-08-19T09:36:53","date_gmt":"2025-08-19T09:36:53","guid":{"rendered":"https:\/\/cm-fronteira.pt\/?page_id=22400"},"modified":"2025-08-19T09:42:54","modified_gmt":"2025-08-19T09:42:54","slug":"plano-municipal-de-acao-climatica","status":"publish","type":"page","link":"https:\/\/cm-fronteira.pt\/pt\/atividade-municipal\/ambiente\/plano-municipal-de-acao-climatica\/","title":{"rendered":"Plano Municipal de A\u00e7\u00e3o Clim\u00e1tica"},"content":{"rendered":"<p><\/p>\n<p style=\"text-align: justify\">\n<p>De acordo com a Lei de Bases do Clima (LBC)- Lei n.\u00ba 98\/2021, de 31 de dezembro, que define as bases da pol\u00edtica do clima, \u00e9 reconhecido o papel das autarquias locais na programa\u00e7\u00e3o e execu\u00e7\u00e3o de pol\u00edticas clim\u00e1ticas no \u00e2mbito das suas atribui\u00e7\u00f5es e compet\u00eancias, assegurando a sua coer\u00eancia com os instrumentos de gest\u00e3o territorial. \u00c9 neste contexto que o Munic\u00edpio de Fronteira desenvolve o seu Plano Municipal de A\u00e7\u00e3o Clim\u00e1tica (PMAC), instrumento de planeamento da pol\u00edtica clim\u00e1tica a n\u00edvel local que visa a caracteriza\u00e7\u00e3o do concelho (incluindo um invent\u00e1rio de emiss\u00f5es e as principais vulnerabilidades) e a defini\u00e7\u00e3o de medidas espec\u00edficas em mat\u00e9ria de mitiga\u00e7\u00e3o e adapta\u00e7\u00e3o, contribuindo para a neutralidade clim\u00e1tica e para a adapta\u00e7\u00e3o \u00e0s altera\u00e7\u00f5es clim\u00e1ticas.<\/p>\n<p><\/p>","protected":false},"excerpt":{"rendered":"<p>De acordo com a Lei de Bases do Clima (LBC)- Lei n.\u00ba 98\/2021, de 31 de dezembro, que define as bases da pol\u00edtica do clima, \u00e9 reconhecido o papel das autarquias locais na programa\u00e7\u00e3o e execu\u00e7\u00e3o de pol\u00edticas clim\u00e1ticas no \u00e2mbito das suas atribui\u00e7\u00f5es e compet\u00eancias, assegurando a sua coer\u00eancia com os instrumentos de gest\u00e3o [&hellip;]<\/p>\n","protected":false},"author":5,"featured_media":0,"parent":611,"menu_order":0,"comment_status":"closed","ping_status":"closed","template":"templates-map\/component-text-layout1.php","meta":{"_acf_changed":false,"_exactmetrics_skip_tracking":false,"_exactmetrics_sitenote_active":false,"_exactmetrics_sitenote_note":"","_exactmetrics_sitenote_category":0,"footnotes":""},"categories":[1],"class_list":["post-22400","page","type-page","status-publish","hentry","category-sem-categoria"],"acf":[],"_links":{"self":[{"href":"https:\/\/cm-fronteira.pt\/pt\/wp-json\/wp\/v2\/pages\/22400","targetHints":{"allow":["GET"]}}],"collection":[{"href":"https:\/\/cm-fronteira.pt\/pt\/wp-json\/wp\/v2\/pages"}],"about":[{"href":"https:\/\/cm-fronteira.pt\/pt\/wp-json\/wp\/v2\/types\/page"}],"author":[{"embeddable":true,"href":"https:\/\/cm-fronteira.pt\/pt\/wp-json\/wp\/v2\/users\/5"}],"replies":[{"embeddable":true,"href":"https:\/\/cm-fronteira.pt\/pt\/wp-json\/wp\/v2\/comments?post=22400"}],"version-history":[{"count":4,"href":"https:\/\/cm-fronteira.pt\/pt\/wp-json\/wp\/v2\/pages\/22400\/revisions"}],"predecessor-version":[{"id":22405,"href":"https:\/\/cm-fronteira.pt\/pt\/wp-json\/wp\/v2\/pages\/22400\/revisions\/22405"}],"up":[{"embeddable":true,"href":"https:\/\/cm-fronteira.pt\/pt\/wp-json\/wp\/v2\/pages\/611"}],"wp:attachment":[{"href":"https:\/\/cm-fronteira.pt\/pt\/wp-json\/wp\/v2\/media?parent=22400"}],"wp:term":[{"taxonomy":"category","embeddable":true,"href":"https:\/\/cm-fronteira.pt\/pt\/wp-json\/wp\/v2\/categories?post=22400"}],"curies":[{"name":"wp","href":"https:\/\/api.w.org\/{rel}","templated":true}]}}