{"id":22341,"date":"2025-08-05T15:51:23","date_gmt":"2025-08-05T15:51:23","guid":{"rendered":"https:\/\/cm-fronteira.pt\/?page_id=22341"},"modified":"2025-11-14T16:05:17","modified_gmt":"2025-11-14T16:05:17","slug":"eleicoes-autarquicas-2025","status":"publish","type":"page","link":"https:\/\/cm-fronteira.pt\/pt\/municipio\/eleicoes\/eleicoes-autarquicas-2025\/","title":{"rendered":"Elei\u00e7\u00f5es Aut\u00e1rquicas 2025"},"content":{"rendered":"<p><a href=\"https:\/\/cm-fronteira.pt\/wp-content\/uploads\/2025\/08\/Destaque-Site_autarquicas2025-scaled.png\"><img loading=\"lazy\" decoding=\"async\" class=\"wp-image-22346 size-full alignleft\" src=\"https:\/\/cm-fronteira.pt\/wp-content\/uploads\/2025\/08\/Destaque-Site_autarquicas2025-scaled.png\" alt=\"\" width=\"2560\" height=\"867\" srcset=\"https:\/\/cm-fronteira.pt\/wp-content\/uploads\/2025\/08\/Destaque-Site_autarquicas2025-scaled.png 2560w, https:\/\/cm-fronteira.pt\/wp-content\/uploads\/2025\/08\/Destaque-Site_autarquicas2025-300x102.png 300w, https:\/\/cm-fronteira.pt\/wp-content\/uploads\/2025\/08\/Destaque-Site_autarquicas2025-1024x347.png 1024w, https:\/\/cm-fronteira.pt\/wp-content\/uploads\/2025\/08\/Destaque-Site_autarquicas2025-768x260.png 768w, https:\/\/cm-fronteira.pt\/wp-content\/uploads\/2025\/08\/Destaque-Site_autarquicas2025-1536x520.png 1536w, https:\/\/cm-fronteira.pt\/wp-content\/uploads\/2025\/08\/Destaque-Site_autarquicas2025-2048x694.png 2048w, https:\/\/cm-fronteira.pt\/wp-content\/uploads\/2025\/08\/Destaque-Site_autarquicas2025-1320x447.png 1320w\" sizes=\"auto, (max-width: 2560px) 100vw, 2560px\" \/><\/a><\/p>\n<hr \/>\n<p style=\"text-align: justify\">As elei\u00e7\u00f5es aut\u00e1rquicas portuguesas de 2025, ou elei\u00e7\u00f5es para as C\u00e2maras Municipais, Assembleias Municipais, Juntas de Freguesia e Assembleias de Freguesias ser\u00e3o realizadas a <strong>12 de outubro de 2025.<\/strong><\/p>\n<p style=\"text-align: justify\">Para informa\u00e7\u00f5es adicionais, deve consultar o s\u00edtio oficial da\u00a0<strong>Comiss\u00e3o Nacional de Elei\u00e7\u00f5es<\/strong>\u00a0na Internet em\u00a0<a href=\"http:\/\/www.cne.pt\/\" target=\"_blank\" rel=\"noopener\" data-wahfont=\"19\">www.cne.pt<\/a>\u00a0ou contactar os servi\u00e7os desta Comiss\u00e3o atrav\u00e9s do n\u00famero de telefone\u00a0<strong>213 923 800.<\/strong><\/p>\n<p><\/p>","protected":false},"excerpt":{"rendered":"<p>As elei\u00e7\u00f5es aut\u00e1rquicas portuguesas de 2025, ou elei\u00e7\u00f5es para as C\u00e2maras Municipais, Assembleias Municipais, Juntas de Freguesia e Assembleias de Freguesias ser\u00e3o realizadas a 12 de outubro de 2025. Para informa\u00e7\u00f5es adicionais, deve consultar o s\u00edtio oficial da\u00a0Comiss\u00e3o Nacional de Elei\u00e7\u00f5es\u00a0na Internet em\u00a0www.cne.pt\u00a0ou contactar os servi\u00e7os desta Comiss\u00e3o atrav\u00e9s do n\u00famero de telefone\u00a0213 923 800.<\/p>\n","protected":false},"author":5,"featured_media":0,"parent":23123,"menu_order":0,"comment_status":"closed","ping_status":"closed","template":"templates-map\/component-text-list-layout2.php","meta":{"_acf_changed":false,"_exactmetrics_skip_tracking":false,"_exactmetrics_sitenote_active":false,"_exactmetrics_sitenote_note":"","_exactmetrics_sitenote_category":0,"footnotes":""},"categories":[1336],"class_list":["post-22341","page","type-page","status-publish","hentry","category-municipio"],"acf":[],"_links":{"self":[{"href":"https:\/\/cm-fronteira.pt\/pt\/wp-json\/wp\/v2\/pages\/22341","targetHints":{"allow":["GET"]}}],"collection":[{"href":"https:\/\/cm-fronteira.pt\/pt\/wp-json\/wp\/v2\/pages"}],"about":[{"href":"https:\/\/cm-fronteira.pt\/pt\/wp-json\/wp\/v2\/types\/page"}],"author":[{"embeddable":true,"href":"https:\/\/cm-fronteira.pt\/pt\/wp-json\/wp\/v2\/users\/5"}],"replies":[{"embeddable":true,"href":"https:\/\/cm-fronteira.pt\/pt\/wp-json\/wp\/v2\/comments?post=22341"}],"version-history":[{"count":6,"href":"https:\/\/cm-fronteira.pt\/pt\/wp-json\/wp\/v2\/pages\/22341\/revisions"}],"predecessor-version":[{"id":22351,"href":"https:\/\/cm-fronteira.pt\/pt\/wp-json\/wp\/v2\/pages\/22341\/revisions\/22351"}],"up":[{"embeddable":true,"href":"https:\/\/cm-fronteira.pt\/pt\/wp-json\/wp\/v2\/pages\/23123"}],"wp:attachment":[{"href":"https:\/\/cm-fronteira.pt\/pt\/wp-json\/wp\/v2\/media?parent=22341"}],"wp:term":[{"taxonomy":"category","embeddable":true,"href":"https:\/\/cm-fronteira.pt\/pt\/wp-json\/wp\/v2\/categories?post=22341"}],"curies":[{"name":"wp","href":"https:\/\/api.w.org\/{rel}","templated":true}]}}