{"id":21943,"date":"2025-03-14T15:04:09","date_gmt":"2025-03-14T15:04:09","guid":{"rendered":"https:\/\/cm-fronteira.pt\/?page_id=21943"},"modified":"2025-03-14T15:24:44","modified_gmt":"2025-03-14T15:24:44","slug":"torneio-de-futsal-de-fronteira","status":"publish","type":"page","link":"https:\/\/cm-fronteira.pt\/pt\/lazer\/eventos-e-atividades-desportivas\/torneio-de-futsal-de-fronteira\/","title":{"rendered":"Torneio de Futsal de Fronteira"},"content":{"rendered":"<p><\/p>\n<p style=\"text-align: justify\">O <strong>Munic\u00edpio de Fronteira<\/strong> em parceria com o <strong>Atl\u00e9tico Clube Fronteirense<\/strong> promovem, anualmente, o <strong>Torneio de Futsal de Fronteira <\/strong>no Pavilh\u00e3o Municipal.<\/p>\n<p style=\"text-align: justify\">Este torneio \u00e9 destinado aos escal\u00f5es de <strong>infantis<\/strong> (nascidos entre 2015 e 2012), <strong>juvenis<\/strong> (nascidos entre 2011 e 2008), <strong>seniores<\/strong> (nascidos em 2006 e anos anteriores) e <strong>veteranos<\/strong> (nascidos em 1990 e anos anteriores).<\/p>\n<hr \/>\n<p><a href=\"https:\/\/cm-fronteira.pt\/wp-content\/uploads\/2025\/03\/cartaz-Torneio-Futsal_2025.png\"><img decoding=\"async\" class=\"aligncenter wp-image-21936 size-large\" src=\"https:\/\/cm-fronteira.pt\/wp-content\/uploads\/2025\/03\/cartaz-Torneio-Futsal_2025-731x1024.png\" alt=\"\" width=\"731\" height=\"1024\" srcset=\"https:\/\/cm-fronteira.pt\/wp-content\/uploads\/2025\/03\/cartaz-Torneio-Futsal_2025-731x1024.png 731w, https:\/\/cm-fronteira.pt\/wp-content\/uploads\/2025\/03\/cartaz-Torneio-Futsal_2025-214x300.png 214w, https:\/\/cm-fronteira.pt\/wp-content\/uploads\/2025\/03\/cartaz-Torneio-Futsal_2025-768x1076.png 768w, https:\/\/cm-fronteira.pt\/wp-content\/uploads\/2025\/03\/cartaz-Torneio-Futsal_2025-1097x1536.png 1097w, https:\/\/cm-fronteira.pt\/wp-content\/uploads\/2025\/03\/cartaz-Torneio-Futsal_2025-1462x2048.png 1462w, https:\/\/cm-fronteira.pt\/wp-content\/uploads\/2025\/03\/cartaz-Torneio-Futsal_2025-1320x1849.png 1320w, https:\/\/cm-fronteira.pt\/wp-content\/uploads\/2025\/03\/cartaz-Torneio-Futsal_2025.png 1814w\" sizes=\"(max-width: 731px) 100vw, 731px\" \/><\/a><\/p>\n<hr \/>\n<p style=\"text-align: justify\">A data agendada para o ano de <strong>2025<\/strong> \u00e9 de <strong>31 de maio a 21 e junho.<\/strong><\/p>\n<p style=\"text-align: justify\">As inscri\u00e7\u00f5es para este torneio podem ser feitas at\u00e9 ao dia 19 de maio, estando o sorteio marcado para dia 23, na Biblioteca Municipal de Fronteira.<\/p>\n<p style=\"text-align: justify\">Para inscrever deve preencher o <strong>formul\u00e1rio<\/strong> abaixo e enviar para o email: <a href=\"mailto:desporto@cm-fronteira.pt\">desporto@cm-fronteira.pt<\/a><\/p>\n<p><\/p>","protected":false},"excerpt":{"rendered":"<p>O Munic\u00edpio de Fronteira em parceria com o Atl\u00e9tico Clube Fronteirense promovem, anualmente, o Torneio de Futsal de Fronteira no Pavilh\u00e3o Municipal. Este torneio \u00e9 destinado aos escal\u00f5es de infantis (nascidos entre 2015 e 2012), juvenis (nascidos entre 2011 e 2008), seniores (nascidos em 2006 e anos anteriores) e veteranos (nascidos em 1990 e anos [&hellip;]<\/p>\n","protected":false},"author":5,"featured_media":0,"parent":7573,"menu_order":0,"comment_status":"closed","ping_status":"closed","template":"templates-map\/component-text-layout1.php","meta":{"_acf_changed":false,"_exactmetrics_skip_tracking":false,"_exactmetrics_sitenote_active":false,"_exactmetrics_sitenote_note":"","_exactmetrics_sitenote_category":0,"footnotes":""},"categories":[1],"class_list":["post-21943","page","type-page","status-publish","hentry","category-sem-categoria"],"acf":[],"_links":{"self":[{"href":"https:\/\/cm-fronteira.pt\/pt\/wp-json\/wp\/v2\/pages\/21943","targetHints":{"allow":["GET"]}}],"collection":[{"href":"https:\/\/cm-fronteira.pt\/pt\/wp-json\/wp\/v2\/pages"}],"about":[{"href":"https:\/\/cm-fronteira.pt\/pt\/wp-json\/wp\/v2\/types\/page"}],"author":[{"embeddable":true,"href":"https:\/\/cm-fronteira.pt\/pt\/wp-json\/wp\/v2\/users\/5"}],"replies":[{"embeddable":true,"href":"https:\/\/cm-fronteira.pt\/pt\/wp-json\/wp\/v2\/comments?post=21943"}],"version-history":[{"count":5,"href":"https:\/\/cm-fronteira.pt\/pt\/wp-json\/wp\/v2\/pages\/21943\/revisions"}],"predecessor-version":[{"id":21949,"href":"https:\/\/cm-fronteira.pt\/pt\/wp-json\/wp\/v2\/pages\/21943\/revisions\/21949"}],"up":[{"embeddable":true,"href":"https:\/\/cm-fronteira.pt\/pt\/wp-json\/wp\/v2\/pages\/7573"}],"wp:attachment":[{"href":"https:\/\/cm-fronteira.pt\/pt\/wp-json\/wp\/v2\/media?parent=21943"}],"wp:term":[{"taxonomy":"category","embeddable":true,"href":"https:\/\/cm-fronteira.pt\/pt\/wp-json\/wp\/v2\/categories?post=21943"}],"curies":[{"name":"wp","href":"https:\/\/api.w.org\/{rel}","templated":true}]}}