{"id":21810,"date":"2025-02-14T15:44:52","date_gmt":"2025-02-14T15:44:52","guid":{"rendered":"https:\/\/cm-fronteira.pt\/?page_id=21810"},"modified":"2025-02-14T15:54:31","modified_gmt":"2025-02-14T15:54:31","slug":"portal-de-denuncias","status":"publish","type":"page","link":"https:\/\/cm-fronteira.pt\/pt\/servicos\/comunicacao-de-ocorrencias\/portal-de-denuncias\/","title":{"rendered":"Portal de Den\u00fancias"},"content":{"rendered":"<p>&nbsp;<\/p>\n<p style=\"text-align: justify\">A Plataforma de den\u00fancias da C\u00e2mara Municipal de Fronteira serve para submeter informa\u00e7\u00f5es acerca de fatos conden\u00e1veis, anti\u00e9ticos, ilegais, ou que violem o C\u00f3digo de \u00c9tica e Conduta da empresa. A den\u00fancia deve ser utilizada para revelar situa\u00e7\u00f5es que, de outra forma, n\u00e3o seriam reveladas.<\/p>\n<p>As den\u00fancias podem ser registadas escrita ou verbalmente, de forma an\u00f3nima ou identificada, indicando, nesta \u00faltima op\u00e7\u00e3o, o nome e informa\u00e7\u00f5es de contato do denunciante. A descri\u00e7\u00e3o dos fatos narrados deve conter o m\u00e1ximo de detalhes poss\u00edvel, de modo a facilitar o seguimento da apura\u00e7\u00e3o.<\/p>\n<p>&nbsp;<\/p>\n<p><strong>Mais informa\u00e7\u00e3o no link:<\/strong><\/p>","protected":false},"excerpt":{"rendered":"<p>&nbsp; A Plataforma de den\u00fancias da C\u00e2mara Municipal de Fronteira serve para submeter informa\u00e7\u00f5es acerca de fatos conden\u00e1veis, anti\u00e9ticos, ilegais, ou que violem o C\u00f3digo de \u00c9tica e Conduta da empresa. A den\u00fancia deve ser utilizada para revelar situa\u00e7\u00f5es que, de outra forma, n\u00e3o seriam reveladas. As den\u00fancias podem ser registadas escrita ou verbalmente, de [&hellip;]<\/p>\n","protected":false},"author":5,"featured_media":0,"parent":8376,"menu_order":0,"comment_status":"closed","ping_status":"closed","template":"templates-map\/component-link-list-layout1.php","meta":{"_acf_changed":false,"_exactmetrics_skip_tracking":false,"_exactmetrics_sitenote_active":false,"_exactmetrics_sitenote_note":"","_exactmetrics_sitenote_category":0,"footnotes":""},"categories":[1],"class_list":["post-21810","page","type-page","status-publish","hentry","category-sem-categoria"],"acf":[],"_links":{"self":[{"href":"https:\/\/cm-fronteira.pt\/pt\/wp-json\/wp\/v2\/pages\/21810","targetHints":{"allow":["GET"]}}],"collection":[{"href":"https:\/\/cm-fronteira.pt\/pt\/wp-json\/wp\/v2\/pages"}],"about":[{"href":"https:\/\/cm-fronteira.pt\/pt\/wp-json\/wp\/v2\/types\/page"}],"author":[{"embeddable":true,"href":"https:\/\/cm-fronteira.pt\/pt\/wp-json\/wp\/v2\/users\/5"}],"replies":[{"embeddable":true,"href":"https:\/\/cm-fronteira.pt\/pt\/wp-json\/wp\/v2\/comments?post=21810"}],"version-history":[{"count":4,"href":"https:\/\/cm-fronteira.pt\/pt\/wp-json\/wp\/v2\/pages\/21810\/revisions"}],"predecessor-version":[{"id":21816,"href":"https:\/\/cm-fronteira.pt\/pt\/wp-json\/wp\/v2\/pages\/21810\/revisions\/21816"}],"up":[{"embeddable":true,"href":"https:\/\/cm-fronteira.pt\/pt\/wp-json\/wp\/v2\/pages\/8376"}],"wp:attachment":[{"href":"https:\/\/cm-fronteira.pt\/pt\/wp-json\/wp\/v2\/media?parent=21810"}],"wp:term":[{"taxonomy":"category","embeddable":true,"href":"https:\/\/cm-fronteira.pt\/pt\/wp-json\/wp\/v2\/categories?post=21810"}],"curies":[{"name":"wp","href":"https:\/\/api.w.org\/{rel}","templated":true}]}}