{"id":21707,"date":"2025-01-27T16:03:15","date_gmt":"2025-01-27T16:03:15","guid":{"rendered":"https:\/\/cm-fronteira.pt\/?page_id=21707"},"modified":"2025-01-28T12:58:27","modified_gmt":"2025-01-28T12:58:27","slug":"2025-contratacao-publica","status":"publish","type":"page","link":"https:\/\/cm-fronteira.pt\/pt\/atividade-municipal\/financas-municipais\/contratacao-publica\/2025-contratacao-publica\/","title":{"rendered":"2025 \/ Contrata\u00e7\u00e3o P\u00fablica"},"content":{"rendered":"<p><\/p>\n<p style=\"text-align: justify\" data-wahfont=\"19\">Informa\u00e7\u00e3o de abertura de concurso e procedimentos adjudicados para aquisi\u00e7\u00f5es de bens, servi\u00e7os, empreitadas e concess\u00f5es de obras ou servi\u00e7os p\u00fablicos.<\/p>\n<p style=\"text-align: justify\" data-wahfont=\"19\">O Munic\u00edpio de Fronteira aderiu \u00e0 plataforma eletr\u00f3nica de compras Saphety, que permite solicitar e receber propostas em formato eletr\u00f3nico (on-line), divulgando de forma mais r\u00e1pida e eficiente, as suas ofertas de contrata\u00e7\u00e3o.<\/p>\n<hr \/>\n<p data-wahfont=\"19\"><a href=\"https:\/\/www.vortal.biz\/pt-pt\/\" target=\"_blank\" rel=\"noopener\"><img decoding=\"async\" class=\"size-full wp-image-17648 alignleft\" src=\"https:\/\/cm-fronteira.pt\/wp-content\/uploads\/2024\/09\/saphetygov-by-vortal-300x75-1.png\" alt=\"\" width=\"300\" height=\"75\" \/><\/a><\/p>\n<p><\/p>","protected":false},"excerpt":{"rendered":"<p>Informa\u00e7\u00e3o de abertura de concurso e procedimentos adjudicados para aquisi\u00e7\u00f5es de bens, servi\u00e7os, empreitadas e concess\u00f5es de obras ou servi\u00e7os p\u00fablicos. O Munic\u00edpio de Fronteira aderiu \u00e0 plataforma eletr\u00f3nica de compras Saphety, que permite solicitar e receber propostas em formato eletr\u00f3nico (on-line), divulgando de forma mais r\u00e1pida e eficiente, as suas ofertas de contrata\u00e7\u00e3o.<\/p>\n","protected":false},"author":5,"featured_media":0,"parent":3987,"menu_order":0,"comment_status":"closed","ping_status":"closed","template":"templates-map\/component-text-list-layout2.php","meta":{"_acf_changed":false,"_exactmetrics_skip_tracking":false,"_exactmetrics_sitenote_active":false,"_exactmetrics_sitenote_note":"","_exactmetrics_sitenote_category":0,"footnotes":""},"categories":[1],"class_list":["post-21707","page","type-page","status-publish","hentry","category-sem-categoria"],"acf":[],"_links":{"self":[{"href":"https:\/\/cm-fronteira.pt\/pt\/wp-json\/wp\/v2\/pages\/21707","targetHints":{"allow":["GET"]}}],"collection":[{"href":"https:\/\/cm-fronteira.pt\/pt\/wp-json\/wp\/v2\/pages"}],"about":[{"href":"https:\/\/cm-fronteira.pt\/pt\/wp-json\/wp\/v2\/types\/page"}],"author":[{"embeddable":true,"href":"https:\/\/cm-fronteira.pt\/pt\/wp-json\/wp\/v2\/users\/5"}],"replies":[{"embeddable":true,"href":"https:\/\/cm-fronteira.pt\/pt\/wp-json\/wp\/v2\/comments?post=21707"}],"version-history":[{"count":2,"href":"https:\/\/cm-fronteira.pt\/pt\/wp-json\/wp\/v2\/pages\/21707\/revisions"}],"predecessor-version":[{"id":21728,"href":"https:\/\/cm-fronteira.pt\/pt\/wp-json\/wp\/v2\/pages\/21707\/revisions\/21728"}],"up":[{"embeddable":true,"href":"https:\/\/cm-fronteira.pt\/pt\/wp-json\/wp\/v2\/pages\/3987"}],"wp:attachment":[{"href":"https:\/\/cm-fronteira.pt\/pt\/wp-json\/wp\/v2\/media?parent=21707"}],"wp:term":[{"taxonomy":"category","embeddable":true,"href":"https:\/\/cm-fronteira.pt\/pt\/wp-json\/wp\/v2\/categories?post=21707"}],"curies":[{"name":"wp","href":"https:\/\/api.w.org\/{rel}","templated":true}]}}