{"id":17478,"date":"2024-08-01T11:40:02","date_gmt":"2024-08-01T11:40:02","guid":{"rendered":"https:\/\/cm-fronteira.pt\/?page_id=17478"},"modified":"2024-08-01T15:06:21","modified_gmt":"2024-08-01T15:06:21","slug":"ecopista-atoleiros-sulfurea","status":"publish","type":"page","link":"https:\/\/cm-fronteira.pt\/pt\/lazer\/equipamentos\/ecopista-atoleiros-sulfurea\/","title":{"rendered":"Ecopista Atoleiros \u2013 Sulf\u00farea"},"content":{"rendered":"<p><\/p>\n<h4><strong>18 KM DE DESCOBERTAS SAUD\u00c1VEIS<\/strong><\/h4>\n<hr \/>\n<p style=\"text-align: justify;\">O ramal ferrovi\u00e1rio de Portalegre fazia a liga\u00e7\u00e3o de comboio entre a linha de \u00c9vora (em Estremoz) e a linha do Leste (na esta\u00e7\u00e3o ferrovi\u00e1ria de Portalegre). O tro\u00e7o deste ramal entre Sousel e Cabe\u00e7o de Vide foi inaugurado em 20 de janeiro de 1937. A liga\u00e7\u00e3o entre Cabe\u00e7o de Vide e a esta\u00e7\u00e3o de Portalegre entraria em funcionamento apenas em 21 de janeiro de 1949. O ramal foi desativado em 1 de janeiro de 1990. O antigo canal ferrovi\u00e1rio e o edificado das esta\u00e7\u00f5es, apeadeiros e casas de fun\u00e7\u00e3o deixavam de ser conservados a partir desse momento e este patrim\u00f3nio foi-se sucessivamente degradando.<\/p>\n<p style=\"text-align: justify;\">No concelho de Fronteira, por\u00e9m, o Munic\u00edpio assumiu a responsabilidade da gest\u00e3o deste espa\u00e7o e requalificou as esta\u00e7\u00f5es de Cabe\u00e7o de Vide e de Fronteira, transformando o canal ferrovi\u00e1rio em Ecopista.<\/p>\n<p style=\"text-align: justify;\">O tro\u00e7o foi designado <strong>Ecopista Atoleiros- Sulf\u00farea<\/strong> e passou ainda a integrar o percurso dos Caminhos de Santiago.<\/p>\n<p style=\"text-align: justify;\">Iniciando o percurso em Atoleiros, este grande marco hist\u00f3rico do concelho de Fronteira e da independ\u00eancia de Portugal, caminhamos, tal como as tropas de Nuno \u00c1lvares Pereira o fizeram em Abril de 1384, em dire\u00e7\u00e3o a Fronteira. Na margem esquerda da Ecopista come\u00e7amos a vislumbrar a imponente Torre do Rel\u00f3gio, s\u00edmbolo ic\u00f3nico da nossa vila pitoresca. A tra\u00e7a das casas caiadas de branco mistura-se com o verde do percurso, numa imagem tranquilizante e apaziguadora onde o chilrear dos p\u00e1ssaros serve de pano de fundo ao passeio. Em breve, rasgamos pelo meio do Terr\u00f3dromo de Fronteira at\u00e9 encontrar um espelho de \u00e1gua no alto da imponente Ponte do Caminho-de-ferro sobre a Ribeira Grande.<\/p>\n<p style=\"text-align: justify;\">As suaves inclina\u00e7\u00f5es do tra\u00e7ado associadas \u00e0 plan\u00edcie que recortada por longas retas, trazem \u00e0 mem\u00f3ria o trilhar do comboio enquanto se trabalhava de sol a sol nos campos agr\u00edcolas que s\u00e3o, ainda hoje, fatores econ\u00f3micos de grande relevo na regi\u00e3o.<\/p>\n<p style=\"text-align: justify;\">Pelo caminho somos presenteados com o melhor do Alto Alentejo. Dos l\u00edrios \u00e0s oliveiras, aos sobreiros e azinheiras que nos servem de guias. Damos por n\u00f3s em Cabe\u00e7o de Vide e respiramos o ar fresco da Sulf\u00farea com o seu complexo termal de portas abertas para nos refrescar e hidratar.<\/p>\n<p style=\"text-align: justify;\">S\u00e3o quase <strong>18 kms de descobertas saud\u00e1veis, a p\u00e9 ou de bicicleta<\/strong>, em passo lento ou acelerado, ligados \u00e0 hist\u00f3ria e \u00e0 natureza, numa tranquilidade em que o tempo serve o prop\u00f3sito de sermos felizes!<\/p>\n<p>&nbsp;<\/p>\n<hr \/>\n<p>\n\t\t<style type=\"text\/css\">\n\t\t\t#gallery-1 {\n\t\t\t\tmargin: auto;\n\t\t\t}\n\t\t\t#gallery-1 .gallery-item {\n\t\t\t\tfloat: left;\n\t\t\t\tmargin-top: 10px;\n\t\t\t\ttext-align: center;\n\t\t\t\twidth: 25%;\n\t\t\t}\n\t\t\t#gallery-1 img {\n\t\t\t\tborder: 2px solid #cfcfcf;\n\t\t\t}\n\t\t\t#gallery-1 .gallery-caption {\n\t\t\t\tmargin-left: 0;\n\t\t\t}\n\t\t\t\/* see gallery_shortcode() in wp-includes\/media.php *\/\n\t\t<\/style>\n\t\t<div id='gallery-1' class='gallery galleryid-17478 gallery-columns-4 gallery-size-thumbnail'><dl class='gallery-item'>\n\t\t\t<dt class='gallery-icon portrait'>\n\t\t\t\t<a href='https:\/\/cm-fronteira.pt\/wp-content\/uploads\/2024\/08\/ECOPISTA-ATOLEIROS-SULFUREA-1.jpg'><img loading=\"lazy\" decoding=\"async\" width=\"150\" height=\"150\" src=\"https:\/\/cm-fronteira.pt\/wp-content\/uploads\/2024\/08\/ECOPISTA-ATOLEIROS-SULFUREA-1-150x150.jpg\" class=\"attachment-thumbnail size-thumbnail\" alt=\"\" \/><\/a>\n\t\t\t<\/dt><\/dl><dl class='gallery-item'>\n\t\t\t<dt class='gallery-icon portrait'>\n\t\t\t\t<a href='https:\/\/cm-fronteira.pt\/wp-content\/uploads\/2024\/08\/ECOPISTA-ATOLEIROS-SULFUREA-2.jpg'><img loading=\"lazy\" decoding=\"async\" width=\"150\" height=\"150\" src=\"https:\/\/cm-fronteira.pt\/wp-content\/uploads\/2024\/08\/ECOPISTA-ATOLEIROS-SULFUREA-2-150x150.jpg\" class=\"attachment-thumbnail size-thumbnail\" alt=\"\" \/><\/a>\n\t\t\t<\/dt><\/dl><dl class='gallery-item'>\n\t\t\t<dt class='gallery-icon portrait'>\n\t\t\t\t<a href='https:\/\/cm-fronteira.pt\/wp-content\/uploads\/2024\/08\/ECOPISTA-ATOLEIROS-SULFUREA-3.jpg'><img loading=\"lazy\" decoding=\"async\" width=\"150\" height=\"150\" src=\"https:\/\/cm-fronteira.pt\/wp-content\/uploads\/2024\/08\/ECOPISTA-ATOLEIROS-SULFUREA-3-150x150.jpg\" class=\"attachment-thumbnail size-thumbnail\" alt=\"\" \/><\/a>\n\t\t\t<\/dt><\/dl><dl class='gallery-item'>\n\t\t\t<dt class='gallery-icon portrait'>\n\t\t\t\t<a href='https:\/\/cm-fronteira.pt\/wp-content\/uploads\/2024\/08\/ECOPISTA-ATOLEIROS-SULFUREA-4-scaled.jpg'><img loading=\"lazy\" decoding=\"async\" width=\"150\" height=\"150\" src=\"https:\/\/cm-fronteira.pt\/wp-content\/uploads\/2024\/08\/ECOPISTA-ATOLEIROS-SULFUREA-4-150x150.jpg\" class=\"attachment-thumbnail size-thumbnail\" alt=\"\" \/><\/a>\n\t\t\t<\/dt><\/dl><br style=\"clear: both\" \/><dl class='gallery-item'>\n\t\t\t<dt class='gallery-icon landscape'>\n\t\t\t\t<a href='https:\/\/cm-fronteira.pt\/wp-content\/uploads\/2024\/08\/ECOPISTA-ATOLEIROS-SULFUREA-5.jpg'><img loading=\"lazy\" decoding=\"async\" width=\"150\" height=\"150\" src=\"https:\/\/cm-fronteira.pt\/wp-content\/uploads\/2024\/08\/ECOPISTA-ATOLEIROS-SULFUREA-5-150x150.jpg\" class=\"attachment-thumbnail size-thumbnail\" alt=\"\" \/><\/a>\n\t\t\t<\/dt><\/dl><dl class='gallery-item'>\n\t\t\t<dt class='gallery-icon landscape'>\n\t\t\t\t<a href='https:\/\/cm-fronteira.pt\/wp-content\/uploads\/2024\/08\/ECOPISTA-ATOLEIROS-SULFUREA-6.jpg'><img loading=\"lazy\" decoding=\"async\" width=\"150\" height=\"150\" src=\"https:\/\/cm-fronteira.pt\/wp-content\/uploads\/2024\/08\/ECOPISTA-ATOLEIROS-SULFUREA-6-150x150.jpg\" class=\"attachment-thumbnail size-thumbnail\" alt=\"\" \/><\/a>\n\t\t\t<\/dt><\/dl><dl class='gallery-item'>\n\t\t\t<dt class='gallery-icon landscape'>\n\t\t\t\t<a href='https:\/\/cm-fronteira.pt\/wp-content\/uploads\/2024\/08\/ECOPISTA-ATOLEIROS-SULFUREA-7.jpg'><img loading=\"lazy\" decoding=\"async\" width=\"150\" height=\"150\" src=\"https:\/\/cm-fronteira.pt\/wp-content\/uploads\/2024\/08\/ECOPISTA-ATOLEIROS-SULFUREA-7-150x150.jpg\" class=\"attachment-thumbnail size-thumbnail\" alt=\"\" \/><\/a>\n\t\t\t<\/dt><\/dl><dl class='gallery-item'>\n\t\t\t<dt class='gallery-icon landscape'>\n\t\t\t\t<a href='https:\/\/cm-fronteira.pt\/wp-content\/uploads\/2024\/08\/ECOPISTA-ATOLEIROS-SULFUREA-8.jpg'><img loading=\"lazy\" decoding=\"async\" width=\"150\" height=\"150\" src=\"https:\/\/cm-fronteira.pt\/wp-content\/uploads\/2024\/08\/ECOPISTA-ATOLEIROS-SULFUREA-8-150x150.jpg\" class=\"attachment-thumbnail size-thumbnail\" alt=\"\" \/><\/a>\n\t\t\t<\/dt><\/dl><br style=\"clear: both\" \/><dl class='gallery-item'>\n\t\t\t<dt class='gallery-icon landscape'>\n\t\t\t\t<a href='https:\/\/cm-fronteira.pt\/wp-content\/uploads\/2024\/08\/ecopista-Atoleiros-sulfurea1.jpg'><img loading=\"lazy\" decoding=\"async\" width=\"150\" height=\"150\" src=\"https:\/\/cm-fronteira.pt\/wp-content\/uploads\/2024\/08\/ecopista-Atoleiros-sulfurea1-150x150.jpg\" class=\"attachment-thumbnail size-thumbnail\" alt=\"\" srcset=\"https:\/\/cm-fronteira.pt\/wp-content\/uploads\/2024\/08\/ecopista-Atoleiros-sulfurea1-150x150.jpg 150w, https:\/\/cm-fronteira.pt\/wp-content\/uploads\/2024\/08\/ecopista-Atoleiros-sulfurea1-300x300.jpg 300w, https:\/\/cm-fronteira.pt\/wp-content\/uploads\/2024\/08\/ecopista-Atoleiros-sulfurea1-1024x1024.jpg 1024w, https:\/\/cm-fronteira.pt\/wp-content\/uploads\/2024\/08\/ecopista-Atoleiros-sulfurea1-768x768.jpg 768w, https:\/\/cm-fronteira.pt\/wp-content\/uploads\/2024\/08\/ecopista-Atoleiros-sulfurea1-1320x1320.jpg 1320w, https:\/\/cm-fronteira.pt\/wp-content\/uploads\/2024\/08\/ecopista-Atoleiros-sulfurea1.jpg 1440w\" sizes=\"auto, (max-width: 150px) 100vw, 150px\" \/><\/a>\n\t\t\t<\/dt><\/dl><dl class='gallery-item'>\n\t\t\t<dt class='gallery-icon landscape'>\n\t\t\t\t<a href='https:\/\/cm-fronteira.pt\/wp-content\/uploads\/2024\/08\/ecopista-Atoleiros-sulfurea2.jpg'><img loading=\"lazy\" decoding=\"async\" width=\"150\" height=\"150\" src=\"https:\/\/cm-fronteira.pt\/wp-content\/uploads\/2024\/08\/ecopista-Atoleiros-sulfurea2-150x150.jpg\" class=\"attachment-thumbnail size-thumbnail\" alt=\"\" srcset=\"https:\/\/cm-fronteira.pt\/wp-content\/uploads\/2024\/08\/ecopista-Atoleiros-sulfurea2-150x150.jpg 150w, https:\/\/cm-fronteira.pt\/wp-content\/uploads\/2024\/08\/ecopista-Atoleiros-sulfurea2-300x300.jpg 300w, https:\/\/cm-fronteira.pt\/wp-content\/uploads\/2024\/08\/ecopista-Atoleiros-sulfurea2-1024x1024.jpg 1024w, https:\/\/cm-fronteira.pt\/wp-content\/uploads\/2024\/08\/ecopista-Atoleiros-sulfurea2-768x768.jpg 768w, https:\/\/cm-fronteira.pt\/wp-content\/uploads\/2024\/08\/ecopista-Atoleiros-sulfurea2-1320x1320.jpg 1320w, https:\/\/cm-fronteira.pt\/wp-content\/uploads\/2024\/08\/ecopista-Atoleiros-sulfurea2.jpg 1440w\" sizes=\"auto, (max-width: 150px) 100vw, 150px\" \/><\/a>\n\t\t\t<\/dt><\/dl><dl class='gallery-item'>\n\t\t\t<dt class='gallery-icon portrait'>\n\t\t\t\t<a href='https:\/\/cm-fronteira.pt\/wp-content\/uploads\/2024\/08\/ecopista-Atoleiros-sulfurea3.jpg'><img loading=\"lazy\" decoding=\"async\" width=\"150\" height=\"150\" src=\"https:\/\/cm-fronteira.pt\/wp-content\/uploads\/2024\/08\/ecopista-Atoleiros-sulfurea3-150x150.jpg\" class=\"attachment-thumbnail size-thumbnail\" alt=\"\" \/><\/a>\n\t\t\t<\/dt><\/dl><dl class='gallery-item'>\n\t\t\t<dt class='gallery-icon portrait'>\n\t\t\t\t<a href='https:\/\/cm-fronteira.pt\/wp-content\/uploads\/2024\/08\/ecopista-Atoleiros-sulfurea5.jpg'><img loading=\"lazy\" decoding=\"async\" width=\"150\" height=\"150\" src=\"https:\/\/cm-fronteira.pt\/wp-content\/uploads\/2024\/08\/ecopista-Atoleiros-sulfurea5-150x150.jpg\" class=\"attachment-thumbnail size-thumbnail\" alt=\"\" \/><\/a>\n\t\t\t<\/dt><\/dl><br style=\"clear: both\" \/>\n\t\t<\/div>\n<\/p>","protected":false},"excerpt":{"rendered":"<p>18 KM DE DESCOBERTAS SAUD\u00c1VEIS O ramal ferrovi\u00e1rio de Portalegre fazia a liga\u00e7\u00e3o de comboio entre a linha de \u00c9vora (em Estremoz) e a linha do Leste (na esta\u00e7\u00e3o ferrovi\u00e1ria de Portalegre). O tro\u00e7o deste ramal entre Sousel e Cabe\u00e7o de Vide foi inaugurado em 20 de janeiro de 1937. A liga\u00e7\u00e3o entre Cabe\u00e7o de [&hellip;]<\/p>\n","protected":false},"author":5,"featured_media":0,"parent":1238,"menu_order":0,"comment_status":"closed","ping_status":"closed","template":"templates-map\/component-text-layout1.php","meta":{"_acf_changed":false,"_exactmetrics_skip_tracking":false,"_exactmetrics_sitenote_active":false,"_exactmetrics_sitenote_note":"","_exactmetrics_sitenote_category":0,"footnotes":""},"categories":[1],"class_list":["post-17478","page","type-page","status-publish","hentry","category-sem-categoria"],"acf":[],"_links":{"self":[{"href":"https:\/\/cm-fronteira.pt\/pt\/wp-json\/wp\/v2\/pages\/17478","targetHints":{"allow":["GET"]}}],"collection":[{"href":"https:\/\/cm-fronteira.pt\/pt\/wp-json\/wp\/v2\/pages"}],"about":[{"href":"https:\/\/cm-fronteira.pt\/pt\/wp-json\/wp\/v2\/types\/page"}],"author":[{"embeddable":true,"href":"https:\/\/cm-fronteira.pt\/pt\/wp-json\/wp\/v2\/users\/5"}],"replies":[{"embeddable":true,"href":"https:\/\/cm-fronteira.pt\/pt\/wp-json\/wp\/v2\/comments?post=17478"}],"version-history":[{"count":8,"href":"https:\/\/cm-fronteira.pt\/pt\/wp-json\/wp\/v2\/pages\/17478\/revisions"}],"predecessor-version":[{"id":17503,"href":"https:\/\/cm-fronteira.pt\/pt\/wp-json\/wp\/v2\/pages\/17478\/revisions\/17503"}],"up":[{"embeddable":true,"href":"https:\/\/cm-fronteira.pt\/pt\/wp-json\/wp\/v2\/pages\/1238"}],"wp:attachment":[{"href":"https:\/\/cm-fronteira.pt\/pt\/wp-json\/wp\/v2\/media?parent=17478"}],"wp:term":[{"taxonomy":"category","embeddable":true,"href":"https:\/\/cm-fronteira.pt\/pt\/wp-json\/wp\/v2\/categories?post=17478"}],"curies":[{"name":"wp","href":"https:\/\/api.w.org\/{rel}","templated":true}]}}