{"id":13966,"date":"2024-05-08T14:31:03","date_gmt":"2024-05-08T14:31:03","guid":{"rendered":"https:\/\/cm-fronteira.pt\/?page_id=13966"},"modified":"2025-11-14T16:04:43","modified_gmt":"2025-11-14T16:04:43","slug":"eleicoes-europeias-2024","status":"publish","type":"page","link":"https:\/\/cm-fronteira.pt\/pt\/municipio\/eleicoes\/eleicoes-europeias-2024\/","title":{"rendered":"Elei\u00e7\u00f5es Europeias 2024"},"content":{"rendered":"<p><\/p>\n<p style=\"text-align: justify\">Em Portugal, as elei\u00e7\u00f5es europeias v\u00e3o realizar-se em <strong>9 de junho de 2024<\/strong>. A partir dos 18 anos de idade, todas as pessoas t\u00eam direito de voto. \u00c9 poss\u00edvel votar no estrangeiro.<\/p>\n<hr \/>\n<p><span style=\"color: #000000\"><strong>Desdobramento das Assembleias de Voto<\/strong><\/span><\/p>\n<ul>\n<li><a href=\"https:\/\/cm-fronteira.pt\/?listas_ficheiros=eleicoes-europeias-2024-desdobramento-assembleia-de-voto-fronteira\" target=\"_blank\" rel=\"noopener\">Fronteira<\/a><\/li>\n<li><a href=\"https:\/\/cm-fronteira.pt\/?listas_ficheiros=eleicoes-europeias-2024-desdobramento-assembleia-de-voto-cabeco-de-vide\" target=\"_blank\" rel=\"noopener\">Cabe\u00e7o de Vide<\/a><\/li>\n<li><a href=\"https:\/\/cm-fronteira.pt\/?listas_ficheiros=eleicoes-europeias-2024-desdobramento-assembleia-de-voto-sao-saturnino\" target=\"_blank\" rel=\"noopener\">S\u00e3o Saturnino<\/a><\/li>\n<li><a href=\"https:\/\/cm-fronteira.pt\/?listas_ficheiros=eleicoes-europeias-2024-assembleias-e-seccoes-de-voto\" target=\"_blank\" rel=\"noopener\">Mapa definitivo<\/a><\/li>\n<\/ul>\n<hr \/>\n<p><strong>Voto Antecipado em Mobilidade<\/strong><\/p>\n<ul>\n<li>Reuni\u00e3o de Delegados para Designa\u00e7\u00e3o dos Membros da Mesa de Voto &#8211; <a href=\"https:\/\/cm-fronteira.pt\/?listas_ficheiros=eleicoes-europeias-2024-reuniao-de-delegados-para-voto-antecipado\" target=\"_blank\" rel=\"noopener\">Convocat\u00f3ria<\/a><\/li>\n<li>Designa\u00e7\u00e3o dos Membros da Mesa de Voto &#8211; <a href=\"https:\/\/cm-fronteira.pt\/?listas_ficheiros=eleicoes-europeias-2024-alvara-membros-de-mesa-de-voto-antecipado\" target=\"_blank\" rel=\"noopener\">ALVAR\u00c1<\/a><\/li>\n<li>Designa\u00e7\u00e3o dos Membros da Mesa de Voto &#8211; <a href=\"https:\/\/cm-fronteira.pt\/?listas_ficheiros=eleicoes-europeias-2024-edital-membros-de-mesa-de-voto-antecipado\" target=\"_blank\" rel=\"noopener\">EDITAL<\/a><\/li>\n<\/ul>\n<hr \/>\n<p class=\"p2\"><strong>Designa\u00e7\u00e3o dos Membros da Mesa<\/strong><\/p>\n<ul>\n<li><a href=\"https:\/\/cm-fronteira.pt\/?listas_ficheiros=eleicoes-europeias-2024-membros-de-mesa-fronteira\" target=\"_blank\" rel=\"noopener\">Fronteira<\/a><\/li>\n<li><a href=\"https:\/\/cm-fronteira.pt\/?listas_ficheiros=eleicoes-europeias-2024-membros-de-mesa-cabeco-de-vide\" target=\"_blank\" rel=\"noopener\">Cabe\u00e7o de Vide<\/a><\/li>\n<li><a href=\"https:\/\/cm-fronteira.pt\/?listas_ficheiros=eleicoes-europeias-2024-membros-de-mesa-sao-saturnino\" target=\"_blank\" rel=\"noopener\">S\u00e3o Saturnino<\/a><\/li>\n<\/ul>\n<p><\/p>","protected":false},"excerpt":{"rendered":"<p>Em Portugal, as elei\u00e7\u00f5es europeias v\u00e3o realizar-se em 9 de junho de 2024. A partir dos 18 anos de idade, todas as pessoas t\u00eam direito de voto. \u00c9 poss\u00edvel votar no estrangeiro. Desdobramento das Assembleias de Voto Fronteira Cabe\u00e7o de Vide S\u00e3o Saturnino Mapa definitivo Voto Antecipado em Mobilidade Reuni\u00e3o de Delegados para Designa\u00e7\u00e3o dos [&hellip;]<\/p>\n","protected":false},"author":5,"featured_media":0,"parent":23123,"menu_order":0,"comment_status":"closed","ping_status":"closed","template":"templates-map\/component-text-layout1.php","meta":{"_acf_changed":false,"_exactmetrics_skip_tracking":false,"_exactmetrics_sitenote_active":false,"_exactmetrics_sitenote_note":"","_exactmetrics_sitenote_category":0,"footnotes":""},"categories":[],"class_list":["post-13966","page","type-page","status-publish","hentry"],"acf":[],"_links":{"self":[{"href":"https:\/\/cm-fronteira.pt\/pt\/wp-json\/wp\/v2\/pages\/13966","targetHints":{"allow":["GET"]}}],"collection":[{"href":"https:\/\/cm-fronteira.pt\/pt\/wp-json\/wp\/v2\/pages"}],"about":[{"href":"https:\/\/cm-fronteira.pt\/pt\/wp-json\/wp\/v2\/types\/page"}],"author":[{"embeddable":true,"href":"https:\/\/cm-fronteira.pt\/pt\/wp-json\/wp\/v2\/users\/5"}],"replies":[{"embeddable":true,"href":"https:\/\/cm-fronteira.pt\/pt\/wp-json\/wp\/v2\/comments?post=13966"}],"version-history":[{"count":11,"href":"https:\/\/cm-fronteira.pt\/pt\/wp-json\/wp\/v2\/pages\/13966\/revisions"}],"predecessor-version":[{"id":23134,"href":"https:\/\/cm-fronteira.pt\/pt\/wp-json\/wp\/v2\/pages\/13966\/revisions\/23134"}],"up":[{"embeddable":true,"href":"https:\/\/cm-fronteira.pt\/pt\/wp-json\/wp\/v2\/pages\/23123"}],"wp:attachment":[{"href":"https:\/\/cm-fronteira.pt\/pt\/wp-json\/wp\/v2\/media?parent=13966"}],"wp:term":[{"taxonomy":"category","embeddable":true,"href":"https:\/\/cm-fronteira.pt\/pt\/wp-json\/wp\/v2\/categories?post=13966"}],"curies":[{"name":"wp","href":"https:\/\/api.w.org\/{rel}","templated":true}]}}