{"id":13401,"date":"2024-02-16T16:29:28","date_gmt":"2024-02-16T16:29:28","guid":{"rendered":"https:\/\/cm-fronteira.pt\/?page_id=13401"},"modified":"2024-02-16T16:29:28","modified_gmt":"2024-02-16T16:29:28","slug":"papersu","status":"publish","type":"page","link":"https:\/\/cm-fronteira.pt\/pt\/atividade-municipal\/ambiente\/papersu\/","title":{"rendered":"PAPERSU"},"content":{"rendered":"<p><\/p>\n<p style=\"text-align: justify;\"><span style=\"font-family: Droid Sans, sans-serif;\">Ant\u00f3nio<\/span>\u00a0Velez Gomes, Presidente da C\u00e2mara Municipal de Fronteira em regime de substitui\u00e7\u00e3o, torna p\u00fablico, que esta\u00a0C\u00e2mara Municipal em reuni\u00e3o ordin\u00e1ria de 24\/01\/2024, deliberou submeter a per\u00edodo de consulta\u00a0p\u00fablica o <strong>Projeto do Plano de A\u00e7\u00e3o do Plano Estrat\u00e9gico para os Res\u00edduos S\u00f3lidos Urbanos do\u00a0Munic\u00edpio de Fronteira (PAPERSU)<\/strong>, nos termos do artigo 101.\u00ba do C\u00f3digo do Procedimento Administrativo,\u00a0para a recolha de sugest\u00f5es, pelo prazo de 30 dias, a contar da data da publica\u00e7\u00e3o do presente\u00a0Edital no Di\u00e1rio da Rep\u00fablica, 2.\u00aa s\u00e9rie.<\/p>\n<p style=\"text-align: justify;\">Mais se informa que o presente PAPERSU, est\u00e1 dispon\u00edvel para consulta aos interessados no\u00a0Atendimento ao P\u00fablico, sito na Pra\u00e7a do Munic\u00edpio em Fronteira, todos os\u00a0dias \u00fateis das 9H00 \u00e0s 17H00 e na p\u00e1gina do Munic\u00edpio de Fronteira (<a id=\"LPlnk763503\" class=\"x_OWAAutoLink\" href=\"http:\/\/cm-fronteira.pt\/\" target=\"_blank\" rel=\"noopener noreferrer\">www.cm-fronteira.pt<\/a>).<\/p>\n<p><\/p>","protected":false},"excerpt":{"rendered":"<p>Ant\u00f3nio\u00a0Velez Gomes, Presidente da C\u00e2mara Municipal de Fronteira em regime de substitui\u00e7\u00e3o, torna p\u00fablico, que esta\u00a0C\u00e2mara Municipal em reuni\u00e3o ordin\u00e1ria de 24\/01\/2024, deliberou submeter a per\u00edodo de consulta\u00a0p\u00fablica o Projeto do Plano de A\u00e7\u00e3o do Plano Estrat\u00e9gico para os Res\u00edduos S\u00f3lidos Urbanos do\u00a0Munic\u00edpio de Fronteira (PAPERSU), nos termos do artigo 101.\u00ba do C\u00f3digo do Procedimento [&hellip;]<\/p>\n","protected":false},"author":5,"featured_media":0,"parent":611,"menu_order":0,"comment_status":"closed","ping_status":"closed","template":"templates-map\/component-file-gallery-layout1.php","meta":{"_acf_changed":false,"_exactmetrics_skip_tracking":false,"_exactmetrics_sitenote_active":false,"_exactmetrics_sitenote_note":"","_exactmetrics_sitenote_category":0,"footnotes":""},"categories":[1],"class_list":["post-13401","page","type-page","status-publish","hentry","category-sem-categoria"],"acf":[],"_links":{"self":[{"href":"https:\/\/cm-fronteira.pt\/pt\/wp-json\/wp\/v2\/pages\/13401","targetHints":{"allow":["GET"]}}],"collection":[{"href":"https:\/\/cm-fronteira.pt\/pt\/wp-json\/wp\/v2\/pages"}],"about":[{"href":"https:\/\/cm-fronteira.pt\/pt\/wp-json\/wp\/v2\/types\/page"}],"author":[{"embeddable":true,"href":"https:\/\/cm-fronteira.pt\/pt\/wp-json\/wp\/v2\/users\/5"}],"replies":[{"embeddable":true,"href":"https:\/\/cm-fronteira.pt\/pt\/wp-json\/wp\/v2\/comments?post=13401"}],"version-history":[{"count":1,"href":"https:\/\/cm-fronteira.pt\/pt\/wp-json\/wp\/v2\/pages\/13401\/revisions"}],"predecessor-version":[{"id":13402,"href":"https:\/\/cm-fronteira.pt\/pt\/wp-json\/wp\/v2\/pages\/13401\/revisions\/13402"}],"up":[{"embeddable":true,"href":"https:\/\/cm-fronteira.pt\/pt\/wp-json\/wp\/v2\/pages\/611"}],"wp:attachment":[{"href":"https:\/\/cm-fronteira.pt\/pt\/wp-json\/wp\/v2\/media?parent=13401"}],"wp:term":[{"taxonomy":"category","embeddable":true,"href":"https:\/\/cm-fronteira.pt\/pt\/wp-json\/wp\/v2\/categories?post=13401"}],"curies":[{"name":"wp","href":"https:\/\/api.w.org\/{rel}","templated":true}]}}