{"id":1232,"date":"2020-12-04T12:55:39","date_gmt":"2020-12-04T12:55:39","guid":{"rendered":"https:\/\/cm-fronteira.pt\/?page_id=1232"},"modified":"2025-01-09T09:29:50","modified_gmt":"2025-01-09T09:29:50","slug":"centro-historico-de-cabeco-de-vide","status":"publish","type":"page","link":"https:\/\/cm-fronteira.pt\/pt\/lazer\/patrimonio\/centro-historico-de-cabeco-de-vide\/","title":{"rendered":"Centro Hist\u00f3rico de Cabe\u00e7o de Vide"},"content":{"rendered":"<p>&nbsp;<\/p>\n<p class=\"p1\" style=\"text-align: justify;\"><strong>Num c\u00edrculo quase perfeito reunimos a antiga casa da C\u00e2mara, a Torre do Rel\u00f3gio, o Pelourinho, a antiga Cadeia, a Igreja Matriz e a Fortaleza.<\/strong><\/p>\n<p class=\"p1\" style=\"text-align: justify;\">O Largo da Cadeia ou Largo do Pelourinho, considerado um monumento nacional, \u00e9 hoje uma ampla janela aberta a Sul e a Poente, dominadora de um horizonte vast\u00edssimo, visita indispens\u00e1vel do turista que se desloque a Cabe\u00e7o de Vide.<\/p>\n<p class=\"p1\" style=\"text-align: justify;\">Junto \u00e0 antiga Cadeia existe uma Torre do Rel\u00f3gio, da qual n\u00e3o se sabe a idade, inicialmente n\u00e3o foi constru\u00edda para rel\u00f3gio, embora no s\u00e9c. XVI tenha passado a ter essa fun\u00e7\u00e3o. Neste c\u00edrculo reunimos ainda a Igreja Matriz, um templo amplo de duas naves, sem grandes efeitos art\u00edsticos e de arquitectura popular. E por fim a Fortaleza de dois mil e quinhentos metros quadrados de \u00e1rea, tem o desalinho oval de um castro, dentro do qual se poderiam abrigar guerreiros e habitantes de uma pequena povoa\u00e7\u00e3o conforme a hist\u00f3ria relatada de antepassados.<\/p>\n<p>&nbsp;<\/p>\n<hr \/>\n<p>&nbsp;<\/p>\n<p>\n\t\t<style type=\"text\/css\">\n\t\t\t#gallery-1 {\n\t\t\t\tmargin: auto;\n\t\t\t}\n\t\t\t#gallery-1 .gallery-item {\n\t\t\t\tfloat: left;\n\t\t\t\tmargin-top: 10px;\n\t\t\t\ttext-align: center;\n\t\t\t\twidth: 25%;\n\t\t\t}\n\t\t\t#gallery-1 img {\n\t\t\t\tborder: 2px solid #cfcfcf;\n\t\t\t}\n\t\t\t#gallery-1 .gallery-caption {\n\t\t\t\tmargin-left: 0;\n\t\t\t}\n\t\t\t\/* see gallery_shortcode() in wp-includes\/media.php *\/\n\t\t<\/style>\n\t\t<div id='gallery-1' class='gallery galleryid-1232 gallery-columns-4 gallery-size-thumbnail'><dl class='gallery-item'>\n\t\t\t<dt class='gallery-icon landscape'>\n\t\t\t\t<a href='https:\/\/cm-fronteira.pt\/wp-content\/uploads\/2023\/07\/cabeco-de-vide_centrohistorico5_2.jpg'><img decoding=\"async\" width=\"150\" height=\"150\" src=\"https:\/\/cm-fronteira.pt\/wp-content\/uploads\/2023\/07\/cabeco-de-vide_centrohistorico5_2-150x150.jpg\" class=\"attachment-thumbnail size-thumbnail\" alt=\"\" \/><\/a>\n\t\t\t<\/dt><\/dl><dl class='gallery-item'>\n\t\t\t<dt class='gallery-icon portrait'>\n\t\t\t\t<a href='https:\/\/cm-fronteira.pt\/wp-content\/uploads\/2023\/07\/cabeco-de-vide_centrohistorico9_2.jpg'><img decoding=\"async\" width=\"150\" height=\"150\" src=\"https:\/\/cm-fronteira.pt\/wp-content\/uploads\/2023\/07\/cabeco-de-vide_centrohistorico9_2-150x150.jpg\" class=\"attachment-thumbnail size-thumbnail\" alt=\"\" \/><\/a>\n\t\t\t<\/dt><\/dl><dl class='gallery-item'>\n\t\t\t<dt class='gallery-icon portrait'>\n\t\t\t\t<a href='https:\/\/cm-fronteira.pt\/wp-content\/uploads\/2023\/07\/cabeco-de-vide_centrohistorico8_2.jpg'><img decoding=\"async\" width=\"150\" height=\"150\" src=\"https:\/\/cm-fronteira.pt\/wp-content\/uploads\/2023\/07\/cabeco-de-vide_centrohistorico8_2-150x150.jpg\" class=\"attachment-thumbnail size-thumbnail\" alt=\"\" \/><\/a>\n\t\t\t<\/dt><\/dl><dl class='gallery-item'>\n\t\t\t<dt class='gallery-icon portrait'>\n\t\t\t\t<a href='https:\/\/cm-fronteira.pt\/wp-content\/uploads\/2023\/07\/cabeco-de-vide_centrohistorico6_2.jpg'><img decoding=\"async\" width=\"150\" height=\"150\" src=\"https:\/\/cm-fronteira.pt\/wp-content\/uploads\/2023\/07\/cabeco-de-vide_centrohistorico6_2-150x150.jpg\" class=\"attachment-thumbnail size-thumbnail\" alt=\"\" \/><\/a>\n\t\t\t<\/dt><\/dl><br style=\"clear: both\" \/><dl class='gallery-item'>\n\t\t\t<dt class='gallery-icon portrait'>\n\t\t\t\t<a href='https:\/\/cm-fronteira.pt\/wp-content\/uploads\/2023\/07\/cabeco-de-vide_centrohistorico4_2.jpg'><img decoding=\"async\" width=\"150\" height=\"150\" src=\"https:\/\/cm-fronteira.pt\/wp-content\/uploads\/2023\/07\/cabeco-de-vide_centrohistorico4_2-150x150.jpg\" class=\"attachment-thumbnail size-thumbnail\" alt=\"\" \/><\/a>\n\t\t\t<\/dt><\/dl><dl class='gallery-item'>\n\t\t\t<dt class='gallery-icon portrait'>\n\t\t\t\t<a href='https:\/\/cm-fronteira.pt\/wp-content\/uploads\/2023\/07\/cabeco-de-vide_centrohistorico3_2.jpg'><img decoding=\"async\" width=\"150\" height=\"150\" src=\"https:\/\/cm-fronteira.pt\/wp-content\/uploads\/2023\/07\/cabeco-de-vide_centrohistorico3_2-150x150.jpg\" class=\"attachment-thumbnail size-thumbnail\" alt=\"\" \/><\/a>\n\t\t\t<\/dt><\/dl><dl class='gallery-item'>\n\t\t\t<dt class='gallery-icon portrait'>\n\t\t\t\t<a href='https:\/\/cm-fronteira.pt\/wp-content\/uploads\/2023\/07\/cabeco-de-vide_centrohistorico2_2.jpg'><img decoding=\"async\" width=\"150\" height=\"150\" src=\"https:\/\/cm-fronteira.pt\/wp-content\/uploads\/2023\/07\/cabeco-de-vide_centrohistorico2_2-150x150.jpg\" class=\"attachment-thumbnail size-thumbnail\" alt=\"\" \/><\/a>\n\t\t\t<\/dt><\/dl><dl class='gallery-item'>\n\t\t\t<dt class='gallery-icon portrait'>\n\t\t\t\t<a href='https:\/\/cm-fronteira.pt\/wp-content\/uploads\/2023\/07\/cabeco-de-vide_centrohistorico1_2.jpg'><img decoding=\"async\" width=\"150\" height=\"150\" src=\"https:\/\/cm-fronteira.pt\/wp-content\/uploads\/2023\/07\/cabeco-de-vide_centrohistorico1_2-150x150.jpg\" class=\"attachment-thumbnail size-thumbnail\" alt=\"\" \/><\/a>\n\t\t\t<\/dt><\/dl><br style=\"clear: both\" \/>\n\t\t<\/div>\n<\/p>","protected":false},"excerpt":{"rendered":"<p>&nbsp; Num c\u00edrculo quase perfeito reunimos a antiga casa da C\u00e2mara, a Torre do Rel\u00f3gio, o Pelourinho, a antiga Cadeia, a Igreja Matriz e a Fortaleza. O Largo da Cadeia ou Largo do Pelourinho, considerado um monumento nacional, \u00e9 hoje uma ampla janela aberta a Sul e a Poente, dominadora de um horizonte vast\u00edssimo, visita [&hellip;]<\/p>\n","protected":false},"author":13,"featured_media":1805,"parent":1226,"menu_order":0,"comment_status":"closed","ping_status":"closed","template":"templates-map\/component-text-layout1.php","meta":{"_acf_changed":false,"_exactmetrics_skip_tracking":false,"_exactmetrics_sitenote_active":false,"_exactmetrics_sitenote_note":"","_exactmetrics_sitenote_category":0,"footnotes":""},"categories":[1],"class_list":["post-1232","page","type-page","status-publish","has-post-thumbnail","hentry","category-sem-categoria"],"acf":[],"_links":{"self":[{"href":"https:\/\/cm-fronteira.pt\/pt\/wp-json\/wp\/v2\/pages\/1232","targetHints":{"allow":["GET"]}}],"collection":[{"href":"https:\/\/cm-fronteira.pt\/pt\/wp-json\/wp\/v2\/pages"}],"about":[{"href":"https:\/\/cm-fronteira.pt\/pt\/wp-json\/wp\/v2\/types\/page"}],"author":[{"embeddable":true,"href":"https:\/\/cm-fronteira.pt\/pt\/wp-json\/wp\/v2\/users\/13"}],"replies":[{"embeddable":true,"href":"https:\/\/cm-fronteira.pt\/pt\/wp-json\/wp\/v2\/comments?post=1232"}],"version-history":[{"count":21,"href":"https:\/\/cm-fronteira.pt\/pt\/wp-json\/wp\/v2\/pages\/1232\/revisions"}],"predecessor-version":[{"id":21640,"href":"https:\/\/cm-fronteira.pt\/pt\/wp-json\/wp\/v2\/pages\/1232\/revisions\/21640"}],"up":[{"embeddable":true,"href":"https:\/\/cm-fronteira.pt\/pt\/wp-json\/wp\/v2\/pages\/1226"}],"wp:featuredmedia":[{"embeddable":true,"href":"https:\/\/cm-fronteira.pt\/pt\/wp-json\/wp\/v2\/media\/1805"}],"wp:attachment":[{"href":"https:\/\/cm-fronteira.pt\/pt\/wp-json\/wp\/v2\/media?parent=1232"}],"wp:term":[{"taxonomy":"category","embeddable":true,"href":"https:\/\/cm-fronteira.pt\/pt\/wp-json\/wp\/v2\/categories?post=1232"}],"curies":[{"name":"wp","href":"https:\/\/api.w.org\/{rel}","templated":true}]}}