{"id":11778,"date":"2023-05-04T13:38:53","date_gmt":"2023-05-04T13:38:53","guid":{"rendered":"https:\/\/cm-fronteira.pt\/?page_id=11778"},"modified":"2025-01-08T14:36:32","modified_gmt":"2025-01-08T14:36:32","slug":"questionario-de-satisfacao-para-cidadaos-utentes","status":"publish","type":"page","link":"https:\/\/cm-fronteira.pt\/pt\/servicos\/questionario-de-satisfacao-para-cidadaos-utentes\/","title":{"rendered":"Question\u00e1rio de Satisfa\u00e7\u00e3o para Cidad\u00e3os\/Utentes"},"content":{"rendered":"<style id=\"wpforms-css-vars-21258\">\n\t\t\t\t#wpforms-21258 {\n\t\t\t\t\n\t\t\t}\n\t\t\t<\/style><div class=\"wpforms-container wpforms-container-full wpforms-render-modern\" id=\"wpforms-21258\"><form id=\"wpforms-form-21258\" class=\"wpforms-validate wpforms-form wpforms-ajax-form\" data-formid=\"21258\" method=\"post\" enctype=\"multipart\/form-data\" action=\"\/pt\/wp-json\/wp\/v2\/pages\/11778\" data-token=\"92924e8da5edd379851b681162da28fa\" data-token-time=\"1777699496\"><noscript class=\"wpforms-error-noscript\">Please enable JavaScript in your browser to complete this form.<\/noscript><div id=\"wpforms-error-noscript\" style=\"display: none;\">Please enable JavaScript in your browser to complete this form.<\/div><div class=\"wpforms-field-container\"><div id=\"wpforms-21258-field_1-container\" class=\"wpforms-field wpforms-field-select wpforms-field-select-style-classic\" data-field-id=\"1\"><label class=\"wpforms-field-label\" for=\"wpforms-21258-field_1\">Este formul\u00e1rio surgiu-lhe atrav\u00e9s do contacto com qual servi\u00e7o? (selecionar servi\u00e7o que se aplica)<\/label><select id=\"wpforms-21258-field_1\" class=\"wpforms-field-large\" name=\"wpforms[fields][1]\"><option value=\"Expediente Geral\"  class=\"choice-1 depth-1\"  >Expediente Geral<\/option><option value=\"Divis\u00e3o de Obras Ambiente e Qualidade de Vida\"  class=\"choice-2 depth-1\"  >Divis\u00e3o de Obras Ambiente e Qualidade de Vida<\/option><option value=\"Divis\u00e3o Administrativa e Financeira\"  class=\"choice-3 depth-1\"  >Divis\u00e3o Administrativa e Financeira<\/option><option value=\"Recursos Humanos\"  class=\"choice-4 depth-1\"  >Recursos Humanos<\/option><option value=\"Contabilidade\"  class=\"choice-5 depth-1\"  >Contabilidade<\/option><option value=\"Aprovisionamento\"  class=\"choice-6 depth-1\"  >Aprovisionamento<\/option><option value=\"A\u00e7\u00e3o Social\"  class=\"choice-7 depth-1\"  >A\u00e7\u00e3o Social<\/option><option value=\"Prote\u00e7\u00e3o Civil\"  class=\"choice-8 depth-1\"  >Prote\u00e7\u00e3o Civil<\/option><option value=\"Gabinete T\u00e9cnico Florestal\"  class=\"choice-9 depth-1\"  >Gabinete T\u00e9cnico Florestal<\/option><option value=\"Gabinete de Apoio \u00e0 Presid\u00eancia\"  class=\"choice-10 depth-1\"  >Gabinete de Apoio \u00e0 Presid\u00eancia<\/option><option value=\"Turismo\"  class=\"choice-11 depth-1\"  >Turismo<\/option><option value=\"Transportes\"  class=\"choice-12 depth-1\"  >Transportes<\/option><\/select><\/div><div id=\"wpforms-21258-field_2-container\" class=\"wpforms-field wpforms-field-radio\" data-field-id=\"2\"><fieldset><legend class=\"wpforms-field-label\">Simplicidade\/clareza no acesso aos servi\u00e7os: <span class=\"wpforms-required-label\" aria-hidden=\"true\">*<\/span><\/legend><ul id=\"wpforms-21258-field_2\" class=\"wpforms-field-required\"><li class=\"choice-1 depth-1\"><input type=\"radio\" id=\"wpforms-21258-field_2_1\" name=\"wpforms[fields][2]\" value=\"Muito Insatisfeito\" aria-errormessage=\"wpforms-21258-field_2_1-error\" required ><label class=\"wpforms-field-label-inline\" for=\"wpforms-21258-field_2_1\">Muito Insatisfeito<\/label><\/li><li class=\"choice-2 depth-1\"><input type=\"radio\" id=\"wpforms-21258-field_2_2\" name=\"wpforms[fields][2]\" value=\"Insatisfeito\" aria-errormessage=\"wpforms-21258-field_2_2-error\" required ><label class=\"wpforms-field-label-inline\" for=\"wpforms-21258-field_2_2\">Insatisfeito<\/label><\/li><li class=\"choice-3 depth-1\"><input type=\"radio\" id=\"wpforms-21258-field_2_3\" name=\"wpforms[fields][2]\" value=\"Satisfeito\" aria-errormessage=\"wpforms-21258-field_2_3-error\" required ><label class=\"wpforms-field-label-inline\" for=\"wpforms-21258-field_2_3\">Satisfeito<\/label><\/li><li class=\"choice-4 depth-1\"><input type=\"radio\" id=\"wpforms-21258-field_2_4\" name=\"wpforms[fields][2]\" value=\"Muito Satisfeito\" aria-errormessage=\"wpforms-21258-field_2_4-error\" required ><label class=\"wpforms-field-label-inline\" for=\"wpforms-21258-field_2_4\">Muito Satisfeito<\/label><\/li><\/ul><\/fieldset><\/div><div id=\"wpforms-21258-field_3-container\" class=\"wpforms-field wpforms-field-radio\" data-field-id=\"3\"><fieldset><legend class=\"wpforms-field-label\">Tempo de resposta: <span class=\"wpforms-required-label\" aria-hidden=\"true\">*<\/span><\/legend><ul id=\"wpforms-21258-field_3\" class=\"wpforms-field-required\"><li class=\"choice-1 depth-1\"><input type=\"radio\" id=\"wpforms-21258-field_3_1\" name=\"wpforms[fields][3]\" value=\"Muito Insatisfeito\" aria-errormessage=\"wpforms-21258-field_3_1-error\" required ><label class=\"wpforms-field-label-inline\" for=\"wpforms-21258-field_3_1\">Muito Insatisfeito<\/label><\/li><li class=\"choice-2 depth-1\"><input type=\"radio\" id=\"wpforms-21258-field_3_2\" name=\"wpforms[fields][3]\" value=\"Insatisfeito\" aria-errormessage=\"wpforms-21258-field_3_2-error\" required ><label class=\"wpforms-field-label-inline\" for=\"wpforms-21258-field_3_2\">Insatisfeito<\/label><\/li><li class=\"choice-3 depth-1\"><input type=\"radio\" id=\"wpforms-21258-field_3_3\" name=\"wpforms[fields][3]\" value=\"Satisfeito\" aria-errormessage=\"wpforms-21258-field_3_3-error\" required ><label class=\"wpforms-field-label-inline\" for=\"wpforms-21258-field_3_3\">Satisfeito<\/label><\/li><li class=\"choice-4 depth-1\"><input type=\"radio\" id=\"wpforms-21258-field_3_4\" name=\"wpforms[fields][3]\" value=\"Muito Satisfeito\" aria-errormessage=\"wpforms-21258-field_3_4-error\" required ><label class=\"wpforms-field-label-inline\" for=\"wpforms-21258-field_3_4\">Muito Satisfeito<\/label><\/li><\/ul><\/fieldset><\/div><div id=\"wpforms-21258-field_4-container\" class=\"wpforms-field wpforms-field-radio\" data-field-id=\"4\"><fieldset><legend class=\"wpforms-field-label\">Diferencia\u00e7\u00e3o dos servi\u00e7os em fun\u00e7\u00e3o das diferentes necessidades dos cidad\u00e3os\/utentes: <span class=\"wpforms-required-label\" aria-hidden=\"true\">*<\/span><\/legend><ul id=\"wpforms-21258-field_4\" class=\"wpforms-field-required\"><li class=\"choice-1 depth-1\"><input type=\"radio\" id=\"wpforms-21258-field_4_1\" name=\"wpforms[fields][4]\" value=\"Muito Insatisfeito\" aria-errormessage=\"wpforms-21258-field_4_1-error\" required ><label class=\"wpforms-field-label-inline\" for=\"wpforms-21258-field_4_1\">Muito Insatisfeito<\/label><\/li><li class=\"choice-2 depth-1\"><input type=\"radio\" id=\"wpforms-21258-field_4_2\" name=\"wpforms[fields][4]\" value=\"Insatisfeito\" aria-errormessage=\"wpforms-21258-field_4_2-error\" required ><label class=\"wpforms-field-label-inline\" for=\"wpforms-21258-field_4_2\">Insatisfeito<\/label><\/li><li class=\"choice-3 depth-1\"><input type=\"radio\" id=\"wpforms-21258-field_4_3\" name=\"wpforms[fields][4]\" value=\"Satisfeito\" aria-errormessage=\"wpforms-21258-field_4_3-error\" required ><label class=\"wpforms-field-label-inline\" for=\"wpforms-21258-field_4_3\">Satisfeito<\/label><\/li><li class=\"choice-4 depth-1\"><input type=\"radio\" id=\"wpforms-21258-field_4_4\" name=\"wpforms[fields][4]\" value=\"Muito Satisfeito\" aria-errormessage=\"wpforms-21258-field_4_4-error\" required ><label class=\"wpforms-field-label-inline\" for=\"wpforms-21258-field_4_4\">Muito Satisfeito<\/label><\/li><\/ul><\/fieldset><\/div><div id=\"wpforms-21258-field_5-container\" class=\"wpforms-field wpforms-field-radio\" data-field-id=\"5\"><fieldset><legend class=\"wpforms-field-label\">Qualidade dos servi\u00e7os (correspond\u00eancia com o esperado): <span class=\"wpforms-required-label\" aria-hidden=\"true\">*<\/span><\/legend><ul id=\"wpforms-21258-field_5\" class=\"wpforms-field-required\"><li class=\"choice-1 depth-1\"><input type=\"radio\" id=\"wpforms-21258-field_5_1\" name=\"wpforms[fields][5]\" value=\"Muito Insatisfeito\" aria-errormessage=\"wpforms-21258-field_5_1-error\" required ><label class=\"wpforms-field-label-inline\" for=\"wpforms-21258-field_5_1\">Muito Insatisfeito<\/label><\/li><li class=\"choice-2 depth-1\"><input type=\"radio\" id=\"wpforms-21258-field_5_2\" name=\"wpforms[fields][5]\" value=\"Insatisfeito\" aria-errormessage=\"wpforms-21258-field_5_2-error\" required ><label class=\"wpforms-field-label-inline\" for=\"wpforms-21258-field_5_2\">Insatisfeito<\/label><\/li><li class=\"choice-3 depth-1\"><input type=\"radio\" id=\"wpforms-21258-field_5_3\" name=\"wpforms[fields][5]\" value=\"Satisfeito\" aria-errormessage=\"wpforms-21258-field_5_3-error\" required ><label class=\"wpforms-field-label-inline\" for=\"wpforms-21258-field_5_3\">Satisfeito<\/label><\/li><li class=\"choice-4 depth-1\"><input type=\"radio\" id=\"wpforms-21258-field_5_4\" name=\"wpforms[fields][5]\" value=\"Muito Satisfeito\" aria-errormessage=\"wpforms-21258-field_5_4-error\" required ><label class=\"wpforms-field-label-inline\" for=\"wpforms-21258-field_5_4\">Muito Satisfeito<\/label><\/li><\/ul><\/fieldset><\/div><div id=\"wpforms-21258-field_6-container\" class=\"wpforms-field wpforms-field-radio\" data-field-id=\"6\"><fieldset><legend class=\"wpforms-field-label\">Satisfa\u00e7\u00e3o global com os servi\u00e7os prestados: <span class=\"wpforms-required-label\" aria-hidden=\"true\">*<\/span><\/legend><ul id=\"wpforms-21258-field_6\" class=\"wpforms-field-required\"><li class=\"choice-1 depth-1\"><input type=\"radio\" id=\"wpforms-21258-field_6_1\" name=\"wpforms[fields][6]\" value=\"Muito Insatisfeito\" aria-errormessage=\"wpforms-21258-field_6_1-error\" required ><label class=\"wpforms-field-label-inline\" for=\"wpforms-21258-field_6_1\">Muito Insatisfeito<\/label><\/li><li class=\"choice-2 depth-1\"><input type=\"radio\" id=\"wpforms-21258-field_6_2\" name=\"wpforms[fields][6]\" value=\"Insatisfeito\" aria-errormessage=\"wpforms-21258-field_6_2-error\" required ><label class=\"wpforms-field-label-inline\" for=\"wpforms-21258-field_6_2\">Insatisfeito<\/label><\/li><li class=\"choice-3 depth-1\"><input type=\"radio\" id=\"wpforms-21258-field_6_3\" name=\"wpforms[fields][6]\" value=\"Satisfeito\" aria-errormessage=\"wpforms-21258-field_6_3-error\" required ><label class=\"wpforms-field-label-inline\" for=\"wpforms-21258-field_6_3\">Satisfeito<\/label><\/li><li class=\"choice-4 depth-1\"><input type=\"radio\" id=\"wpforms-21258-field_6_4\" name=\"wpforms[fields][6]\" value=\"Muito Satisfeito\" aria-errormessage=\"wpforms-21258-field_6_4-error\" required ><label class=\"wpforms-field-label-inline\" for=\"wpforms-21258-field_6_4\">Muito Satisfeito<\/label><\/li><\/ul><\/fieldset><\/div><div id=\"wpforms-21258-field_7-container\" class=\"wpforms-field wpforms-field-select wpforms-field-select-style-classic\" data-field-id=\"7\"><label class=\"wpforms-field-label\" for=\"wpforms-21258-field_7\">Escolha um software\/plataforma: <span class=\"wpforms-required-label\" aria-hidden=\"true\">*<\/span><\/label><select id=\"wpforms-21258-field_7\" class=\"wpforms-field-large wpforms-field-required\" name=\"wpforms[fields][7]\" required=\"required\"><option value=\"Portal Institucional do Munic\u00edpio\"  class=\"choice-1 depth-1\"  >Portal Institucional do Munic\u00edpio<\/option><option value=\"Plataforma do Associativismo\"  class=\"choice-2 depth-1\"  >Plataforma do Associativismo<\/option><\/select><\/div>\t\t<div id=\"wpforms-21258-field_12-container\"\n\t\t\tclass=\"wpforms-field wpforms-field-text\"\n\t\t\tdata-field-type=\"text\"\n\t\t\tdata-field-id=\"12\"\n\t\t\t>\n\t\t\t<label class=\"wpforms-field-label\" for=\"wpforms-21258-field_12\" >resposta: (selecionar das<\/label>\n\t\t\t<input type=\"text\" id=\"wpforms-21258-field_12\" class=\"wpforms-field-medium\" name=\"wpforms[fields][12]\" >\n\t\t<\/div>\n\t\t<div id=\"wpforms-21258-field_8-container\" class=\"wpforms-field wpforms-field-radio\" data-field-id=\"8\"><fieldset><legend class=\"wpforms-field-label\">Software\/Plataforma: <span class=\"wpforms-required-label\" aria-hidden=\"true\">*<\/span><\/legend><ul id=\"wpforms-21258-field_8\" class=\"wpforms-field-required\"><li class=\"choice-1 depth-1\"><input type=\"radio\" id=\"wpforms-21258-field_8_1\" name=\"wpforms[fields][8]\" value=\"Muito Insatisfeito\" aria-errormessage=\"wpforms-21258-field_8_1-error\" required ><label class=\"wpforms-field-label-inline\" for=\"wpforms-21258-field_8_1\">Muito Insatisfeito<\/label><\/li><li class=\"choice-2 depth-1\"><input type=\"radio\" id=\"wpforms-21258-field_8_2\" name=\"wpforms[fields][8]\" value=\"Insatisfeito\" aria-errormessage=\"wpforms-21258-field_8_2-error\" required ><label class=\"wpforms-field-label-inline\" for=\"wpforms-21258-field_8_2\">Insatisfeito<\/label><\/li><li class=\"choice-3 depth-1\"><input type=\"radio\" id=\"wpforms-21258-field_8_3\" name=\"wpforms[fields][8]\" value=\"Satisfeito\" aria-errormessage=\"wpforms-21258-field_8_3-error\" required ><label class=\"wpforms-field-label-inline\" for=\"wpforms-21258-field_8_3\">Satisfeito<\/label><\/li><li class=\"choice-4 depth-1\"><input type=\"radio\" id=\"wpforms-21258-field_8_4\" name=\"wpforms[fields][8]\" value=\"Muito Satisfeito\" aria-errormessage=\"wpforms-21258-field_8_4-error\" required ><label class=\"wpforms-field-label-inline\" for=\"wpforms-21258-field_8_4\">Muito Satisfeito<\/label><\/li><\/ul><\/fieldset><\/div><div id=\"wpforms-21258-field_9-container\" class=\"wpforms-field wpforms-field-radio\" data-field-id=\"9\"><fieldset><legend class=\"wpforms-field-label\">Funcionalidades dispon\u00edveis: <span class=\"wpforms-required-label\" aria-hidden=\"true\">*<\/span><\/legend><ul id=\"wpforms-21258-field_9\" class=\"wpforms-field-required\"><li class=\"choice-1 depth-1\"><input type=\"radio\" id=\"wpforms-21258-field_9_1\" name=\"wpforms[fields][9]\" value=\"Muito Insatisfeito\" aria-errormessage=\"wpforms-21258-field_9_1-error\" required ><label class=\"wpforms-field-label-inline\" for=\"wpforms-21258-field_9_1\">Muito Insatisfeito<\/label><\/li><li class=\"choice-2 depth-1\"><input type=\"radio\" id=\"wpforms-21258-field_9_2\" name=\"wpforms[fields][9]\" value=\"Insatisfeito\" aria-errormessage=\"wpforms-21258-field_9_2-error\" required ><label class=\"wpforms-field-label-inline\" for=\"wpforms-21258-field_9_2\">Insatisfeito<\/label><\/li><li class=\"choice-3 depth-1\"><input type=\"radio\" id=\"wpforms-21258-field_9_3\" name=\"wpforms[fields][9]\" value=\"Satisfeito\" aria-errormessage=\"wpforms-21258-field_9_3-error\" required ><label class=\"wpforms-field-label-inline\" for=\"wpforms-21258-field_9_3\">Satisfeito<\/label><\/li><li class=\"choice-4 depth-1\"><input type=\"radio\" id=\"wpforms-21258-field_9_4\" name=\"wpforms[fields][9]\" value=\"Muito Satisfeito\" aria-errormessage=\"wpforms-21258-field_9_4-error\" required ><label class=\"wpforms-field-label-inline\" for=\"wpforms-21258-field_9_4\">Muito Satisfeito<\/label><\/li><\/ul><\/fieldset><\/div><div id=\"wpforms-21258-field_10-container\" class=\"wpforms-field wpforms-field-radio\" data-field-id=\"10\"><fieldset><legend class=\"wpforms-field-label\">Adequa\u00e7\u00e3o do software\/plataforma ao servi\u00e7o: <span class=\"wpforms-required-label\" aria-hidden=\"true\">*<\/span><\/legend><ul id=\"wpforms-21258-field_10\" class=\"wpforms-field-required\"><li class=\"choice-1 depth-1\"><input type=\"radio\" id=\"wpforms-21258-field_10_1\" name=\"wpforms[fields][10]\" value=\"Muito Insatisfeito\" aria-errormessage=\"wpforms-21258-field_10_1-error\" required ><label class=\"wpforms-field-label-inline\" for=\"wpforms-21258-field_10_1\">Muito Insatisfeito<\/label><\/li><li class=\"choice-2 depth-1\"><input type=\"radio\" id=\"wpforms-21258-field_10_2\" name=\"wpforms[fields][10]\" value=\"Insatisfeito\" aria-errormessage=\"wpforms-21258-field_10_2-error\" required ><label class=\"wpforms-field-label-inline\" for=\"wpforms-21258-field_10_2\">Insatisfeito<\/label><\/li><li class=\"choice-3 depth-1\"><input type=\"radio\" id=\"wpforms-21258-field_10_3\" name=\"wpforms[fields][10]\" value=\"Satisfeito\" aria-errormessage=\"wpforms-21258-field_10_3-error\" required ><label class=\"wpforms-field-label-inline\" for=\"wpforms-21258-field_10_3\">Satisfeito<\/label><\/li><li class=\"choice-4 depth-1\"><input type=\"radio\" id=\"wpforms-21258-field_10_4\" name=\"wpforms[fields][10]\" value=\"Muito Satisfeito\" aria-errormessage=\"wpforms-21258-field_10_4-error\" required ><label class=\"wpforms-field-label-inline\" for=\"wpforms-21258-field_10_4\">Muito Satisfeito<\/label><\/li><\/ul><\/fieldset><\/div><div id=\"wpforms-21258-field_11-container\" class=\"wpforms-field wpforms-field-radio\" data-field-id=\"11\"><fieldset><legend class=\"wpforms-field-label\">Satisfa\u00e7\u00e3o global: <span class=\"wpforms-required-label\" aria-hidden=\"true\">*<\/span><\/legend><ul id=\"wpforms-21258-field_11\" class=\"wpforms-field-required\"><li class=\"choice-1 depth-1\"><input type=\"radio\" id=\"wpforms-21258-field_11_1\" name=\"wpforms[fields][11]\" value=\"Muito Insatisfeito\" aria-errormessage=\"wpforms-21258-field_11_1-error\" required ><label class=\"wpforms-field-label-inline\" for=\"wpforms-21258-field_11_1\">Muito Insatisfeito<\/label><\/li><li class=\"choice-2 depth-1\"><input type=\"radio\" id=\"wpforms-21258-field_11_2\" name=\"wpforms[fields][11]\" value=\"Insatisfeito\" aria-errormessage=\"wpforms-21258-field_11_2-error\" required ><label class=\"wpforms-field-label-inline\" for=\"wpforms-21258-field_11_2\">Insatisfeito<\/label><\/li><li class=\"choice-3 depth-1\"><input type=\"radio\" id=\"wpforms-21258-field_11_3\" name=\"wpforms[fields][11]\" value=\"Satisfeito\" aria-errormessage=\"wpforms-21258-field_11_3-error\" required ><label class=\"wpforms-field-label-inline\" for=\"wpforms-21258-field_11_3\">Satisfeito<\/label><\/li><li class=\"choice-4 depth-1\"><input type=\"radio\" id=\"wpforms-21258-field_11_4\" name=\"wpforms[fields][11]\" value=\"Muito Satisfeito\" aria-errormessage=\"wpforms-21258-field_11_4-error\" required ><label class=\"wpforms-field-label-inline\" for=\"wpforms-21258-field_11_4\">Muito Satisfeito<\/label><\/li><\/ul><\/fieldset><\/div><script>\n\t\t\t\t( function() {\n\t\t\t\t\tconst style = document.createElement( 'style' );\n\t\t\t\t\tstyle.appendChild( document.createTextNode( '#wpforms-21258-field_12-container { position: absolute !important; overflow: hidden !important; display: inline !important; height: 1px !important; width: 1px !important; z-index: -1000 !important; padding: 0 !important; } #wpforms-21258-field_12-container input { visibility: hidden; } #wpforms-conversational-form-page #wpforms-21258-field_12-container label { counter-increment: none; }' ) );\n\t\t\t\t\tdocument.head.appendChild( style );\n\t\t\t\t\tdocument.currentScript?.remove();\n\t\t\t\t} )();\n\t\t\t<\/script><\/div><!-- .wpforms-field-container --><div class=\"wpforms-submit-container\" ><input type=\"hidden\" name=\"wpforms[id]\" value=\"21258\"><input type=\"hidden\" name=\"page_title\" value=\"\"><input type=\"hidden\" name=\"page_url\" value=\"https:\/\/cm-fronteira.pt\/pt\/wp-json\/wp\/v2\/pages\/11778\"><input type=\"hidden\" name=\"url_referer\" value=\"\"><button type=\"submit\" name=\"wpforms[submit]\" id=\"wpforms-submit-21258\" class=\"wpforms-submit\" data-alt-text=\"A enviar...\" data-submit-text=\"Submeter\" aria-live=\"assertive\" value=\"wpforms-submit\">Submeter<\/button><img loading=\"lazy\" decoding=\"async\" src=\"https:\/\/cm-fronteira.pt\/wp-content\/plugins\/wpforms\/assets\/images\/submit-spin.svg\" class=\"wpforms-submit-spinner\" style=\"display: none;\" width=\"26\" height=\"26\" alt=\"Loading\"><\/div><\/form><\/div>  <!-- .wpforms-container -->\n","protected":false},"excerpt":{"rendered":"","protected":false},"author":5,"featured_media":0,"parent":503,"menu_order":0,"comment_status":"closed","ping_status":"closed","template":"templates-map\/component-form-layout1.php","meta":{"_acf_changed":false,"_exactmetrics_skip_tracking":false,"_exactmetrics_sitenote_active":false,"_exactmetrics_sitenote_note":"","_exactmetrics_sitenote_category":0,"footnotes":""},"categories":[],"class_list":["post-11778","page","type-page","status-publish","hentry"],"acf":[],"_links":{"self":[{"href":"https:\/\/cm-fronteira.pt\/pt\/wp-json\/wp\/v2\/pages\/11778","targetHints":{"allow":["GET"]}}],"collection":[{"href":"https:\/\/cm-fronteira.pt\/pt\/wp-json\/wp\/v2\/pages"}],"about":[{"href":"https:\/\/cm-fronteira.pt\/pt\/wp-json\/wp\/v2\/types\/page"}],"author":[{"embeddable":true,"href":"https:\/\/cm-fronteira.pt\/pt\/wp-json\/wp\/v2\/users\/5"}],"replies":[{"embeddable":true,"href":"https:\/\/cm-fronteira.pt\/pt\/wp-json\/wp\/v2\/comments?post=11778"}],"version-history":[{"count":3,"href":"https:\/\/cm-fronteira.pt\/pt\/wp-json\/wp\/v2\/pages\/11778\/revisions"}],"predecessor-version":[{"id":21267,"href":"https:\/\/cm-fronteira.pt\/pt\/wp-json\/wp\/v2\/pages\/11778\/revisions\/21267"}],"up":[{"embeddable":true,"href":"https:\/\/cm-fronteira.pt\/pt\/wp-json\/wp\/v2\/pages\/503"}],"wp:attachment":[{"href":"https:\/\/cm-fronteira.pt\/pt\/wp-json\/wp\/v2\/media?parent=11778"}],"wp:term":[{"taxonomy":"category","embeddable":true,"href":"https:\/\/cm-fronteira.pt\/pt\/wp-json\/wp\/v2\/categories?post=11778"}],"curies":[{"name":"wp","href":"https:\/\/api.w.org\/{rel}","templated":true}]}}