{"id":11029,"date":"2022-09-05T14:30:02","date_gmt":"2022-09-05T14:30:02","guid":{"rendered":"https:\/\/cm-fronteira.pt\/?page_id=11029"},"modified":"2023-10-31T18:06:43","modified_gmt":"2023-10-31T18:06:43","slug":"bem-estar-animal-saude-publica","status":"publish","type":"page","link":"https:\/\/cm-fronteira.pt\/pt\/atividade-municipal\/ambiente\/bem-estar-animal-saude-publica\/","title":{"rendered":"Bem-Estar Animal \/ Sa\u00fade P\u00fablica"},"content":{"rendered":"<p>&nbsp;<\/p>\n<p style=\"text-align: justify;\">O Munic\u00edpio de Fronteira definiu como prioridade melhorar a resposta do Munic\u00edpio aos desafios da sa\u00fade p\u00fablica e do bem-estar animal. Nesse sentido, tem em curso o <strong>Plano Municipal de Controlo e Bem-Estar das Popula\u00e7\u00f5es Animais de C\u00e3es e Gatos.<\/strong> Este plano, corporiza uma estrat\u00e9gia de m\u00e9dio e longo prazo para assegurar o controlo sanit\u00e1rio das popula\u00e7\u00f5es de c\u00e3es e gatos e promover a ado\u00e7\u00e3o respons\u00e1vel, cumprindo as obriga\u00e7\u00f5es legais bem como a generalidade das recomenda\u00e7\u00f5es da Ordem dos M\u00e9dicos Veterin\u00e1rios e ICNF (Instituto da Conserva\u00e7\u00e3o da Natureza e das Florestas).<\/p>\n<p>&nbsp;<\/p>\n<p style=\"text-align: justify;\"><strong>O Plano Municipal de Controlo e Bem-Estar das Popula\u00e7\u00f5es Animais de C\u00e3es e Gatos identifica as seguintes medidas estruturantes:<\/strong><\/p>\n<ul>\n<li style=\"text-align: justify;\">Campanha de promo\u00e7\u00e3o de uma ado\u00e7\u00e3o respons\u00e1vel;<\/li>\n<li style=\"text-align: justify;\">Esteriliza\u00e7\u00e3o a todos os animais adotados no CROAC<\/li>\n<li style=\"text-align: justify;\">Aplica\u00e7\u00e3o m\u00e9todo CED (Captura, Esteriliza\u00e7\u00e3o e Devolu\u00e7\u00e3o) em col\u00f3nias de gatos.<\/li>\n<\/ul>\n","protected":false},"excerpt":{"rendered":"<p>&nbsp; O Munic\u00edpio de Fronteira definiu como prioridade melhorar a resposta do Munic\u00edpio aos desafios da sa\u00fade p\u00fablica e do bem-estar animal. Nesse sentido, tem em curso o Plano Municipal de Controlo e Bem-Estar das Popula\u00e7\u00f5es Animais de C\u00e3es e Gatos. Este plano, corporiza uma estrat\u00e9gia de m\u00e9dio e longo prazo para assegurar o controlo [&hellip;]<\/p>\n","protected":false},"author":5,"featured_media":0,"parent":611,"menu_order":0,"comment_status":"closed","ping_status":"closed","template":"templates-map\/component-text-list-layout2.php","meta":{"_acf_changed":false,"_exactmetrics_skip_tracking":false,"_exactmetrics_sitenote_active":false,"_exactmetrics_sitenote_note":"","_exactmetrics_sitenote_category":0,"footnotes":""},"categories":[1],"class_list":["post-11029","page","type-page","status-publish","hentry","category-sem-categoria"],"acf":[],"_links":{"self":[{"href":"https:\/\/cm-fronteira.pt\/pt\/wp-json\/wp\/v2\/pages\/11029","targetHints":{"allow":["GET"]}}],"collection":[{"href":"https:\/\/cm-fronteira.pt\/pt\/wp-json\/wp\/v2\/pages"}],"about":[{"href":"https:\/\/cm-fronteira.pt\/pt\/wp-json\/wp\/v2\/types\/page"}],"author":[{"embeddable":true,"href":"https:\/\/cm-fronteira.pt\/pt\/wp-json\/wp\/v2\/users\/5"}],"replies":[{"embeddable":true,"href":"https:\/\/cm-fronteira.pt\/pt\/wp-json\/wp\/v2\/comments?post=11029"}],"version-history":[{"count":5,"href":"https:\/\/cm-fronteira.pt\/pt\/wp-json\/wp\/v2\/pages\/11029\/revisions"}],"predecessor-version":[{"id":12851,"href":"https:\/\/cm-fronteira.pt\/pt\/wp-json\/wp\/v2\/pages\/11029\/revisions\/12851"}],"up":[{"embeddable":true,"href":"https:\/\/cm-fronteira.pt\/pt\/wp-json\/wp\/v2\/pages\/611"}],"wp:attachment":[{"href":"https:\/\/cm-fronteira.pt\/pt\/wp-json\/wp\/v2\/media?parent=11029"}],"wp:term":[{"taxonomy":"category","embeddable":true,"href":"https:\/\/cm-fronteira.pt\/pt\/wp-json\/wp\/v2\/categories?post=11029"}],"curies":[{"name":"wp","href":"https:\/\/api.w.org\/{rel}","templated":true}]}}