{"id":587,"date":"2020-10-28T15:39:32","date_gmt":"2020-10-28T15:39:32","guid":{"rendered":"https:\/\/cm-fronteira.pt\/?page_id=587"},"modified":"2023-10-31T18:06:17","modified_gmt":"2023-10-31T18:06:17","slug":"comissao-de-protecao-de-criancas-e-jovens","status":"publish","type":"page","link":"https:\/\/cm-fronteira.pt\/it\/municipio\/conselhos-e-comissoes-municipais\/comissao-de-protecao-de-criancas-e-jovens\/","title":{"rendered":"Comiss\u00e3o de Prote\u00e7\u00e3o de Crian\u00e7as e Jovens (CPCJ)"},"content":{"rendered":"<p><img decoding=\"async\" class=\"alignleft wp-image-9083 size-full\" src=\"https:\/\/cm-fronteira.pt\/wp-content\/uploads\/2022\/02\/CPCJ_logotipo_Prancheta-1.png\" alt=\"\" width=\"1920\" height=\"650\" srcset=\"https:\/\/cm-fronteira.pt\/wp-content\/uploads\/2022\/02\/CPCJ_logotipo_Prancheta-1.png 1920w, https:\/\/cm-fronteira.pt\/wp-content\/uploads\/2022\/02\/CPCJ_logotipo_Prancheta-1-300x102.png 300w, https:\/\/cm-fronteira.pt\/wp-content\/uploads\/2022\/02\/CPCJ_logotipo_Prancheta-1-1024x347.png 1024w, https:\/\/cm-fronteira.pt\/wp-content\/uploads\/2022\/02\/CPCJ_logotipo_Prancheta-1-768x260.png 768w, https:\/\/cm-fronteira.pt\/wp-content\/uploads\/2022\/02\/CPCJ_logotipo_Prancheta-1-1536x520.png 1536w, https:\/\/cm-fronteira.pt\/wp-content\/uploads\/2022\/02\/CPCJ_logotipo_Prancheta-1-1320x447.png 1320w\" sizes=\"(max-width: 1920px) 100vw, 1920px\" \/>A <strong>CPCJ de Fronteira<\/strong> \u00e9 um organismo oficial, n\u00e3o judicial, com autonomia funcional que visa promover os direitos da crian\u00e7a e do jovem e prevenir, ou p\u00f4r termo, a situa\u00e7\u00f5es suscet\u00edveis de afetar a sua seguran\u00e7a, sa\u00fade, forma\u00e7\u00e3o ou desenvolvimento integral.<\/p>\n","protected":false},"excerpt":{"rendered":"<p>A CPCJ de Fronteira \u00e9 um organismo oficial, n\u00e3o judicial, com autonomia funcional que visa promover os direitos da crian\u00e7a e do jovem e prevenir, ou p\u00f4r termo, a situa\u00e7\u00f5es suscet\u00edveis de afetar a sua seguran\u00e7a, sa\u00fade, forma\u00e7\u00e3o ou desenvolvimento integral.<\/p>\n","protected":false},"author":13,"featured_media":0,"parent":579,"menu_order":0,"comment_status":"closed","ping_status":"closed","template":"templates-map\/component-text-list-layout1.php","meta":{"_acf_changed":false,"_exactmetrics_skip_tracking":false,"_exactmetrics_sitenote_active":false,"_exactmetrics_sitenote_note":"","_exactmetrics_sitenote_category":0,"footnotes":""},"categories":[],"class_list":["post-587","page","type-page","status-publish","hentry"],"acf":[],"_links":{"self":[{"href":"https:\/\/cm-fronteira.pt\/it\/wp-json\/wp\/v2\/pages\/587","targetHints":{"allow":["GET"]}}],"collection":[{"href":"https:\/\/cm-fronteira.pt\/it\/wp-json\/wp\/v2\/pages"}],"about":[{"href":"https:\/\/cm-fronteira.pt\/it\/wp-json\/wp\/v2\/types\/page"}],"author":[{"embeddable":true,"href":"https:\/\/cm-fronteira.pt\/it\/wp-json\/wp\/v2\/users\/13"}],"replies":[{"embeddable":true,"href":"https:\/\/cm-fronteira.pt\/it\/wp-json\/wp\/v2\/comments?post=587"}],"version-history":[{"count":20,"href":"https:\/\/cm-fronteira.pt\/it\/wp-json\/wp\/v2\/pages\/587\/revisions"}],"predecessor-version":[{"id":12747,"href":"https:\/\/cm-fronteira.pt\/it\/wp-json\/wp\/v2\/pages\/587\/revisions\/12747"}],"up":[{"embeddable":true,"href":"https:\/\/cm-fronteira.pt\/it\/wp-json\/wp\/v2\/pages\/579"}],"wp:attachment":[{"href":"https:\/\/cm-fronteira.pt\/it\/wp-json\/wp\/v2\/media?parent=587"}],"wp:term":[{"taxonomy":"category","embeddable":true,"href":"https:\/\/cm-fronteira.pt\/it\/wp-json\/wp\/v2\/categories?post=587"}],"curies":[{"name":"wp","href":"https:\/\/api.w.org\/{rel}","templated":true}]}}