{"id":12247,"date":"2023-06-19T15:12:19","date_gmt":"2023-06-19T15:12:19","guid":{"rendered":"https:\/\/cm-fronteira.pt\/?page_id=12247"},"modified":"2023-10-31T18:06:43","modified_gmt":"2023-10-31T18:06:43","slug":"plano-municipal-para-a-igualdade-e-a-nao-discriminacao","status":"publish","type":"page","link":"https:\/\/cm-fronteira.pt\/it\/atividade-municipal\/acao-social-e-saude\/plano-municipal-para-a-igualdade-e-a-nao-discriminacao\/","title":{"rendered":"Plano Municipal para a Igualdade e a N\u00e3o Discrimina\u00e7\u00e3o"},"content":{"rendered":"<p style=\"text-align: justify;\">Nos \u00faltimos anos, o Munic\u00edpio tem priorizado as quest\u00f5es da igualdade, assumindo um forte compromisso pol\u00edtico para a promo\u00e7\u00e3o da <strong>igualdade de g\u00e9nero e da n\u00e3o discrimina\u00e7\u00e3o, visando aumentar a qualidade de vida das\/os suas\/eus residentes.<\/strong><\/p>\n<p style=\"text-align: justify;\">Com efeito, ao abrigo da candidatura aprovada no \u00e2mbito do Aviso N.\u00ba POISE 22-2020-03, \u00e0 escala da Comunidade Intermunicipal do Alto Alentejo, o Munic\u00edpio elaborou o <strong>Plano Municipal para a Igualdade e a N\u00e3o Discrimina\u00e7\u00e3o (PMIND), com base no diagn\u00f3stico das suas necessidades e vulnerabilidades \/ fragilidades<\/strong>, com o objetivo de apelar a um futuro \u201cmais igual e menos discriminat\u00f3rio\u201d.<\/p>\n<p>&nbsp;<\/p>\n<p style=\"text-align: justify;\">O PMIND abrange quatro \u00e1reas gerais da igualdade e da n\u00e3o discrimina\u00e7\u00e3o:<br \/>\n<strong>\u2022 Igualdade entre mulheres e homens<\/strong><br \/>\n<strong>\u2022 Preven\u00e7\u00e3o e combate \u00e0 viol\u00eancia contra as mulheres e \u00e0 viol\u00eancia dom\u00e9stica <\/strong><br \/>\n<strong>\u2022 Combate \u00e0 discrimina\u00e7\u00e3o em raz\u00e3o da orienta\u00e7\u00e3o sexual, identidade e express\u00e3o de g\u00e9nero, e caracter\u00edsticas sexuais <\/strong><br \/>\n<strong>\u2022 Preven\u00e7\u00e3o e combate ao tr\u00e1fico de seres humanos<\/strong><\/p>\n","protected":false},"excerpt":{"rendered":"<p>Nos \u00faltimos anos, o Munic\u00edpio tem priorizado as quest\u00f5es da igualdade, assumindo um forte compromisso pol\u00edtico para a promo\u00e7\u00e3o da igualdade de g\u00e9nero e da n\u00e3o discrimina\u00e7\u00e3o, visando aumentar a qualidade de vida das\/os suas\/eus residentes. Com efeito, ao abrigo da candidatura aprovada no \u00e2mbito do Aviso N.\u00ba POISE 22-2020-03, \u00e0 escala da Comunidade Intermunicipal [&hellip;]<\/p>\n","protected":false},"author":5,"featured_media":0,"parent":729,"menu_order":0,"comment_status":"closed","ping_status":"closed","template":"templates-map\/component-text-layout1.php","meta":{"_acf_changed":false,"_exactmetrics_skip_tracking":false,"_exactmetrics_sitenote_active":false,"_exactmetrics_sitenote_note":"","_exactmetrics_sitenote_category":0,"footnotes":""},"categories":[],"class_list":["post-12247","page","type-page","status-publish","hentry"],"acf":[],"_links":{"self":[{"href":"https:\/\/cm-fronteira.pt\/it\/wp-json\/wp\/v2\/pages\/12247","targetHints":{"allow":["GET"]}}],"collection":[{"href":"https:\/\/cm-fronteira.pt\/it\/wp-json\/wp\/v2\/pages"}],"about":[{"href":"https:\/\/cm-fronteira.pt\/it\/wp-json\/wp\/v2\/types\/page"}],"author":[{"embeddable":true,"href":"https:\/\/cm-fronteira.pt\/it\/wp-json\/wp\/v2\/users\/5"}],"replies":[{"embeddable":true,"href":"https:\/\/cm-fronteira.pt\/it\/wp-json\/wp\/v2\/comments?post=12247"}],"version-history":[{"count":9,"href":"https:\/\/cm-fronteira.pt\/it\/wp-json\/wp\/v2\/pages\/12247\/revisions"}],"predecessor-version":[{"id":12855,"href":"https:\/\/cm-fronteira.pt\/it\/wp-json\/wp\/v2\/pages\/12247\/revisions\/12855"}],"up":[{"embeddable":true,"href":"https:\/\/cm-fronteira.pt\/it\/wp-json\/wp\/v2\/pages\/729"}],"wp:attachment":[{"href":"https:\/\/cm-fronteira.pt\/it\/wp-json\/wp\/v2\/media?parent=12247"}],"wp:term":[{"taxonomy":"category","embeddable":true,"href":"https:\/\/cm-fronteira.pt\/it\/wp-json\/wp\/v2\/categories?post=12247"}],"curies":[{"name":"wp","href":"https:\/\/api.w.org\/{rel}","templated":true}]}}