{"id":7978,"date":"2021-05-18T15:22:45","date_gmt":"2021-05-18T15:22:45","guid":{"rendered":"https:\/\/cm-fronteira.pt\/?page_id=7978"},"modified":"2023-10-31T18:06:36","modified_gmt":"2023-10-31T18:06:36","slug":"programa-de-ocupacao-municipal-de-desempregados","status":"publish","type":"page","link":"https:\/\/cm-fronteira.pt\/fr\/atividade-municipal\/acao-social-e-saude\/programa-de-ocupacao-municipal-de-desempregados\/","title":{"rendered":"Programa de Ocupa\u00e7\u00e3o Municipal de Desempregados"},"content":{"rendered":"<p style=\"text-align: justify;\"><strong>Objetivos<\/strong><\/p>\n<ul>\n<li style=\"text-align: justify;\">Contribuir para a integra\u00e7\u00e3o dos desempregados, residentes no concelho de Fronteira, no mercado de trabalho;<\/li>\n<li style=\"text-align: justify;\">Possibilitar, atrav\u00e9s da participa\u00e7\u00e3o em projetos de forma\u00e7\u00e3o pr\u00e1tica, uma oportunidade de experimenta\u00e7\u00e3o em contexto real de trabalho;<\/li>\n<li style=\"text-align: justify;\">Facilitar o desenvolvimento de compet\u00eancias essenciais \u00e0 vida ativa, nomeadamente aos n\u00edveis do saber -fazer e saber -estar, atrav\u00e9s da realiza\u00e7\u00e3o de projetos em determinadas \u00e1reas de atua\u00e7\u00e3o, de forma a complementar as qualifica\u00e7\u00f5es e experi\u00eancias anteriormente adquiridas;<\/li>\n<li style=\"text-align: justify;\">Facilitar a posterior integra\u00e7\u00e3o no mercado de trabalho, nomeadamente, atrav\u00e9s do enriquecimento curricular;<\/li>\n<li style=\"text-align: justify;\">Promover atitudes ativas face \u00e0 constru\u00e7\u00e3o do seu futuro pessoal e profissional, nomeadamente atrav\u00e9s do auto-emprego.<\/li>\n<\/ul>\n<p>&nbsp;<\/p>\n<p style=\"text-align: justify;\"><strong>Destinat\u00e1rios<\/strong><\/p>\n<ul>\n<li style=\"text-align: justify;\">Este Programa destina -se a cidad\u00e3os residentes no concelho de Fronteira, em situa\u00e7\u00e3o de desemprego com inscri\u00e7\u00e3o ativa no Instituto de Emprego e Forma\u00e7\u00e3o Profissional.<\/li>\n<li style=\"text-align: justify;\">Os benefici\u00e1rios deste Programa n\u00e3o podem ser benefici\u00e1rios do Rendimento Social de Inser\u00e7\u00e3o (RSI) ou de subsidio de Desemprego.<\/li>\n<li style=\"text-align: justify;\">A inclus\u00e3o de quaisquer benefici\u00e1rios no Programa deve ser precedida de verifica\u00e7\u00e3o da possibilidade de integra\u00e7\u00e3o do desempregado em quaisquer outras medidas ativas ou passivas de emprego. Artigo 4.<\/li>\n<\/ul>\n","protected":false},"excerpt":{"rendered":"<p>Objetivos Contribuir para a integra\u00e7\u00e3o dos desempregados, residentes no concelho de Fronteira, no mercado de trabalho; Possibilitar, atrav\u00e9s da participa\u00e7\u00e3o em projetos de forma\u00e7\u00e3o pr\u00e1tica, uma oportunidade de experimenta\u00e7\u00e3o em contexto real de trabalho; Facilitar o desenvolvimento de compet\u00eancias essenciais \u00e0 vida ativa, nomeadamente aos n\u00edveis do saber -fazer e saber -estar, atrav\u00e9s da realiza\u00e7\u00e3o [&hellip;]<\/p>\n","protected":false},"author":5,"featured_media":0,"parent":729,"menu_order":0,"comment_status":"closed","ping_status":"closed","template":"templates-map\/component-text-layout1.php","meta":{"_acf_changed":false,"_exactmetrics_skip_tracking":false,"_exactmetrics_sitenote_active":false,"_exactmetrics_sitenote_note":"","_exactmetrics_sitenote_category":0,"footnotes":""},"categories":[],"class_list":["post-7978","page","type-page","status-publish","hentry"],"acf":[],"_links":{"self":[{"href":"https:\/\/cm-fronteira.pt\/fr\/wp-json\/wp\/v2\/pages\/7978","targetHints":{"allow":["GET"]}}],"collection":[{"href":"https:\/\/cm-fronteira.pt\/fr\/wp-json\/wp\/v2\/pages"}],"about":[{"href":"https:\/\/cm-fronteira.pt\/fr\/wp-json\/wp\/v2\/types\/page"}],"author":[{"embeddable":true,"href":"https:\/\/cm-fronteira.pt\/fr\/wp-json\/wp\/v2\/users\/5"}],"replies":[{"embeddable":true,"href":"https:\/\/cm-fronteira.pt\/fr\/wp-json\/wp\/v2\/comments?post=7978"}],"version-history":[{"count":12,"href":"https:\/\/cm-fronteira.pt\/fr\/wp-json\/wp\/v2\/pages\/7978\/revisions"}],"predecessor-version":[{"id":12825,"href":"https:\/\/cm-fronteira.pt\/fr\/wp-json\/wp\/v2\/pages\/7978\/revisions\/12825"}],"up":[{"embeddable":true,"href":"https:\/\/cm-fronteira.pt\/fr\/wp-json\/wp\/v2\/pages\/729"}],"wp:attachment":[{"href":"https:\/\/cm-fronteira.pt\/fr\/wp-json\/wp\/v2\/media?parent=7978"}],"wp:term":[{"taxonomy":"category","embeddable":true,"href":"https:\/\/cm-fronteira.pt\/fr\/wp-json\/wp\/v2\/categories?post=7978"}],"curies":[{"name":"wp","href":"https:\/\/api.w.org\/{rel}","templated":true}]}}