{"id":564,"date":"2020-10-28T15:36:20","date_gmt":"2020-10-28T15:36:20","guid":{"rendered":"https:\/\/cm-fronteira.pt\/?page_id=564"},"modified":"2026-03-05T11:43:17","modified_gmt":"2026-03-05T11:43:17","slug":"competencias","status":"publish","type":"page","link":"https:\/\/cm-fronteira.pt\/fr\/municipio\/assembleia-municipal\/competencias\/","title":{"rendered":"Compet\u00eancias"},"content":{"rendered":"<p style=\"text-align: justify\">A Assembleia Municipal \u00e9 o \u00f3rg\u00e3o deliberativo do Munic\u00edpio e \u00e9 constitu\u00edda por membros eleitos diretamente em n\u00famero superior ao dos presidentes de junta de freguesia, que a integram por iner\u00eancia, e igual ou superior ao triplo do n\u00famero de membros da respetiva c\u00e2mara municipal (\u00f3rg\u00e3o executivo do Munic\u00edpio).<\/p>\n<p style=\"text-align: justify\">A Mesa da Assembleia \u00e9 composta por um presidente, um primeiro secret\u00e1rio e um segundo secret\u00e1rio e \u00e9 eleita, por escrut\u00ednio secreto, pela Assembleia Municipal, de entre os seus membros.<\/p>\n<p style=\"text-align: justify\">Quando h\u00e1 elei\u00e7\u00f5es, o presidente da Assembleia Municipal cessante deve proceder \u00e0 instala\u00e7\u00e3o da nova Assembleia Municipal no prazo de 20 dias ap\u00f3s o apuramento definitivo dos resultados eleitorais.<\/p>\n<p style=\"text-align: justify\">A Assembleia Municipal tem cinco sess\u00f5es ordin\u00e1rias anuais, nos meses de Fevereiro, Abril, Junho, Setembro e Novembro.<\/p>\n<p style=\"text-align: justify\">O presidente da Assembleia convoca extraordinariamente a Assembleia Municipal, por sua pr\u00f3pria iniciativa, quando a mesa assim o deliberar ou, ainda, a requerimento: do presidente da C\u00e2mara, em execu\u00e7\u00e3o de delibera\u00e7\u00e3o desta; de um ter\u00e7o dos seus membros ou de grupos municipais com id\u00eantica representatividade; ou de um n\u00famero de cidad\u00e3os eleitores inscritos no recenseamento eleitoral do Munic\u00edpio equivalente a 30 vezes o n\u00famero de elementos que comp\u00f5em a Assembleia, quando aquele n\u00famero for igual ou inferior a 10.000, e a 50 vezes, quando for superior.<\/p>\n<p style=\"text-align: justify\">Todas as sess\u00f5es da Assembleia Municipal s\u00e3o p\u00fablicas e t\u00eam um per\u00edodo para interven\u00e7\u00e3o do p\u00fablico, durante o qual lhe ser\u00e3o prestados os esclarecimentos solicitados.<\/p>\n<p>&nbsp;<\/p>\n<p style=\"text-align: justify\"><strong>As principais compet\u00eancias da Assembleia Municipal s\u00e3o:<\/strong><\/p>\n<ul>\n<li style=\"text-align: justify\">Acompanhar e fiscalizar a actividade da C\u00e2mara Municipal;<\/li>\n<li style=\"text-align: justify\">Solicitar e receber atrav\u00e9s da Mesa informa\u00e7\u00f5es sobre assuntos de interesse para a Autarquia;<\/li>\n<li style=\"text-align: justify\">Deliberar sobre a constitui\u00e7\u00e3o de delega\u00e7\u00f5es, comiss\u00f5es ou grupos de trabalho para estudo dos problemas relacionados com os interesses da autarquia no \u00e2mbito das suas atribui\u00e7\u00f5es;<\/li>\n<li style=\"text-align: justify\">Tomar posi\u00e7\u00e3o perante os \u00f3rg\u00e3os do poder central sobre assuntos de interesse da Autarquia;<\/li>\n<li style=\"text-align: justify\">Pronunciar-se e deliberar sobre assuntos que visem a prossecu\u00e7\u00e3o dos interesses pr\u00f3prios da autarquia;<\/li>\n<li style=\"text-align: justify\">Votar mo\u00e7\u00f5es de censura \u00e0 C\u00e2mara Municipal a fim de permitir a forma\u00e7\u00e3o e a divulga\u00e7\u00e3o de ju\u00edzos negativos e reprovativos da ac\u00e7\u00e3o da C\u00e2mara Municipal.<\/li>\n<\/ul>\n<p>&nbsp;<\/p>\n<p style=\"text-align: justify\"><strong>Sob proposta ou pedido de autoriza\u00e7\u00e3o da C\u00e2mara Municipal, a Assembleia Municipal pode ainda:<\/strong><\/p>\n<ul>\n<li style=\"text-align: justify\">Aprovar posturas e regulamentos;<\/li>\n<li style=\"text-align: justify\">Aprovar o plano de actividades e o or\u00e7amento, bem como as suas revis\u00f5es;<\/li>\n<li style=\"text-align: justify\">Aprovar anualmente o relat\u00f3rio de atividades, o balan\u00e7o e a conta de ger\u00eancia;<\/li>\n<li style=\"text-align: justify\">Aprovar medidas preventivas, normas provis\u00f3rias, \u00e1reas de desenvolvimento urbano priorit\u00e1rio e planos municipais de ordenamento do territ\u00f3rio;<\/li>\n<li style=\"text-align: justify\">Aprovar empr\u00e9stimos, nos termos da lei;<\/li>\n<li style=\"text-align: justify\">Aprovar os quadros de pessoal dos diferentes servi\u00e7os do munic\u00edpio e fixar nos termos da lei, o regime jur\u00eddico e a remunera\u00e7\u00e3o dos seus funcion\u00e1rios;<\/li>\n<li style=\"text-align: justify\">Autorizar a C\u00e2mara Municipal a adquirir, alienar ou onerar bens im\u00f3veis de valor superior ao imposto pela lei;<\/li>\n<li style=\"text-align: justify\">Estabelecer taxas municipais e fixar os respectivos quantitativos;<\/li>\n<li style=\"text-align: justify\">Deliberar quanto \u00e0 cria\u00e7\u00e3o de derramas destinadas \u00e0 obten\u00e7\u00e3o de fundos para a execu\u00e7\u00e3o de melhoramentos urgentes;<\/li>\n<li style=\"text-align: justify\">Autorizar quando se presuma que disso resulte benef\u00edcio para o interesse comum, a pr\u00e1tica por parte da Junta de Freguesia de actos da compet\u00eancia da C\u00e2mara Municipal.<\/li>\n<\/ul>\n","protected":false},"excerpt":{"rendered":"<p>A Assembleia Municipal \u00e9 o \u00f3rg\u00e3o deliberativo do Munic\u00edpio e \u00e9 constitu\u00edda por membros eleitos diretamente em n\u00famero superior ao dos presidentes de junta de freguesia, que a integram por iner\u00eancia, e igual ou superior ao triplo do n\u00famero de membros da respetiva c\u00e2mara municipal (\u00f3rg\u00e3o executivo do Munic\u00edpio). A Mesa da Assembleia \u00e9 composta [&hellip;]<\/p>\n","protected":false},"author":13,"featured_media":0,"parent":560,"menu_order":0,"comment_status":"closed","ping_status":"closed","template":"templates-map\/component-text-layout1.php","meta":{"_acf_changed":false,"_exactmetrics_skip_tracking":false,"_exactmetrics_sitenote_active":false,"_exactmetrics_sitenote_note":"","_exactmetrics_sitenote_category":0,"footnotes":""},"categories":[1373],"class_list":["post-564","page","type-page","status-publish","hentry","category-assembleia"],"acf":[],"_links":{"self":[{"href":"https:\/\/cm-fronteira.pt\/fr\/wp-json\/wp\/v2\/pages\/564","targetHints":{"allow":["GET"]}}],"collection":[{"href":"https:\/\/cm-fronteira.pt\/fr\/wp-json\/wp\/v2\/pages"}],"about":[{"href":"https:\/\/cm-fronteira.pt\/fr\/wp-json\/wp\/v2\/types\/page"}],"author":[{"embeddable":true,"href":"https:\/\/cm-fronteira.pt\/fr\/wp-json\/wp\/v2\/users\/13"}],"replies":[{"embeddable":true,"href":"https:\/\/cm-fronteira.pt\/fr\/wp-json\/wp\/v2\/comments?post=564"}],"version-history":[{"count":10,"href":"https:\/\/cm-fronteira.pt\/fr\/wp-json\/wp\/v2\/pages\/564\/revisions"}],"predecessor-version":[{"id":23696,"href":"https:\/\/cm-fronteira.pt\/fr\/wp-json\/wp\/v2\/pages\/564\/revisions\/23696"}],"up":[{"embeddable":true,"href":"https:\/\/cm-fronteira.pt\/fr\/wp-json\/wp\/v2\/pages\/560"}],"wp:attachment":[{"href":"https:\/\/cm-fronteira.pt\/fr\/wp-json\/wp\/v2\/media?parent=564"}],"wp:term":[{"taxonomy":"category","embeddable":true,"href":"https:\/\/cm-fronteira.pt\/fr\/wp-json\/wp\/v2\/categories?post=564"}],"curies":[{"name":"wp","href":"https:\/\/api.w.org\/{rel}","templated":true}]}}