{"id":22413,"date":"2025-08-26T10:13:41","date_gmt":"2025-08-26T10:13:41","guid":{"rendered":"https:\/\/cm-fronteira.pt\/?page_id=22413"},"modified":"2025-08-27T15:24:35","modified_gmt":"2025-08-27T15:24:35","slug":"servico-municipal-de-protecao-civil","status":"publish","type":"page","link":"https:\/\/cm-fronteira.pt\/fr\/atividade-municipal\/servico-municipal-de-protecao-civil\/","title":{"rendered":"(Portugu\u00eas) Servi\u00e7o Municipal de Prote\u00e7\u00e3o Civil"},"content":{"rendered":"<p class=\"qtranxs-available-languages-message qtranxs-available-languages-message-fr\">D\u00e9sol\u00e9, cet article est seulement disponible en <a href=\"https:\/\/cm-fronteira.pt\/pt\/wp-json\/wp\/v2\/pages\/22413\" class=\"qtranxs-available-language-link qtranxs-available-language-link-pt\" title=\"Portugu\u00eas\">Portugu\u00eas<\/a>.<\/p>","protected":false},"excerpt":{"rendered":"<p>D\u00e9sol\u00e9, cet article est seulement disponible en Portugu\u00eas.<\/p>\n","protected":false},"author":5,"featured_media":0,"parent":373,"menu_order":0,"comment_status":"closed","ping_status":"closed","template":"templates-map\/component-text-list-layout2.php","meta":{"_acf_changed":false,"_exactmetrics_skip_tracking":false,"_exactmetrics_sitenote_active":false,"_exactmetrics_sitenote_note":"","_exactmetrics_sitenote_category":0,"footnotes":""},"categories":[1343],"class_list":["post-22413","page","type-page","status-publish","hentry","category-protecao-civil"],"acf":[],"_links":{"self":[{"href":"https:\/\/cm-fronteira.pt\/fr\/wp-json\/wp\/v2\/pages\/22413","targetHints":{"allow":["GET"]}}],"collection":[{"href":"https:\/\/cm-fronteira.pt\/fr\/wp-json\/wp\/v2\/pages"}],"about":[{"href":"https:\/\/cm-fronteira.pt\/fr\/wp-json\/wp\/v2\/types\/page"}],"author":[{"embeddable":true,"href":"https:\/\/cm-fronteira.pt\/fr\/wp-json\/wp\/v2\/users\/5"}],"replies":[{"embeddable":true,"href":"https:\/\/cm-fronteira.pt\/fr\/wp-json\/wp\/v2\/comments?post=22413"}],"version-history":[{"count":8,"href":"https:\/\/cm-fronteira.pt\/fr\/wp-json\/wp\/v2\/pages\/22413\/revisions"}],"predecessor-version":[{"id":22431,"href":"https:\/\/cm-fronteira.pt\/fr\/wp-json\/wp\/v2\/pages\/22413\/revisions\/22431"}],"up":[{"embeddable":true,"href":"https:\/\/cm-fronteira.pt\/fr\/wp-json\/wp\/v2\/pages\/373"}],"wp:attachment":[{"href":"https:\/\/cm-fronteira.pt\/fr\/wp-json\/wp\/v2\/media?parent=22413"}],"wp:term":[{"taxonomy":"category","embeddable":true,"href":"https:\/\/cm-fronteira.pt\/fr\/wp-json\/wp\/v2\/categories?post=22413"}],"curies":[{"name":"wp","href":"https:\/\/api.w.org\/{rel}","templated":true}]}}