{"id":8661,"date":"2021-08-13T14:14:44","date_gmt":"2021-08-13T14:14:44","guid":{"rendered":"https:\/\/cm-fronteira.pt\/?page_id=8661"},"modified":"2023-10-31T18:06:38","modified_gmt":"2023-10-31T18:06:38","slug":"publicacoes","status":"publish","type":"page","link":"https:\/\/cm-fronteira.pt\/es\/atividade-municipal\/recursos-humanos\/publicacoes\/","title":{"rendered":"Publica\u00e7\u00f5es"},"content":{"rendered":"<p>&nbsp;<\/p>\n<p>De momento n\u00e3o existe publica\u00e7\u00f5es.<\/p>\n","protected":false},"excerpt":{"rendered":"<p>&nbsp; De momento n\u00e3o existe publica\u00e7\u00f5es.<\/p>\n","protected":false},"author":5,"featured_media":0,"parent":705,"menu_order":0,"comment_status":"closed","ping_status":"closed","template":"templates-map\/component-text-layout1.php","meta":{"_acf_changed":false,"_exactmetrics_skip_tracking":false,"_exactmetrics_sitenote_active":false,"_exactmetrics_sitenote_note":"","_exactmetrics_sitenote_category":0,"footnotes":""},"categories":[],"class_list":["post-8661","page","type-page","status-publish","hentry"],"acf":[],"_links":{"self":[{"href":"https:\/\/cm-fronteira.pt\/es\/wp-json\/wp\/v2\/pages\/8661","targetHints":{"allow":["GET"]}}],"collection":[{"href":"https:\/\/cm-fronteira.pt\/es\/wp-json\/wp\/v2\/pages"}],"about":[{"href":"https:\/\/cm-fronteira.pt\/es\/wp-json\/wp\/v2\/types\/page"}],"author":[{"embeddable":true,"href":"https:\/\/cm-fronteira.pt\/es\/wp-json\/wp\/v2\/users\/5"}],"replies":[{"embeddable":true,"href":"https:\/\/cm-fronteira.pt\/es\/wp-json\/wp\/v2\/comments?post=8661"}],"version-history":[{"count":3,"href":"https:\/\/cm-fronteira.pt\/es\/wp-json\/wp\/v2\/pages\/8661\/revisions"}],"predecessor-version":[{"id":12836,"href":"https:\/\/cm-fronteira.pt\/es\/wp-json\/wp\/v2\/pages\/8661\/revisions\/12836"}],"up":[{"embeddable":true,"href":"https:\/\/cm-fronteira.pt\/es\/wp-json\/wp\/v2\/pages\/705"}],"wp:attachment":[{"href":"https:\/\/cm-fronteira.pt\/es\/wp-json\/wp\/v2\/media?parent=8661"}],"wp:term":[{"taxonomy":"category","embeddable":true,"href":"https:\/\/cm-fronteira.pt\/es\/wp-json\/wp\/v2\/categories?post=8661"}],"curies":[{"name":"wp","href":"https:\/\/api.w.org\/{rel}","templated":true}]}}