{"id":7637,"date":"2021-04-19T11:06:27","date_gmt":"2021-04-19T11:06:27","guid":{"rendered":"https:\/\/cm-fronteira.pt\/?page_id=7637"},"modified":"2023-10-31T18:06:35","modified_gmt":"2023-10-31T18:06:35","slug":"subscricao-da-newsletter","status":"publish","type":"page","link":"https:\/\/cm-fronteira.pt\/es\/subscricao-da-newsletter\/","title":{"rendered":"Subscri\u00e7\u00e3o da newsletter"},"content":{"rendered":"<p>Bem-vindo \u00e0 p\u00e1gina de subscri\u00e7\u00e3o da newsletter do Munic\u00edpio de Fronteira.<\/p>\n<p>Preenchendo o formul\u00e1rio abaixo, estar\u00e1 a inscrever-se na mailing-list de Fronteira, possibilitando a rece\u00e7\u00e3o gr\u00e1tis deste novo meio de informa\u00e7\u00e3o na sua caixa de correio eletr\u00f3nico, mantendo-se atualizado sobre tudo o que acontece no Munic\u00edpio de Fronteira.<\/p>\n","protected":false},"excerpt":{"rendered":"<p>Bem-vindo \u00e0 p\u00e1gina de subscri\u00e7\u00e3o da newsletter do Munic\u00edpio de Fronteira. Preenchendo o formul\u00e1rio abaixo, estar\u00e1 a inscrever-se na mailing-list de Fronteira, possibilitando a rece\u00e7\u00e3o gr\u00e1tis deste novo meio de informa\u00e7\u00e3o na sua caixa de correio eletr\u00f3nico, mantendo-se atualizado sobre tudo o que acontece no Munic\u00edpio de Fronteira.<\/p>\n","protected":false},"author":13,"featured_media":0,"parent":0,"menu_order":0,"comment_status":"closed","ping_status":"closed","template":"templates-map\/component-newsletter-subscribe-layout1.php","meta":{"_acf_changed":false,"_exactmetrics_skip_tracking":false,"_exactmetrics_sitenote_active":false,"_exactmetrics_sitenote_note":"","_exactmetrics_sitenote_category":0,"footnotes":""},"categories":[],"class_list":["post-7637","page","type-page","status-publish","hentry"],"acf":[],"_links":{"self":[{"href":"https:\/\/cm-fronteira.pt\/es\/wp-json\/wp\/v2\/pages\/7637","targetHints":{"allow":["GET"]}}],"collection":[{"href":"https:\/\/cm-fronteira.pt\/es\/wp-json\/wp\/v2\/pages"}],"about":[{"href":"https:\/\/cm-fronteira.pt\/es\/wp-json\/wp\/v2\/types\/page"}],"author":[{"embeddable":true,"href":"https:\/\/cm-fronteira.pt\/es\/wp-json\/wp\/v2\/users\/13"}],"replies":[{"embeddable":true,"href":"https:\/\/cm-fronteira.pt\/es\/wp-json\/wp\/v2\/comments?post=7637"}],"version-history":[{"count":4,"href":"https:\/\/cm-fronteira.pt\/es\/wp-json\/wp\/v2\/pages\/7637\/revisions"}],"predecessor-version":[{"id":21704,"href":"https:\/\/cm-fronteira.pt\/es\/wp-json\/wp\/v2\/pages\/7637\/revisions\/21704"}],"wp:attachment":[{"href":"https:\/\/cm-fronteira.pt\/es\/wp-json\/wp\/v2\/media?parent=7637"}],"wp:term":[{"taxonomy":"category","embeddable":true,"href":"https:\/\/cm-fronteira.pt\/es\/wp-json\/wp\/v2\/categories?post=7637"}],"curies":[{"name":"wp","href":"https:\/\/api.w.org\/{rel}","templated":true}]}}