{"id":708,"date":"2020-10-28T16:34:04","date_gmt":"2020-10-28T16:34:04","guid":{"rendered":"https:\/\/cm-fronteira.pt\/?page_id=708"},"modified":"2023-10-31T18:06:24","modified_gmt":"2023-10-31T18:06:24","slug":"contratos-e-prestacoes-de-servicos","status":"publish","type":"page","link":"https:\/\/cm-fronteira.pt\/es\/atividade-municipal\/recursos-humanos\/contratos-e-prestacoes-de-servicos\/","title":{"rendered":"Contratos e Presta\u00e7\u00f5es de Servi\u00e7os"},"content":{"rendered":"","protected":false},"excerpt":{"rendered":"","protected":false},"author":13,"featured_media":0,"parent":705,"menu_order":0,"comment_status":"closed","ping_status":"closed","template":"templates-map\/component-file-gallery-layout2.php","meta":{"_acf_changed":false,"_exactmetrics_skip_tracking":false,"_exactmetrics_sitenote_active":false,"_exactmetrics_sitenote_note":"","_exactmetrics_sitenote_category":0,"footnotes":""},"categories":[],"class_list":["post-708","page","type-page","status-publish","hentry"],"acf":[],"_links":{"self":[{"href":"https:\/\/cm-fronteira.pt\/es\/wp-json\/wp\/v2\/pages\/708","targetHints":{"allow":["GET"]}}],"collection":[{"href":"https:\/\/cm-fronteira.pt\/es\/wp-json\/wp\/v2\/pages"}],"about":[{"href":"https:\/\/cm-fronteira.pt\/es\/wp-json\/wp\/v2\/types\/page"}],"author":[{"embeddable":true,"href":"https:\/\/cm-fronteira.pt\/es\/wp-json\/wp\/v2\/users\/13"}],"replies":[{"embeddable":true,"href":"https:\/\/cm-fronteira.pt\/es\/wp-json\/wp\/v2\/comments?post=708"}],"version-history":[{"count":14,"href":"https:\/\/cm-fronteira.pt\/es\/wp-json\/wp\/v2\/pages\/708\/revisions"}],"predecessor-version":[{"id":12771,"href":"https:\/\/cm-fronteira.pt\/es\/wp-json\/wp\/v2\/pages\/708\/revisions\/12771"}],"up":[{"embeddable":true,"href":"https:\/\/cm-fronteira.pt\/es\/wp-json\/wp\/v2\/pages\/705"}],"wp:attachment":[{"href":"https:\/\/cm-fronteira.pt\/es\/wp-json\/wp\/v2\/media?parent=708"}],"wp:term":[{"taxonomy":"category","embeddable":true,"href":"https:\/\/cm-fronteira.pt\/es\/wp-json\/wp\/v2\/categories?post=708"}],"curies":[{"name":"wp","href":"https:\/\/api.w.org\/{rel}","templated":true}]}}