{"id":22895,"date":"2025-11-05T12:12:37","date_gmt":"2025-11-05T12:12:37","guid":{"rendered":"https:\/\/cm-fronteira.pt\/?page_id=22895"},"modified":"2025-11-05T16:45:58","modified_gmt":"2025-11-05T16:45:58","slug":"radar-social","status":"publish","type":"page","link":"https:\/\/cm-fronteira.pt\/es\/atividade-municipal\/acao-social-e-saude\/radar-social\/","title":{"rendered":"(Portugu\u00eas) Radar Social"},"content":{"rendered":"<p class=\"qtranxs-available-languages-message qtranxs-available-languages-message-es\">Disculpa, pero esta entrada est\u00e1 disponible s\u00f3lo en <a href=\"https:\/\/cm-fronteira.pt\/pt\/wp-json\/wp\/v2\/pages\/22895\" class=\"qtranxs-available-language-link qtranxs-available-language-link-pt\" title=\"Portugu\u00eas\">Portugu\u00eas<\/a>.<\/p>","protected":false},"excerpt":{"rendered":"<p>Disculpa, pero esta entrada est\u00e1 disponible s\u00f3lo en Portugu\u00eas.<\/p>\n","protected":false},"author":5,"featured_media":0,"parent":729,"menu_order":0,"comment_status":"closed","ping_status":"closed","template":"templates-map\/component-text-layout1.php","meta":{"_acf_changed":false,"_exactmetrics_skip_tracking":false,"_exactmetrics_sitenote_active":false,"_exactmetrics_sitenote_note":"","_exactmetrics_sitenote_category":0,"footnotes":""},"categories":[1346],"class_list":["post-22895","page","type-page","status-publish","hentry","category-acao-social-e-saude"],"acf":[],"_links":{"self":[{"href":"https:\/\/cm-fronteira.pt\/es\/wp-json\/wp\/v2\/pages\/22895","targetHints":{"allow":["GET"]}}],"collection":[{"href":"https:\/\/cm-fronteira.pt\/es\/wp-json\/wp\/v2\/pages"}],"about":[{"href":"https:\/\/cm-fronteira.pt\/es\/wp-json\/wp\/v2\/types\/page"}],"author":[{"embeddable":true,"href":"https:\/\/cm-fronteira.pt\/es\/wp-json\/wp\/v2\/users\/5"}],"replies":[{"embeddable":true,"href":"https:\/\/cm-fronteira.pt\/es\/wp-json\/wp\/v2\/comments?post=22895"}],"version-history":[{"count":22,"href":"https:\/\/cm-fronteira.pt\/es\/wp-json\/wp\/v2\/pages\/22895\/revisions"}],"predecessor-version":[{"id":22923,"href":"https:\/\/cm-fronteira.pt\/es\/wp-json\/wp\/v2\/pages\/22895\/revisions\/22923"}],"up":[{"embeddable":true,"href":"https:\/\/cm-fronteira.pt\/es\/wp-json\/wp\/v2\/pages\/729"}],"wp:attachment":[{"href":"https:\/\/cm-fronteira.pt\/es\/wp-json\/wp\/v2\/media?parent=22895"}],"wp:term":[{"taxonomy":"category","embeddable":true,"href":"https:\/\/cm-fronteira.pt\/es\/wp-json\/wp\/v2\/categories?post=22895"}],"curies":[{"name":"wp","href":"https:\/\/api.w.org\/{rel}","templated":true}]}}