{"id":13966,"date":"2024-05-08T14:31:03","date_gmt":"2024-05-08T14:31:03","guid":{"rendered":"https:\/\/cm-fronteira.pt\/?page_id=13966"},"modified":"2025-11-14T16:04:43","modified_gmt":"2025-11-14T16:04:43","slug":"eleicoes-europeias-2024","status":"publish","type":"page","link":"https:\/\/cm-fronteira.pt\/es\/municipio\/eleicoes\/eleicoes-europeias-2024\/","title":{"rendered":"(Portugu\u00eas) Elei\u00e7\u00f5es Europeias 2024"},"content":{"rendered":"<p class=\"qtranxs-available-languages-message qtranxs-available-languages-message-es\">Disculpa, pero esta entrada est\u00e1 disponible s\u00f3lo en <a href=\"https:\/\/cm-fronteira.pt\/pt\/wp-json\/wp\/v2\/pages\/13966\" class=\"qtranxs-available-language-link qtranxs-available-language-link-pt\" title=\"Portugu\u00eas\">Portugu\u00eas<\/a>.<\/p>","protected":false},"excerpt":{"rendered":"<p>Disculpa, pero esta entrada est\u00e1 disponible s\u00f3lo en Portugu\u00eas.<\/p>\n","protected":false},"author":5,"featured_media":0,"parent":23123,"menu_order":0,"comment_status":"closed","ping_status":"closed","template":"templates-map\/component-text-layout1.php","meta":{"_acf_changed":false,"_exactmetrics_skip_tracking":false,"_exactmetrics_sitenote_active":false,"_exactmetrics_sitenote_note":"","_exactmetrics_sitenote_category":0,"footnotes":""},"categories":[],"class_list":["post-13966","page","type-page","status-publish","hentry"],"acf":[],"_links":{"self":[{"href":"https:\/\/cm-fronteira.pt\/es\/wp-json\/wp\/v2\/pages\/13966","targetHints":{"allow":["GET"]}}],"collection":[{"href":"https:\/\/cm-fronteira.pt\/es\/wp-json\/wp\/v2\/pages"}],"about":[{"href":"https:\/\/cm-fronteira.pt\/es\/wp-json\/wp\/v2\/types\/page"}],"author":[{"embeddable":true,"href":"https:\/\/cm-fronteira.pt\/es\/wp-json\/wp\/v2\/users\/5"}],"replies":[{"embeddable":true,"href":"https:\/\/cm-fronteira.pt\/es\/wp-json\/wp\/v2\/comments?post=13966"}],"version-history":[{"count":11,"href":"https:\/\/cm-fronteira.pt\/es\/wp-json\/wp\/v2\/pages\/13966\/revisions"}],"predecessor-version":[{"id":23134,"href":"https:\/\/cm-fronteira.pt\/es\/wp-json\/wp\/v2\/pages\/13966\/revisions\/23134"}],"up":[{"embeddable":true,"href":"https:\/\/cm-fronteira.pt\/es\/wp-json\/wp\/v2\/pages\/23123"}],"wp:attachment":[{"href":"https:\/\/cm-fronteira.pt\/es\/wp-json\/wp\/v2\/media?parent=13966"}],"wp:term":[{"taxonomy":"category","embeddable":true,"href":"https:\/\/cm-fronteira.pt\/es\/wp-json\/wp\/v2\/categories?post=13966"}],"curies":[{"name":"wp","href":"https:\/\/api.w.org\/{rel}","templated":true}]}}