{"id":1263,"date":"2020-12-04T15:32:41","date_gmt":"2020-12-04T15:32:41","guid":{"rendered":"https:\/\/cm-fronteira.pt\/?page_id=1263"},"modified":"2025-09-05T15:12:17","modified_gmt":"2025-09-05T15:12:17","slug":"fronteiractiva","status":"publish","type":"page","link":"https:\/\/cm-fronteira.pt\/es\/lazer\/eventos-e-atividades-desportivas\/fronteiractiva\/","title":{"rendered":"FronteirActiva"},"content":{"rendered":"<p><\/p>\n<p style=\"text-align: justify\"><strong>FronteirActiva<\/strong> \u00e9 um conjunto de modalidades desportivas promovidas pelo Municipio de Fronteira, dispon\u00edveis e adequadas a cada faixa et\u00e1ria.<\/p>\n<p>&nbsp;<\/p>\n<p><strong>Inscri\u00e7\u00e3o:<\/strong><\/p>\n<p>Balc\u00e3o \u00danico do Municipio de Fronteira<\/p>\n<p>Tel: 245 600 070<\/p>\n<p>&nbsp;<\/p>\n<p><strong>Modalidades:<\/strong><\/p>\n<ul style=\"text-align: justify\">\n<li>Zumba<\/li>\n<li>Pilates<\/li>\n<li>Fitness<\/li>\n<li>Hidrogin\u00e1stica<\/li>\n<li>Nata\u00e7\u00e3o<\/li>\n<\/ul>\n<p style=\"text-align: justify\">\n<p><\/p>","protected":false},"excerpt":{"rendered":"<p>FronteirActiva \u00e9 um conjunto de modalidades desportivas promovidas pelo Municipio de Fronteira, dispon\u00edveis e adequadas a cada faixa et\u00e1ria. &nbsp; Inscri\u00e7\u00e3o: Balc\u00e3o \u00danico do Municipio de Fronteira Tel: 245 600 070 &nbsp; Modalidades: Zumba Pilates Fitness Hidrogin\u00e1stica Nata\u00e7\u00e3o<\/p>\n","protected":false},"author":13,"featured_media":0,"parent":7573,"menu_order":0,"comment_status":"closed","ping_status":"closed","template":"templates-map\/component-text-list-layout1.php","meta":{"_acf_changed":false,"_exactmetrics_skip_tracking":false,"_exactmetrics_sitenote_active":false,"_exactmetrics_sitenote_note":"","_exactmetrics_sitenote_category":0,"footnotes":""},"categories":[],"class_list":["post-1263","page","type-page","status-publish","hentry"],"acf":[],"_links":{"self":[{"href":"https:\/\/cm-fronteira.pt\/es\/wp-json\/wp\/v2\/pages\/1263","targetHints":{"allow":["GET"]}}],"collection":[{"href":"https:\/\/cm-fronteira.pt\/es\/wp-json\/wp\/v2\/pages"}],"about":[{"href":"https:\/\/cm-fronteira.pt\/es\/wp-json\/wp\/v2\/types\/page"}],"author":[{"embeddable":true,"href":"https:\/\/cm-fronteira.pt\/es\/wp-json\/wp\/v2\/users\/13"}],"replies":[{"embeddable":true,"href":"https:\/\/cm-fronteira.pt\/es\/wp-json\/wp\/v2\/comments?post=1263"}],"version-history":[{"count":17,"href":"https:\/\/cm-fronteira.pt\/es\/wp-json\/wp\/v2\/pages\/1263\/revisions"}],"predecessor-version":[{"id":22480,"href":"https:\/\/cm-fronteira.pt\/es\/wp-json\/wp\/v2\/pages\/1263\/revisions\/22480"}],"up":[{"embeddable":true,"href":"https:\/\/cm-fronteira.pt\/es\/wp-json\/wp\/v2\/pages\/7573"}],"wp:attachment":[{"href":"https:\/\/cm-fronteira.pt\/es\/wp-json\/wp\/v2\/media?parent=1263"}],"wp:term":[{"taxonomy":"category","embeddable":true,"href":"https:\/\/cm-fronteira.pt\/es\/wp-json\/wp\/v2\/categories?post=1263"}],"curies":[{"name":"wp","href":"https:\/\/api.w.org\/{rel}","templated":true}]}}