{"id":1228,"date":"2020-09-23T12:46:54","date_gmt":"2020-09-23T12:46:54","guid":{"rendered":"https:\/\/cm-fronteira.pt\/?page_id=1228"},"modified":"2023-10-31T18:06:11","modified_gmt":"2023-10-31T18:06:11","slug":"centro-ecoturistico-da-ribeira-grande","status":"publish","type":"page","link":"https:\/\/cm-fronteira.pt\/es\/lazer\/patrimonio\/centro-ecoturistico-da-ribeira-grande\/","title":{"rendered":"Centro Ecotur\u00edstico da Ribeira Grande"},"content":{"rendered":"<p>&nbsp;<\/p>\n<p style=\"text-align: justify;\">A norte da vila de Fronteira, cerca de 1,5 km, ergue-se uma ponte gran\u00edtica de 10 arcos semicirculares e o seu espa\u00e7o envolvente n\u00e3o deixa ningu\u00e9m indiferente por quem nela passa.<\/p>\n<p style=\"text-align: justify;\">Com um grande curso de \u00e1gua e paisagens verdejantes, este s\u00edtio \u00fanico apresenta importantes pontos de biodiversidade e \u00e9 muitas vezes utilizado como espa\u00e7o de lazer. A oferta completa-se durante os meses de ver\u00e3o com as <a href=\"https:\/\/cm-fronteira.pt\/locais\/piscinas-municipais-descobertas\/?mp=380&amp;mc=10585\"><strong>piscinas municipais descobertas.<\/strong><\/a><\/p>\n<p style=\"text-align: justify;\">Anualmente, em Junho, este espa\u00e7o recebe a <strong>Festa da Juventude<\/strong> como in\u00edcio da abertura da \u00e9poca balnear onde o foco principal \u00e9 a musica e o espet\u00e1culo de pirotecnia.<\/p>\n<p>&nbsp;<\/p>\n<hr \/>\n<p>&nbsp;<\/p>\n\n\t\t<style type=\"text\/css\">\n\t\t\t#gallery-1 {\n\t\t\t\tmargin: auto;\n\t\t\t}\n\t\t\t#gallery-1 .gallery-item {\n\t\t\t\tfloat: left;\n\t\t\t\tmargin-top: 10px;\n\t\t\t\ttext-align: center;\n\t\t\t\twidth: 33%;\n\t\t\t}\n\t\t\t#gallery-1 img {\n\t\t\t\tborder: 2px solid #cfcfcf;\n\t\t\t}\n\t\t\t#gallery-1 .gallery-caption {\n\t\t\t\tmargin-left: 0;\n\t\t\t}\n\t\t\t\/* see gallery_shortcode() in wp-includes\/media.php *\/\n\t\t<\/style>\n\t\t<div id='gallery-1' class='gallery galleryid-1228 gallery-columns-3 gallery-size-thumbnail'><dl class='gallery-item'>\n\t\t\t<dt class='gallery-icon landscape'>\n\t\t\t\t<a href='https:\/\/cm-fronteira.pt\/es\/lazer\/conhecer-fronteira\/1_centro-ecoturistico-ribeira-grande\/'><img decoding=\"async\" width=\"150\" height=\"150\" src=\"https:\/\/cm-fronteira.pt\/wp-content\/uploads\/2021\/07\/1_Centro-Ecoturistico-Ribeira-Grande-150x150-1626444318.jpg\" class=\"attachment-thumbnail size-thumbnail\" alt=\"\" \/><\/a>\n\t\t\t<\/dt><\/dl><dl class='gallery-item'>\n\t\t\t<dt class='gallery-icon landscape'>\n\t\t\t\t<a href='https:\/\/cm-fronteira.pt\/es\/lazer\/patrimonio\/centro-ecoturistico-da-ribeira-grande\/ribeira2_prancheta-1_prancheta-1\/'><img decoding=\"async\" width=\"150\" height=\"150\" src=\"https:\/\/cm-fronteira.pt\/wp-content\/uploads\/2021\/10\/ribeira2_Prancheta-1_Prancheta-1-150x150.png\" class=\"attachment-thumbnail size-thumbnail\" alt=\"\" \/><\/a>\n\t\t\t<\/dt><\/dl><dl class='gallery-item'>\n\t\t\t<dt class='gallery-icon landscape'>\n\t\t\t\t<a href='https:\/\/cm-fronteira.pt\/es\/lazer\/patrimonio\/centro-ecoturistico-da-ribeira-grande\/ribeira1_prancheta-1\/'><img decoding=\"async\" width=\"150\" height=\"150\" src=\"https:\/\/cm-fronteira.pt\/wp-content\/uploads\/2021\/10\/ribeira1_Prancheta-1-150x150.png\" class=\"attachment-thumbnail size-thumbnail\" alt=\"\" \/><\/a>\n\t\t\t<\/dt><\/dl><br style=\"clear: both\" \/><dl class='gallery-item'>\n\t\t\t<dt class='gallery-icon landscape'>\n\t\t\t\t<a href='https:\/\/cm-fronteira.pt\/es\/lazer\/patrimonio\/centro-ecoturistico-da-ribeira-grande\/ribeira4_prancheta-1\/'><img decoding=\"async\" width=\"150\" height=\"150\" src=\"https:\/\/cm-fronteira.pt\/wp-content\/uploads\/2021\/10\/ribeira4_Prancheta-1-150x150.png\" class=\"attachment-thumbnail size-thumbnail\" alt=\"\" \/><\/a>\n\t\t\t<\/dt><\/dl><dl class='gallery-item'>\n\t\t\t<dt class='gallery-icon landscape'>\n\t\t\t\t<a href='https:\/\/cm-fronteira.pt\/es\/eventos\/festa-da-juventude-de-fronteira-2022\/festa-da-juventude_img-destaque-site_2022_prancheta-1\/'><img decoding=\"async\" width=\"150\" height=\"150\" src=\"https:\/\/cm-fronteira.pt\/wp-content\/uploads\/2022\/05\/Festa-da-Juventude_img-destaque-site_2022_Prancheta-1-150x150.png\" class=\"attachment-thumbnail size-thumbnail\" alt=\"\" \/><\/a>\n\t\t\t<\/dt><\/dl><dl class='gallery-item'>\n\t\t\t<dt class='gallery-icon landscape'>\n\t\t\t\t<a href='https:\/\/cm-fronteira.pt\/es\/lazer\/patrimonio\/centro-ecoturistico-da-ribeira-grande\/ribeira3_prancheta-1\/'><img decoding=\"async\" width=\"150\" height=\"150\" src=\"https:\/\/cm-fronteira.pt\/wp-content\/uploads\/2021\/10\/ribeira3_Prancheta-1-150x150.png\" class=\"attachment-thumbnail size-thumbnail\" alt=\"\" \/><\/a>\n\t\t\t<\/dt><\/dl><br style=\"clear: both\" \/>\n\t\t<\/div>\n\n","protected":false},"excerpt":{"rendered":"<p>&nbsp; A norte da vila de Fronteira, cerca de 1,5 km, ergue-se uma ponte gran\u00edtica de 10 arcos semicirculares e o seu espa\u00e7o envolvente n\u00e3o deixa ningu\u00e9m indiferente por quem nela passa. Com um grande curso de \u00e1gua e paisagens verdejantes, este s\u00edtio \u00fanico apresenta importantes pontos de biodiversidade e \u00e9 muitas vezes utilizado como [&hellip;]<\/p>\n","protected":false},"author":13,"featured_media":0,"parent":1226,"menu_order":0,"comment_status":"closed","ping_status":"closed","template":"templates-map\/component-text-layout1.php","meta":{"_acf_changed":false,"_exactmetrics_skip_tracking":false,"_exactmetrics_sitenote_active":false,"_exactmetrics_sitenote_note":"","_exactmetrics_sitenote_category":0,"footnotes":""},"categories":[1],"class_list":["post-1228","page","type-page","status-publish","hentry","category-sem-categoria"],"acf":[],"_links":{"self":[{"href":"https:\/\/cm-fronteira.pt\/es\/wp-json\/wp\/v2\/pages\/1228","targetHints":{"allow":["GET"]}}],"collection":[{"href":"https:\/\/cm-fronteira.pt\/es\/wp-json\/wp\/v2\/pages"}],"about":[{"href":"https:\/\/cm-fronteira.pt\/es\/wp-json\/wp\/v2\/types\/page"}],"author":[{"embeddable":true,"href":"https:\/\/cm-fronteira.pt\/es\/wp-json\/wp\/v2\/users\/13"}],"replies":[{"embeddable":true,"href":"https:\/\/cm-fronteira.pt\/es\/wp-json\/wp\/v2\/comments?post=1228"}],"version-history":[{"count":17,"href":"https:\/\/cm-fronteira.pt\/es\/wp-json\/wp\/v2\/pages\/1228\/revisions"}],"predecessor-version":[{"id":12719,"href":"https:\/\/cm-fronteira.pt\/es\/wp-json\/wp\/v2\/pages\/1228\/revisions\/12719"}],"up":[{"embeddable":true,"href":"https:\/\/cm-fronteira.pt\/es\/wp-json\/wp\/v2\/pages\/1226"}],"wp:attachment":[{"href":"https:\/\/cm-fronteira.pt\/es\/wp-json\/wp\/v2\/media?parent=1228"}],"wp:term":[{"taxonomy":"category","embeddable":true,"href":"https:\/\/cm-fronteira.pt\/es\/wp-json\/wp\/v2\/categories?post=1228"}],"curies":[{"name":"wp","href":"https:\/\/api.w.org\/{rel}","templated":true}]}}