{"id":916,"date":"2020-10-30T15:07:58","date_gmt":"2020-10-30T15:07:58","guid":{"rendered":"https:\/\/cm-fronteira.pt\/?page_id=916"},"modified":"2023-10-31T18:06:30","modified_gmt":"2023-10-31T18:06:30","slug":"politica-de-privacidade","status":"publish","type":"page","link":"https:\/\/cm-fronteira.pt\/de\/politica-de-privacidade\/","title":{"rendered":"Pol\u00edtica de Privacidade"},"content":{"rendered":"<p style=\"text-align: justify;\">O Munic\u00edpio de Fronteira, no \u00e2mbito das suas compet\u00eancias, assegura a gest\u00e3o da plataforma\u00a0<strong><a id=\"LPlnk959978\" href=\"https:\/\/cm-fronteira.pt\/\" target=\"_blank\" rel=\"noopener noreferrer\"><span id=\"LPlnk959978\">www.cm-fronteira.pt<\/span><\/a>,<\/strong> desse modo, encontra-se empenhado em proteger a privacidade dos seus utilizadores adotando as medidas que considera adequadas para assegurar a exatid\u00e3o, integridade e confidencialidade dos dados pessoais, bem como todos os demais direitos que assistem aos respetivos titulares, atuando em conformidade com o Regulamento Geral de Prote\u00e7\u00e3o de Dados, doravante designado de RGPD.<\/p>\n<p style=\"text-align: justify;\">No cumprimento dos princ\u00edpios de transpar\u00eancia e de lealdade, refor\u00e7amos a nossa Pol\u00edtica de Privacidade, na qual descrevemos o tratamento de dados pessoais realizado no \u00e2mbito do acesso e utiliza\u00e7\u00e3o desta plataforma pelo cidad\u00e3o, de modo a cumprir o RGPD e garantir que o tratamento de dados pessoais \u00e9 l\u00edcito, leal, transparente e limitado \u00e0s finalidades. Neste sentido, iremos explicar como s\u00e3o tratados e protegidos os seus dados pessoais e de que forma poder\u00e1 exercer os seus direitos.<\/p>\n<p>&nbsp;<\/p>\n<h3 style=\"text-align: left;\"><span style=\"color: #972621;\">Quem \u00e9 o respons\u00e1vel pelo tratamento de dados pessoais?<\/span><\/h3>\n<p style=\"text-align: justify;\"><strong>A ENCARREGADA DE PROTE\u00c7\u00c3O DE DADOS\u00a0do Munic\u00edpio de Fronteira \u00e9 <em>Maria Jos\u00e9 Valadeiro<\/em><\/strong>, designada pelo <a href=\"https:\/\/cm-fronteira.pt\/?listas_ficheiros=regulamento-encarregado-de-protecao-de-dados\">Despacho n.\u00ba 2555\/2018, de 29 de maio<\/a>.<\/p>\n<p>A Encarregada de Prote\u00e7\u00e3o de dados tem a miss\u00e3o de informar e aconselhar o Munic\u00edpio de\u00a0Fronteira sobre as obriga\u00e7\u00f5es decorrentes do Regulamento Geral sobre a Prote\u00e7\u00e3o de Dados e verificar a aplicabilidade da Pol\u00edtica de Prote\u00e7\u00e3o de Dados, assegurando que os mun\u00edcipes e demais titulares de dados t\u00eam conhecimento da forma como os seus dados pessoais s\u00e3o tratados e quais os direitos que lhe assistem nesta mat\u00e9ria, bem como ser o ponto de contacto do Munic\u00edpio com a Comiss\u00e3o Nacional de Prote\u00e7\u00e3o de Dados.<\/p>\n<p>Os titulares de dados pessoais podem sempre contactar a Encarregado de Prote\u00e7\u00e3o de Dados para esclarecerem todas as quest\u00f5es que considerem pertinentes relacionadas com o tratamento dos seus dados pessoais e exerc\u00edcio dos seus direitos.<\/p>\n<ul style=\"text-align: justify;\">\n<li><strong>Correio eletr\u00f3nico:<\/strong> <a href=\"mailto:rgpd.dpo@cm-fronteira.pt\" target=\"_blank\" rel=\"noopener noreferrer\">rgpd.dpo@cm-fronteira.pt<\/a><\/li>\n<li><strong>Endere\u00e7o Postal:<\/strong> Munic\u00edpio de Fronteira, Pra\u00e7a do Municipio, 7460-110 Fronteira<\/li>\n<li><strong>Presencialmente:<\/strong> C\u00e2mara Municipal (dias \u00fateis, das 9h00 \u00e0s 17h00), recorrendo ao Balc\u00e3o \u00danico.<\/li>\n<\/ul>\n<p>&nbsp;<\/p>\n<h3 style=\"text-align: left;\"><span style=\"color: #972621;\">Quando, como e com que finalidades recolhemos os seus dados?<\/span><\/h3>\n<p style=\"text-align: justify;\">O Munic\u00edpio de Fronteira recolhe e trata os seus dados pessoais de acordo com as seguintes finalidades e fundamentos:<\/p>\n<ul style=\"text-align: justify;\">\n<li><strong>Divulga\u00e7\u00e3o de atividades, servi\u00e7os, not\u00edcias e outras comunica\u00e7\u00f5es.<\/strong><\/li>\n<\/ul>\n<p style=\"text-align: justify;\">Com o consentimento do cidad\u00e3o, o Munic\u00edpio de Fronteira utiliza os seus dados pessoais para lhe fornecer informa\u00e7\u00f5es sobre servi\u00e7os, programas e eventos relacionados com a atividade de interesse municipal atrav\u00e9s de, por exemplo, subscri\u00e7\u00e3o de newsletters. Esta utiliza\u00e7\u00e3o dos dados pessoais do cidad\u00e3o \u00e9 volunt\u00e1ria pelo que, se assim o pretender, pode opor-se ou retirar o seu consentimento a qualquer momento.<\/p>\n<ul style=\"text-align: justify;\">\n<li><strong>Fundamentos da licitude para o tratamento:<\/strong><\/li>\n<\/ul>\n<ol style=\"text-align: justify;\">\n<li>Consentimento do cidad\u00e3o;<\/li>\n<li>Interesse p\u00fablico;<\/li>\n<li>Preenchimento de formul\u00e1rios on-line.<\/li>\n<\/ol>\n<p style=\"text-align: justify;\">O Munic\u00edpio de Fronteira, atrav\u00e9s do Portal do Munic\u00edpio, possibilita o preenchimento e submiss\u00e3o de formul\u00e1rios on-line.<\/p>\n<p>&nbsp;<\/p>\n<h3 style=\"text-align: justify;\"><span style=\"color: #972621;\">Que dados pessoais recolhemos?<\/span><\/h3>\n<p style=\"text-align: justify;\">O Munic\u00edpio de Fronteira procede \u00e0 recolha e ao tratamento dos dados pessoais disponibilizados pelo cidad\u00e3o e necess\u00e1rios \u00e0 presta\u00e7\u00e3o de servi\u00e7os e\/ou atividades relacionadas com as compet\u00eancias e atribui\u00e7\u00f5es do Munic\u00edpio. Podemos recolher ainda alguns dados atrav\u00e9s da utiliza\u00e7\u00e3o de cookies. Os dados que recolhemos dependem do \u00e2mbito das suas intera\u00e7\u00f5es com o Munic\u00edpio de Fronteira, podendo incluir os seguintes:<\/p>\n<ul style=\"text-align: justify;\">\n<li><strong>Identifica\u00e7\u00e3o e dados de contacto<\/strong> \u2013 Nome pr\u00f3prio e apelido, endere\u00e7o de correio eletr\u00f3nico, n\u00famero de telefone.<\/li>\n<\/ul>\n<p>&nbsp;<\/p>\n<h3 style=\"text-align: justify;\"><span style=\"color: #972621;\">Como utilizamos os dados pessoais?<\/span><\/h3>\n<p style=\"text-align: justify;\">O Munic\u00edpio de Fronteira utiliza os dados pessoais recolhidos para gerir a respetiva atividade e para disponibilizar servi\u00e7os ao cidad\u00e3o. A utiliza\u00e7\u00e3o dos dados tamb\u00e9m \u00e9 feita para a melhoria e adequa\u00e7\u00e3o das suas intera\u00e7\u00f5es e processos. Podemos igualmente utilizar os dados para comunicar com o cidad\u00e3o. Por exemplo, para informar acerca da \u00e1rea reservada, atualiza\u00e7\u00f5es de seguran\u00e7a e informa\u00e7\u00f5es de servi\u00e7os ou ainda realizar inqu\u00e9ritos de satisfa\u00e7\u00e3o.<\/p>\n<p>&nbsp;<\/p>\n<h3 style=\"text-align: justify;\"><span style=\"color: #972621;\">Por quanto tempo conservamos os dados pessoais?<\/span><\/h3>\n<p style=\"text-align: justify;\">Os dados pessoais s\u00e3o conservados apenas pelo per\u00edodo de tempo estritamente necess\u00e1rio para:<\/p>\n<ul style=\"text-align: justify;\">\n<li>A presta\u00e7\u00e3o de servi\u00e7os e atividades de acordo com as compet\u00eancias do Munic\u00edpio na prossecu\u00e7\u00e3o do interesse p\u00fablico;<\/li>\n<li>O cumprimento das obriga\u00e7\u00f5es legais por parte do Munic\u00edpio de Fronteira;<\/li>\n<li>A prossecu\u00e7\u00e3o das finalidades da recolha ou do tratamento das opera\u00e7\u00f5es supra identificadas;<\/li>\n<li>Permitir o exerc\u00edcio dos direitos dos titulares e o cumprimento das obriga\u00e7\u00f5es correspondentes.<\/li>\n<\/ul>\n<p style=\"text-align: justify;\">Os per\u00edodos de conserva\u00e7\u00e3o dos dados pessoais s\u00e3o definidos de acordo com os processos de neg\u00f3cio a que dizem respeito. Para tal, h\u00e1 que considerar a respetiva legisla\u00e7\u00e3o e a Portaria de Gest\u00e3o Documental das Autarquias Locais.<\/p>\n<p>&nbsp;<\/p>\n<h3 style=\"text-align: justify;\"><span style=\"color: #972621;\">Como poder\u00e1 aceder, retificar ou opor-se ao tratamento dos seus dados pessoais?<\/span><\/h3>\n<p style=\"text-align: justify;\">Nos termos do RGPD, \u00e9 garantido ao titular dos dados o direito de acesso, atualiza\u00e7\u00e3o, retifica\u00e7\u00e3o ou elimina\u00e7\u00e3o dos seus dados pessoais, bem como o direito de portabilidade, limita\u00e7\u00e3o e oposi\u00e7\u00e3o ao tratamento dos mesmos, a qualquer momento atrav\u00e9s dos seguintes canais:<\/p>\n<ul style=\"text-align: justify;\">\n<li><strong>Correio eletr\u00f3nico:<\/strong> <a href=\"mailto:rgpd.dpo@cm-fronteira.pt\" target=\"_blank\" rel=\"noopener noreferrer\">rgpd.dpo@cm-fronteira.pt<\/a><\/li>\n<li><strong>Presencialmente:<\/strong> C\u00e2mara Municipal (dias \u00fateis, das 9h00 \u00e0s 17h00), recorrendo ao Balc\u00e3o \u00danico;<\/li>\n<\/ul>\n<p style=\"text-align: justify;\">O cidad\u00e3o tamb\u00e9m tem o direito de apresentar uma reclama\u00e7\u00e3o \u00e0 Comiss\u00e3o Nacional de Prote\u00e7\u00e3o de Dados, se entender que os seus direitos sobre os seus dados pessoais foram infringidos. Adicionalmente, o Munic\u00edpio de Fronteira disp\u00f5e de um Encarregado para a Prote\u00e7\u00e3o dos Dados Pessoais (EPD) que tem a fun\u00e7\u00e3o de controlar a conformidade da presente pol\u00edtica com o RGPD. Pode contactar o EPD sobre qualquer quest\u00e3o relacionada com a presente pol\u00edtica de privacidade atrav\u00e9s do e-mail : <a href=\"mailto:rgpd.dpo@cm-fronteira.pt\" target=\"_blank\" rel=\"noopener noreferrer\">rgpd.dpo@cm-fronteira.pt<\/a><\/p>\n<p>&nbsp;<\/p>\n<h3 style=\"text-align: justify;\"><span style=\"color: #972621;\">Seguran\u00e7a dos Dados Pessoais<\/span><\/h3>\n<p style=\"text-align: justify;\">O Munic\u00edpio de Fronteira compromete-se a p\u00f4r em pr\u00e1tica as medidas t\u00e9cnicas e organizativas adequadas para proteger os dados pessoais dos cidad\u00e3os contra a sua destrui\u00e7\u00e3o, acidental ou il\u00edcita, a perda acidental, a altera\u00e7\u00e3o, a difus\u00e3o ou o acesso n\u00e3o autorizado. Considera-se aplicado um n\u00edvel de seguran\u00e7a adequado em rela\u00e7\u00e3o aos riscos que o tratamento apresenta e face \u00e0 natureza dos dados a proteger. Nos termos da lei, o Munic\u00edpio de Fronteira adotou as medidas necess\u00e1rias para assegurar que os dados facultados sejam protegidos contra o acesso ou utiliza\u00e7\u00e3o por parte de terceiros n\u00e3o autorizados. O Munic\u00edpio de Fronteira compromete-se a assegurar a privacidade dos cidad\u00e3os. O Munic\u00edpio de Fronteira n\u00e3o vende nem aluga a terceiros qualquer dado pessoal enviado pelos cidad\u00e3os.<\/p>\n<p>&nbsp;<\/p>\n<h3 style=\"text-align: justify;\"><span style=\"color: #972621;\">Em que circunst\u00e2ncias existe comunica\u00e7\u00e3o de dados a outras entidades (terceiros e subcontratados)?<\/span><\/h3>\n<p style=\"text-align: justify;\">O Munic\u00edpio de Fronteira, no \u00e2mbito da sua atividade, poder\u00e1 recorrer a terceiros para a presta\u00e7\u00e3o de determinados servi\u00e7os. Por vezes, a presta\u00e7\u00e3o destes servi\u00e7os implica o acesso, por parte destas entidades, a dados pessoais dos cidad\u00e3os. Quando tal sucede, o Munic\u00edpio de Fronteira toma as medidas adequadas de forma a assegurar que as entidades que tenham acesso aos dados s\u00e3o reputadas e oferecem as mais elevadas garantias a este n\u00edvel. Assim, qualquer entidade subcontratada tratar\u00e1 os dados pessoais dos cidad\u00e3os em nome e por conta do Munic\u00edpio, na obriga\u00e7\u00e3o de adotar as medidas t\u00e9cnicas e organizacionais necess\u00e1rias \u00e0 prote\u00e7\u00e3o dos dados pessoais contra a destrui\u00e7\u00e3o, acidental ou il\u00edcita, a perda acidental, a altera\u00e7\u00e3o, a difus\u00e3o ou o acesso n\u00e3o autorizado e contra qualquer outra forma de tratamento il\u00edcito. Em qualquer dos casos, o Munic\u00edpio de Fronteira, permanece respons\u00e1vel pelos dados pessoais que os cidad\u00e3os nos disponibilizam.<\/p>\n<p>&nbsp;<\/p>\n<h3 style=\"text-align: justify;\"><span style=\"color: #972621;\">Como usamos os Cookies?<\/span><\/h3>\n<p style=\"text-align: justify;\">Para saber mais sobre cookies e como o Munic\u00edpio de Fronteira os usa no seu website, consulte a nossa Pol\u00edtica de Cookies.<\/p>\n<p>&nbsp;<\/p>\n<h3 style=\"text-align: justify;\"><span style=\"color: #972621;\">Como pode ficar a conhecer quaisquer altera\u00e7\u00f5es \u00e0 Pol\u00edtica de Privacidade?<\/span><\/h3>\n<p style=\"text-align: justify;\">O Munic\u00edpio de Fronteira reserva-se o direito de, a qualquer momento, proceder a reajustamentos ou altera\u00e7\u00f5es \u00e0 presente Pol\u00edtica de Privacidade, sendo essas altera\u00e7\u00f5es devidamente publicitadas no Portal do Munic\u00edpio.<\/p>\n<p>&nbsp;<\/p>\n<h3 style=\"text-align: justify;\"><span style=\"color: #972621;\">A quem se aplica esta pol\u00edtica?<\/span><\/h3>\n<p style=\"text-align: justify;\">A Pol\u00edtica de Privacidade aplica-se a todos os visitantes do Portal do Munic\u00edpio de Fronteira.<\/p>\n<p>&nbsp;<\/p>\n<h3 style=\"text-align: justify;\"><span style=\"color: #972621;\">Pol\u00edtica de Cookies<\/span><\/h3>\n<p style=\"text-align: justify;\">Este Portal utiliza cookies. Ao continuar a navegar no Portal de Servi\u00e7os Online concorda com a Pol\u00edtica de Cookies do Munic\u00edpio de Fronteira.<\/p>\n<p>&nbsp;<\/p>\n<h3 style=\"text-align: justify;\"><span style=\"color: #972621;\">O que s\u00e3o Cookies?<\/span><\/h3>\n<p style=\"text-align: justify;\">Um cookie (testemunho de conex\u00e3o) \u00e9 um fragmento de dados que um website coloca no seu dispositivo para armazenar informa\u00e7\u00e3o relacionada com as suas prefer\u00eancias.<\/p>\n<p>&nbsp;<\/p>\n<h3 style=\"text-align: justify;\"><span style=\"color: #972621;\">Para que servem os Cookies?<\/span><\/h3>\n<p style=\"text-align: justify;\">Os cookies recolhem informa\u00e7\u00f5es gen\u00e9ricas, designadamente a forma como encontra e utiliza o website, o tipo de dispositivo que utiliza e outras informa\u00e7\u00f5es relevantes que permitem disponibilizar corretamente e adaptar todos os componentes do website ou preencher automaticamente dados.<\/p>\n<p style=\"text-align: justify;\"><strong>Quais os tipos de Cookies utilizados pelo Portal \u201c<a href=\"http:\/\/www.cm-frontera.pt\/\" target=\"_blank\" rel=\"noopener noreferrer\">www.cm-fronteira.pt<\/a>&#8221; porqu\u00ea?<\/strong><\/p>\n<p style=\"text-align: justify;\">O Portal\u00a0<a href=\"http:\/\/www.cm-frontera.pt\/\" target=\"_blank\" rel=\"noopener noreferrer\">www.cm-fronteira.pt<\/a> utiliza diferentes tipos de cookies, conforme a seguir descrito:<\/p>\n<ul style=\"text-align: justify;\">\n<li><strong>Cookiesessenciais<\/strong> \u2013 alguns cookies s\u00e3o essenciais para aceder a \u00e1reas espec\u00edficas, permitindo a navega\u00e7\u00e3o e a utiliza\u00e7\u00e3o das suas aplica\u00e7\u00f5es, atrav\u00e9s de login;<\/li>\n<\/ul>\n<p style=\"text-align: justify;\">Quanto \u00e0 validade s\u00e3o utilizados dois tipos de cookies:<\/p>\n<ul style=\"text-align: justify;\">\n<li><strong>Cookiespermanentes<\/strong> \u2013 s\u00e3o cookies que ficam armazenados nos dispositivos (computador, telem\u00f3vel ou tablet), ao n\u00edvel do navegador de internet (browser) e s\u00e3o usados sempre que o utilizador visita novamente o Portal. Em geral, s\u00e3o usados para direcionar a navega\u00e7\u00e3o de acordo com os interesses do utilizador, permitindo ao Munic\u00edpio prestar um servi\u00e7o mais adequado;<\/li>\n<li><strong>Cookies de sess\u00e3o<\/strong> \u2013 s\u00e3o cookies tempor\u00e1rios que s\u00e3o gerados e est\u00e3o dispon\u00edveis at\u00e9 o utilizador encerrar a sess\u00e3o. Da pr\u00f3xima vez que o utilizador aceder ao seu navegador de internet (browser) os cookies j\u00e1 n\u00e3o estar\u00e3o armazenados. A informa\u00e7\u00e3o obtida permite gerir as sess\u00f5es, identificar problemas e fornecer uma melhor experi\u00eancia de navega\u00e7\u00e3o.<\/li>\n<\/ul>\n<p style=\"text-align: justify;\"><strong>Para quaisquer quest\u00f5es sobre a Pol\u00edtica de Cookies por favor contactar <\/strong><\/p>\n<p style=\"text-align: justify;\"><a href=\"mailto:rgpd.dpo@cm-fronteira.pt\" target=\"_blank\" rel=\"noopener noreferrer\">rgpd.dpo@cm-fronteira.pt<\/a><\/p>\n<p>&nbsp;<\/p>\n<h3 style=\"text-align: justify;\"><span style=\"color: #972621;\">O uso de cookies pode ser bloqueado?<\/span><\/h3>\n<p style=\"text-align: justify;\">Sim. Se n\u00e3o quiser que o Portal armazene cookies, a qualquer momento pode, atrav\u00e9s do seu navegador de internet (browser), recusar ou apagar os mesmos. Tenha em aten\u00e7\u00e3o que a recusa de utiliza\u00e7\u00e3o de cookies do Portal poder\u00e1 afetar, parcial ou totalmente, a sua navega\u00e7\u00e3o.<\/p>\n<p style=\"text-align: justify;\">Para mais informa\u00e7\u00f5es sobre cookies e sobre como impedir que estes sejam instalados ou como apagar os existentes nos seus dispositivos, o utilizador poder\u00e1 visitar o seguinte website: <a href=\"http:\/\/www.allaboutcookies.org\/\" target=\"_blank\" rel=\"noopener noreferrer\">http:\/\/www.allaboutcookies.org<\/a>.<\/p>\n<p style=\"text-align: justify;\">Pode encontrar a informa\u00e7\u00e3o acerca do controlo de cookies de acordo com o seu navegador de internet nos seguintes endere\u00e7os:<\/p>\n<ul>\n<li style=\"text-align: left;\">Internet Explorer\u00a0<a href=\"http:\/\/support.microsoft.com\/kb\/278835\" target=\"_blank\" rel=\"noopener noreferrer\">http:\/\/support.microsoft.com\/kb\/278835<\/a><\/li>\n<li style=\"text-align: left;\">Chrome\u00a0<a href=\"https:\/\/www.google.com\/chrome\/intl\/en-GB\/more\/privacy.html\" target=\"_blank\" rel=\"noopener noreferrer\">https:\/\/www.google.com\/chrome\/intl\/en-GB\/more\/privacy.html<\/a><\/li>\n<li style=\"text-align: left;\">Firefox\u00a0<a href=\"http:\/\/support.mozilla.org\/en-US\/kb\/Clear%20Recent%20History\" target=\"_blank\" rel=\"noopener noreferrer\">http:\/\/support.mozilla.org\/en-US\/kb\/Clear%20Recent%20History<\/a><\/li>\n<li style=\"text-align: left;\">Safari\u00a0<a href=\"http:\/\/support.apple.com\/kb\/PH5042\" target=\"_blank\" rel=\"noopener noreferrer\">http:\/\/support.apple.com\/kb\/PH5042<\/a><\/li>\n<li style=\"text-align: left;\">Opera\u00a0<a href=\"http:\/\/www.opera.com\/browser\/tutorials\/security\/privacy\/\" target=\"_blank\" rel=\"noopener noreferrer\">http:\/\/www.opera.com\/browser\/tutorials\/security\/privacy\/<\/a><\/li>\n<\/ul>\n","protected":false},"excerpt":{"rendered":"<p>O Munic\u00edpio de Fronteira, no \u00e2mbito das suas compet\u00eancias, assegura a gest\u00e3o da plataforma\u00a0www.cm-fronteira.pt, desse modo, encontra-se empenhado em proteger a privacidade dos seus utilizadores adotando as medidas que considera adequadas para assegurar a exatid\u00e3o, integridade e confidencialidade dos dados pessoais, bem como todos os demais direitos que assistem aos respetivos titulares, atuando em conformidade [&hellip;]<\/p>\n","protected":false},"author":13,"featured_media":0,"parent":0,"menu_order":0,"comment_status":"closed","ping_status":"closed","template":"templates-map\/component-text-layout1.php","meta":{"_acf_changed":false,"_exactmetrics_skip_tracking":false,"_exactmetrics_sitenote_active":false,"_exactmetrics_sitenote_note":"","_exactmetrics_sitenote_category":0,"footnotes":""},"categories":[],"class_list":["post-916","page","type-page","status-publish","hentry"],"acf":[],"_links":{"self":[{"href":"https:\/\/cm-fronteira.pt\/de\/wp-json\/wp\/v2\/pages\/916","targetHints":{"allow":["GET"]}}],"collection":[{"href":"https:\/\/cm-fronteira.pt\/de\/wp-json\/wp\/v2\/pages"}],"about":[{"href":"https:\/\/cm-fronteira.pt\/de\/wp-json\/wp\/v2\/types\/page"}],"author":[{"embeddable":true,"href":"https:\/\/cm-fronteira.pt\/de\/wp-json\/wp\/v2\/users\/13"}],"replies":[{"embeddable":true,"href":"https:\/\/cm-fronteira.pt\/de\/wp-json\/wp\/v2\/comments?post=916"}],"version-history":[{"count":91,"href":"https:\/\/cm-fronteira.pt\/de\/wp-json\/wp\/v2\/pages\/916\/revisions"}],"predecessor-version":[{"id":12798,"href":"https:\/\/cm-fronteira.pt\/de\/wp-json\/wp\/v2\/pages\/916\/revisions\/12798"}],"wp:attachment":[{"href":"https:\/\/cm-fronteira.pt\/de\/wp-json\/wp\/v2\/media?parent=916"}],"wp:term":[{"taxonomy":"category","embeddable":true,"href":"https:\/\/cm-fronteira.pt\/de\/wp-json\/wp\/v2\/categories?post=916"}],"curies":[{"name":"wp","href":"https:\/\/api.w.org\/{rel}","templated":true}]}}