{"id":8266,"date":"2021-07-08T15:12:44","date_gmt":"2021-07-08T15:12:44","guid":{"rendered":"https:\/\/cm-fronteira.pt\/?page_id=8266"},"modified":"2025-01-08T18:20:36","modified_gmt":"2025-01-08T18:20:36","slug":"conhecer-fronteira","status":"publish","type":"page","link":"https:\/\/cm-fronteira.pt\/de\/lazer\/conhecer-fronteira\/","title":{"rendered":"Conhecer Fronteira"},"content":{"rendered":"<p>&nbsp;<\/p>\n<p class=\"Normal tm5 tm6\" style=\"text-align: justify;\">Com um tra\u00e7o tipicamente alentejano, <strong>o concelho de Fronteira est\u00e1 subdividido em tr\u00eas freguesias, Fronteira, Cabe\u00e7o de Vide e S\u00e3o Saturnino.<\/strong> Cada uma com a sua beleza e encanto, na oferta tur\u00edstica Cabe\u00e7o de Vide apresenta diversidade, desde o seu centro hist\u00f3rico at\u00e9 \u00e0s Termas da Sulf\u00farea, famosas pela sua \u00e1gua com caracter\u00edsticas \u00fanicas no pa\u00eds.<\/p>\n<p class=\"Normal tm5 tm6\" style=\"text-align: justify;\">Com in\u00fameros monumentos megal\u00edticos com mais de 10 mil anos, os vest\u00edgios de ocupa\u00e7\u00e3o humana na localidade de Fronteira est\u00e3o representados pelas, aproximadamente, 30 antas e os d\u00f3lmenes da Necr\u00f3pole Megal\u00edtica da Herdade Grande ou as rochas gravadas da Herdade dos Pintos.<\/p>\n<p class=\"Normal tm5 tm6\" style=\"text-align: justify;\">Fundada no reinado de D. Dinis, o registo hist\u00f3rico da vila de Fronteira est\u00e1 saliente ainda em algumas ru\u00ednas do que foi outrora um Castelo. Mas a sua marca na hist\u00f3ria \u00e9 mais vis\u00edvel com o Centro de Interpreta\u00e7\u00e3o da Batalha de atoleiros que tem como miss\u00e3o dar a conhecer ao grande p\u00fablico a hist\u00f3ria da batalha e o papel de Nuno \u00c1lvares Pereira no desenrolar dos acontecimentos da crise din\u00e1stica de 1383-1385.<\/p>\n<p class=\"Normal tm5 tm6\" style=\"text-align: justify;\">Em paragem por Fronteira a paisagem natural do Centro Ecotur\u00edstico da Ribeira Grande e o patrim\u00f3nio saltam \u00e0 vista, desde as Igrejas, Pa\u00e7os do Concelho at\u00e9 \u00e0 antiga Esta\u00e7\u00e3o de Caminho-de-Ferro, com os seus pain\u00e9is de azulejos, onde acolhe um dos pontos da Ecopista Atoleiros \u2013 Sulf\u00farea.<\/p>\n","protected":false},"excerpt":{"rendered":"<p>&nbsp; Com um tra\u00e7o tipicamente alentejano, o concelho de Fronteira est\u00e1 subdividido em tr\u00eas freguesias, Fronteira, Cabe\u00e7o de Vide e S\u00e3o Saturnino. Cada uma com a sua beleza e encanto, na oferta tur\u00edstica Cabe\u00e7o de Vide apresenta diversidade, desde o seu centro hist\u00f3rico at\u00e9 \u00e0s Termas da Sulf\u00farea, famosas pela sua \u00e1gua com caracter\u00edsticas \u00fanicas [&hellip;]<\/p>\n","protected":false},"author":5,"featured_media":0,"parent":375,"menu_order":0,"comment_status":"closed","ping_status":"closed","template":"templates-map\/component-text-layout1.php","meta":{"_acf_changed":false,"_exactmetrics_skip_tracking":false,"_exactmetrics_sitenote_active":false,"_exactmetrics_sitenote_note":"","_exactmetrics_sitenote_category":0,"footnotes":""},"categories":[1],"class_list":["post-8266","page","type-page","status-publish","hentry","category-sem-categoria"],"acf":[],"_links":{"self":[{"href":"https:\/\/cm-fronteira.pt\/de\/wp-json\/wp\/v2\/pages\/8266","targetHints":{"allow":["GET"]}}],"collection":[{"href":"https:\/\/cm-fronteira.pt\/de\/wp-json\/wp\/v2\/pages"}],"about":[{"href":"https:\/\/cm-fronteira.pt\/de\/wp-json\/wp\/v2\/types\/page"}],"author":[{"embeddable":true,"href":"https:\/\/cm-fronteira.pt\/de\/wp-json\/wp\/v2\/users\/5"}],"replies":[{"embeddable":true,"href":"https:\/\/cm-fronteira.pt\/de\/wp-json\/wp\/v2\/comments?post=8266"}],"version-history":[{"count":16,"href":"https:\/\/cm-fronteira.pt\/de\/wp-json\/wp\/v2\/pages\/8266\/revisions"}],"predecessor-version":[{"id":21632,"href":"https:\/\/cm-fronteira.pt\/de\/wp-json\/wp\/v2\/pages\/8266\/revisions\/21632"}],"up":[{"embeddable":true,"href":"https:\/\/cm-fronteira.pt\/de\/wp-json\/wp\/v2\/pages\/375"}],"wp:attachment":[{"href":"https:\/\/cm-fronteira.pt\/de\/wp-json\/wp\/v2\/media?parent=8266"}],"wp:term":[{"taxonomy":"category","embeddable":true,"href":"https:\/\/cm-fronteira.pt\/de\/wp-json\/wp\/v2\/categories?post=8266"}],"curies":[{"name":"wp","href":"https:\/\/api.w.org\/{rel}","templated":true}]}}