{"id":589,"date":"2020-10-28T15:39:42","date_gmt":"2020-10-28T15:39:42","guid":{"rendered":"https:\/\/cm-fronteira.pt\/?page_id=589"},"modified":"2023-10-31T18:06:18","modified_gmt":"2023-10-31T18:06:18","slug":"comissao-municipal-de-gestao-integrada-de-fogos-rurais","status":"publish","type":"page","link":"https:\/\/cm-fronteira.pt\/de\/municipio\/conselhos-e-comissoes-municipais\/comissao-municipal-de-gestao-integrada-de-fogos-rurais\/","title":{"rendered":"Comiss\u00e3o Municipal de Gest\u00e3o Integrada de Fogos Rurais"},"content":{"rendered":"<p style=\"text-align: justify;\">&#8220;O XXII Governo Constitucional comprometeu -se a implementar o sistema nacional de gest\u00e3o integrada de fogos rurais, concretizado no Plano Nacional de Gest\u00e3o Integrada de Fogos Rurais (PNGIFR), aprovado atrav\u00e9s da Resolu\u00e7\u00e3o do Conselho de Ministros n.\u00ba 45 -A\/2020, de 16 de junho, definindo um modelo de articula\u00e7\u00e3o horizontal de todas as entidades participantes na preven\u00e7\u00e3o estrutural, nos sistemas de autoprote\u00e7\u00e3o de pessoas e infraestruturas, nos mecanismos de apoio \u00e0 decis\u00e3o, no dispositivo de combate aos inc\u00eandios rurais e na recupera\u00e7\u00e3o de \u00e1reas ardidas.&#8221; <a href=\"https:\/\/dre.pt\/dre\/detalhe\/decreto-lei\/82-2021-172745163\" target=\"_blank\" rel=\"noopener\">Decreto-Lei n.\u00ba 82\/2021 de 13 de outubro<\/a><\/p>\n<p>&nbsp;<\/p>\n<p>&nbsp;<\/p>\n","protected":false},"excerpt":{"rendered":"<p>&#8220;O XXII Governo Constitucional comprometeu -se a implementar o sistema nacional de gest\u00e3o integrada de fogos rurais, concretizado no Plano Nacional de Gest\u00e3o Integrada de Fogos Rurais (PNGIFR), aprovado atrav\u00e9s da Resolu\u00e7\u00e3o do Conselho de Ministros n.\u00ba 45 -A\/2020, de 16 de junho, definindo um modelo de articula\u00e7\u00e3o horizontal de todas as entidades participantes na [&hellip;]<\/p>\n","protected":false},"author":13,"featured_media":0,"parent":579,"menu_order":0,"comment_status":"closed","ping_status":"closed","template":"templates-map\/component-file-gallery-layout1.php","meta":{"_acf_changed":false,"_exactmetrics_skip_tracking":false,"_exactmetrics_sitenote_active":false,"_exactmetrics_sitenote_note":"","_exactmetrics_sitenote_category":0,"footnotes":""},"categories":[],"class_list":["post-589","page","type-page","status-publish","hentry"],"acf":[],"_links":{"self":[{"href":"https:\/\/cm-fronteira.pt\/de\/wp-json\/wp\/v2\/pages\/589","targetHints":{"allow":["GET"]}}],"collection":[{"href":"https:\/\/cm-fronteira.pt\/de\/wp-json\/wp\/v2\/pages"}],"about":[{"href":"https:\/\/cm-fronteira.pt\/de\/wp-json\/wp\/v2\/types\/page"}],"author":[{"embeddable":true,"href":"https:\/\/cm-fronteira.pt\/de\/wp-json\/wp\/v2\/users\/13"}],"replies":[{"embeddable":true,"href":"https:\/\/cm-fronteira.pt\/de\/wp-json\/wp\/v2\/comments?post=589"}],"version-history":[{"count":13,"href":"https:\/\/cm-fronteira.pt\/de\/wp-json\/wp\/v2\/pages\/589\/revisions"}],"predecessor-version":[{"id":12748,"href":"https:\/\/cm-fronteira.pt\/de\/wp-json\/wp\/v2\/pages\/589\/revisions\/12748"}],"up":[{"embeddable":true,"href":"https:\/\/cm-fronteira.pt\/de\/wp-json\/wp\/v2\/pages\/579"}],"wp:attachment":[{"href":"https:\/\/cm-fronteira.pt\/de\/wp-json\/wp\/v2\/media?parent=589"}],"wp:term":[{"taxonomy":"category","embeddable":true,"href":"https:\/\/cm-fronteira.pt\/de\/wp-json\/wp\/v2\/categories?post=589"}],"curies":[{"name":"wp","href":"https:\/\/api.w.org\/{rel}","templated":true}]}}